{"id":1189,"date":"2020-08-28T15:55:37","date_gmt":"2020-08-28T13:55:37","guid":{"rendered":"https:\/\/fempowerment.se\/?page_id=1189"},"modified":"2020-08-28T16:23:15","modified_gmt":"2020-08-28T14:23:15","slug":"heder","status":"publish","type":"page","link":"https:\/\/fempowerment.se\/ar\/heder\/","title":{"rendered":"Heder"},"content":{"rendered":"","protected":false},"excerpt":{"rendered":"","protected":false},"author":1,"featured_media":0,"parent":0,"menu_order":0,"comment_status":"closed","ping_status":"closed","template":"","meta":[],"yoast_head":"<!-- This site is optimized with the Yoast SEO plugin v20.13 - https:\/\/yoast.com\/wordpress\/plugins\/seo\/ -->\n<title>Heder - Fempowerment.se<\/title>\n<meta name=\"robots\" content=\"index, follow, max-snippet:-1, max-image-preview:large, max-video-preview:-1\" \/>\n<link rel=\"canonical\" href=\"https:\/\/fempowerment.se\/ar\/heder\/\" \/>\n<meta property=\"og:locale\" content=\"ar_AR\" \/>\n<meta property=\"og:type\" content=\"article\" \/>\n<meta property=\"og:title\" content=\"Heder - Fempowerment.se\" \/>\n<meta property=\"og:url\" content=\"https:\/\/fempowerment.se\/ar\/heder\/\" \/>\n<meta property=\"og:site_name\" content=\"Fempowerment.se\" \/>\n<meta property=\"article:modified_time\" content=\"2020-08-28T14:23:15+00:00\" \/>\n<meta name=\"twitter:card\" content=\"summary_large_image\" \/>\n<script type=\"application\/ld+json\" class=\"yoast-schema-graph\">{\"@context\":\"https:\/\/schema.org\",\"@graph\":[{\"@type\":\"WebPage\",\"@id\":\"https:\/\/fempowerment.se\/ar\/heder\/\",\"url\":\"https:\/\/fempowerment.se\/ar\/heder\/\",\"name\":\"Heder - Fempowerment.se\",\"isPartOf\":{\"@id\":\"https:\/\/fempowerment.se\/ar\/#website\"},\"datePublished\":\"2020-08-28T13:55:37+00:00\",\"dateModified\":\"2020-08-28T14:23:15+00:00\",\"breadcrumb\":{\"@id\":\"https:\/\/fempowerment.se\/ar\/heder\/#breadcrumb\"},\"inLanguage\":\"ar\",\"potentialAction\":[{\"@type\":\"ReadAction\",\"target\":[\"https:\/\/fempowerment.se\/ar\/heder\/\"]}]},{\"@type\":\"BreadcrumbList\",\"@id\":\"https:\/\/fempowerment.se\/ar\/heder\/#breadcrumb\",\"itemListElement\":[{\"@type\":\"ListItem\",\"position\":1,\"name\":\"Hem\",\"item\":\"https:\/\/fempowerment.se\/ar\/\"},{\"@type\":\"ListItem\",\"position\":2,\"name\":\"Heder\"}]},{\"@type\":\"WebSite\",\"@id\":\"https:\/\/fempowerment.se\/ar\/#website\",\"url\":\"https:\/\/fempowerment.se\/ar\/\",\"name\":\"Fempowerment.se\",\"description\":\"Kvinno- och st\u00f6djouren Fempowerment st\u00f6djer, hj\u00e4lper och erbjuder gratis juridisk r\u00e5dgivning p\u00e5 olika spr\u00e5k till v\u00e5ldsutsatta kvinnor, tjejer och ickebin\u00e4ra.\",\"publisher\":{\"@id\":\"https:\/\/fempowerment.se\/ar\/#organization\"},\"potentialAction\":[{\"@type\":\"SearchAction\",\"target\":{\"@type\":\"EntryPoint\",\"urlTemplate\":\"https:\/\/fempowerment.se\/ar\/?s={search_term_string}\"},\"query-input\":\"required name=search_term_string\"}],\"inLanguage\":\"ar\"},{\"@type\":\"Organization\",\"@id\":\"https:\/\/fempowerment.se\/ar\/#organization\",\"name\":\"Fempowerment.se\",\"url\":\"https:\/\/fempowerment.se\/ar\/\",\"logo\":{\"@type\":\"ImageObject\",\"inLanguage\":\"ar\",\"@id\":\"https:\/\/fempowerment.se\/ar\/#\/schema\/logo\/image\/\",\"url\":\"https:\/\/fempowerment.se\/wp-content\/uploads\/2019\/12\/Fpower_3_vit-1-e1576083389343.png\",\"contentUrl\":\"https:\/\/fempowerment.se\/wp-content\/uploads\/2019\/12\/Fpower_3_vit-1-e1576083389343.png\",\"width\":263,\"height\":36,\"caption\":\"Fempowerment.se\"},\"image\":{\"@id\":\"https:\/\/fempowerment.se\/ar\/#\/schema\/logo\/image\/\"}}]}<\/script>\n<!-- \/ Yoast SEO plugin. -->","yoast_head_json":{"title":"Heder - Fempowerment.se","robots":{"index":"index","follow":"follow","max-snippet":"max-snippet:-1","max-image-preview":"max-image-preview:large","max-video-preview":"max-video-preview:-1"},"canonical":"https:\/\/fempowerment.se\/ar\/heder\/","og_locale":"ar_AR","og_type":"article","og_title":"Heder - Fempowerment.se","og_url":"https:\/\/fempowerment.se\/ar\/heder\/","og_site_name":"Fempowerment.se","article_modified_time":"2020-08-28T14:23:15+00:00","twitter_card":"summary_large_image","schema":{"@context":"https:\/\/schema.org","@graph":[{"@type":"WebPage","@id":"https:\/\/fempowerment.se\/ar\/heder\/","url":"https:\/\/fempowerment.se\/ar\/heder\/","name":"Heder - Fempowerment.se","isPartOf":{"@id":"https:\/\/fempowerment.se\/ar\/#website"},"datePublished":"2020-08-28T13:55:37+00:00","dateModified":"2020-08-28T14:23:15+00:00","breadcrumb":{"@id":"https:\/\/fempowerment.se\/ar\/heder\/#breadcrumb"},"inLanguage":"ar","potentialAction":[{"@type":"ReadAction","target":["https:\/\/fempowerment.se\/ar\/heder\/"]}]},{"@type":"BreadcrumbList","@id":"https:\/\/fempowerment.se\/ar\/heder\/#breadcrumb","itemListElement":[{"@type":"ListItem","position":1,"name":"Hem","item":"https:\/\/fempowerment.se\/ar\/"},{"@type":"ListItem","position":2,"name":"Heder"}]},{"@type":"WebSite","@id":"https:\/\/fempowerment.se\/ar\/#website","url":"https:\/\/fempowerment.se\/ar\/","name":"Fempowerment.se","description":"Kvinno- och st\u00f6djouren Fempowerment st\u00f6djer, hj\u00e4lper och erbjuder gratis juridisk r\u00e5dgivning p\u00e5 olika spr\u00e5k till v\u00e5ldsutsatta kvinnor, tjejer och ickebin\u00e4ra.","publisher":{"@id":"https:\/\/fempowerment.se\/ar\/#organization"},"potentialAction":[{"@type":"SearchAction","target":{"@type":"EntryPoint","urlTemplate":"https:\/\/fempowerment.se\/ar\/?s={search_term_string}"},"query-input":"required name=search_term_string"}],"inLanguage":"ar"},{"@type":"Organization","@id":"https:\/\/fempowerment.se\/ar\/#organization","name":"Fempowerment.se","url":"https:\/\/fempowerment.se\/ar\/","logo":{"@type":"ImageObject","inLanguage":"ar","@id":"https:\/\/fempowerment.se\/ar\/#\/schema\/logo\/image\/","url":"https:\/\/fempowerment.se\/wp-content\/uploads\/2019\/12\/Fpower_3_vit-1-e1576083389343.png","contentUrl":"https:\/\/fempowerment.se\/wp-content\/uploads\/2019\/12\/Fpower_3_vit-1-e1576083389343.png","width":263,"height":36,"caption":"Fempowerment.se"},"image":{"@id":"https:\/\/fempowerment.se\/ar\/#\/schema\/logo\/image\/"}}]}},"_links":{"self":[{"href":"https:\/\/fempowerment.se\/ar\/wp-json\/wp\/v2\/pages\/1189"}],"collection":[{"href":"https:\/\/fempowerment.se\/ar\/wp-json\/wp\/v2\/pages"}],"about":[{"href":"https:\/\/fempowerment.se\/ar\/wp-json\/wp\/v2\/types\/page"}],"author":[{"embeddable":true,"href":"https:\/\/fempowerment.se\/ar\/wp-json\/wp\/v2\/users\/1"}],"replies":[{"embeddable":true,"href":"https:\/\/fempowerment.se\/ar\/wp-json\/wp\/v2\/comments?post=1189"}],"version-history":[{"count":1,"href":"https:\/\/fempowerment.se\/ar\/wp-json\/wp\/v2\/pages\/1189\/revisions"}],"predecessor-version":[{"id":1190,"href":"https:\/\/fempowerment.se\/ar\/wp-json\/wp\/v2\/pages\/1189\/revisions\/1190"}],"wp:attachment":[{"href":"https:\/\/fempowerment.se\/ar\/wp-json\/wp\/v2\/media?parent=1189"}],"curies":[{"name":"wp","href":"https:\/\/api.w.org\/{rel}","templated":true}]}}