{"id":4328,"date":"2021-05-07T12:08:05","date_gmt":"2021-05-07T10:08:05","guid":{"rendered":"https:\/\/fempowerment.se\/?page_id=4328"},"modified":"2024-08-14T15:33:13","modified_gmt":"2024-08-14T13:33:13","slug":"vald-mot-aldre","status":"publish","type":"page","link":"https:\/\/fempowerment.se\/ar\/vald-mot-aldre\/","title":{"rendered":"V\u00e5ld mot \u00e4ldre"},"content":{"rendered":"\t\t<div data-elementor-type=\"wp-page\" data-elementor-id=\"4328\" class=\"elementor elementor-4328\" data-elementor-post-type=\"page\">\n\t\t\t\t\t\t\t\t\t<section class=\"elementor-section elementor-top-section elementor-element elementor-element-8a347c4 elementor-section-boxed elementor-section-height-default elementor-section-height-default\" data-id=\"8a347c4\" data-element_type=\"section\">\n\t\t\t\t\t\t<div class=\"elementor-container elementor-column-gap-default\">\n\t\t\t\t\t<div class=\"elementor-column elementor-col-100 elementor-top-column elementor-element elementor-element-566bb5d\" data-id=\"566bb5d\" data-element_type=\"column\">\n\t\t\t<div class=\"elementor-widget-wrap elementor-element-populated\">\n\t\t\t\t\t\t\t\t<div class=\"elementor-element elementor-element-5667ba8 elementor-widget elementor-widget-spacer\" data-id=\"5667ba8\" data-element_type=\"widget\" data-widget_type=\"spacer.default\">\n\t\t\t\t<div class=\"elementor-widget-container\">\n\t\t\t\t\t<div class=\"elementor-spacer\">\n\t\t\t<div class=\"elementor-spacer-inner\"><\/div>\n\t\t<\/div>\n\t\t\t\t<\/div>\n\t\t\t\t<\/div>\n\t\t\t\t<section class=\"elementor-section elementor-inner-section elementor-element elementor-element-9a3b0e8 elementor-section-boxed elementor-section-height-default elementor-section-height-default\" data-id=\"9a3b0e8\" data-element_type=\"section\">\n\t\t\t\t\t\t<div class=\"elementor-container elementor-column-gap-default\">\n\t\t\t\t\t<div class=\"elementor-column elementor-col-50 elementor-inner-column elementor-element elementor-element-6d1b494\" data-id=\"6d1b494\" data-element_type=\"column\">\n\t\t\t<div class=\"elementor-widget-wrap elementor-element-populated\">\n\t\t\t\t\t\t\t\t<div class=\"elementor-element elementor-element-3ecebdb elementor-widget elementor-widget-heading\" data-id=\"3ecebdb\" data-element_type=\"widget\" data-widget_type=\"heading.default\">\n\t\t\t\t<div class=\"elementor-widget-container\">\n\t\t\t<h2 class=\"elementor-heading-title elementor-size-default\">V\u00e5ld mot \u00e4ldre personer<\/h2>\t\t<\/div>\n\t\t\t\t<\/div>\n\t\t\t\t<div class=\"elementor-element elementor-element-9814391 elementor-widget elementor-widget-text-editor\" data-id=\"9814391\" data-element_type=\"widget\" data-widget_type=\"text-editor.default\">\n\t\t\t\t<div class=\"elementor-widget-container\">\n\t\t\t\t\t\t\t<p><span style=\"font-weight: 400;\">V\u00e5ld mot \u00e4ldre kvinnor har p\u00e5 senare tid uppm\u00e4rksammats mer och mer, men det finns fortfarande en stor kunskapsbrist och falska f\u00f6rest\u00e4llningar som f\u00f6rsv\u00e5rar m\u00f6jligheten f\u00f6r den v\u00e5ldsutsatta att f\u00e5 hj\u00e4lp. \u00c4ldre v\u00e5ldsutsatta vittnar om att de inte blir trodda p\u00e5,&nbsp; \u201comyndigf\u00f6rklaras\u201d av hj\u00e4lpande instanser eller att deras skador av fysiskt v\u00e5ld ses som \u00e5ldersrelaterade, exempelvis fallskador.&nbsp;<\/span><\/p>\n<p><span style=\"font-weight: 400;\">Man har sett att v\u00e5ldet mot \u00e4ldre kvinnor ocks\u00e5 \u00f6kar i takt med \u00e5ldern och vid sjukdom eller funktionshinder. M\u00e5nga v\u00e5ldsutsatta \u00e4ldre kvinnor har sv\u00e5rt att prata om v\u00e5ldet och d\u00e4rf\u00f6r anm\u00e4ls det s\u00e4llan.&nbsp;<\/span><\/p>\n<p><span style=\"font-weight: 400;\">F\u00f6r\u00f6varen kan vara exempelvis partner eller barn. Det kan r\u00f6ra sig om att hen uts\u00e4tter kvinnan f\u00f6r fysiskt, psykiskt, sexuellt och\/eller ekonomiskt v\u00e5ld. \u00c4ldre kvinnor blir i h\u00f6gre grad ocks\u00e5 utsatta f\u00f6r f\u00f6rsummelse, vilket inneb\u00e4r att man inte f\u00e5r sina basbehov tillgodosedda. Exempelvis f\u00e5r kvinnan inte sin medicinering alternativt f\u00e5r fel medicin eller dos. Hon f\u00e5r inte hj\u00e4lp med hygienen eller tillr\u00e4ckligt med mat. \u00c4ven ekonomiskt v\u00e5ld s\u00e5som st\u00f6ld, utpressning och f\u00f6rskingring \u00e4r vanligt f\u00f6rekommande.<\/span><\/p>\t\t\t\t\t\t<\/div>\n\t\t\t\t<\/div>\n\t\t\t\t\t<\/div>\n\t\t<\/div>\n\t\t\t\t<div class=\"elementor-column elementor-col-50 elementor-inner-column elementor-element elementor-element-7c31391\" data-id=\"7c31391\" data-element_type=\"column\">\n\t\t\t<div class=\"elementor-widget-wrap elementor-element-populated\">\n\t\t\t\t\t\t\t\t<div class=\"elementor-element elementor-element-c684f35 elementor-widget elementor-widget-image\" data-id=\"c684f35\" data-element_type=\"widget\" data-widget_type=\"image.default\">\n\t\t\t\t<div class=\"elementor-widget-container\">\n\t\t\t\t\t\t\t\t\t\t\t\t\t\t\t<img decoding=\"async\" src=\"https:\/\/fempowerment.se\/wp-content\/uploads\/elementor\/thumbs\/Vald-H-Aldre-p8ey0uay7tndb64rxc16nbcf9s6ygxl58pfae7udzs.png\" title=\"V\u00e5ld H \u00c4ldre\" alt=\"V\u00e5ld H \u00c4ldre\" loading=\"lazy\" \/>\t\t\t\t\t\t\t\t\t\t\t\t\t\t\t<\/div>\n\t\t\t\t<\/div>\n\t\t\t\t\t<\/div>\n\t\t<\/div>\n\t\t\t\t\t\t\t<\/div>\n\t\t<\/section>\n\t\t\t\t\t<\/div>\n\t\t<\/div>\n\t\t\t\t\t\t\t<\/div>\n\t\t<\/section>\n\t\t\t\t\t\t\t<\/div>\n\t\t","protected":false},"excerpt":{"rendered":"<p>V\u00e5ld mot \u00e4ldre personer V\u00e5ld mot \u00e4ldre kvinnor har p\u00e5 senare tid uppm\u00e4rksammats mer och mer, men det finns fortfarande en stor kunskapsbrist och falska f\u00f6rest\u00e4llningar som f\u00f6rsv\u00e5rar m\u00f6jligheten f\u00f6r den v\u00e5ldsutsatta att f\u00e5 hj\u00e4lp. \u00c4ldre v\u00e5ldsutsatta vittnar om att de inte blir trodda p\u00e5,&nbsp; \u201comyndigf\u00f6rklaras\u201d av hj\u00e4lpande instanser eller att deras skador av fysiskt [&hellip;]<\/p>\n","protected":false},"author":1,"featured_media":0,"parent":0,"menu_order":0,"comment_status":"closed","ping_status":"closed","template":"","meta":[],"yoast_head":"<!-- This site is optimized with the Yoast SEO plugin v20.13 - https:\/\/yoast.com\/wordpress\/plugins\/seo\/ -->\n<title>V\u00e5ld mot \u00e4ldre - Fempowerment.se<\/title>\n<meta name=\"robots\" content=\"index, follow, max-snippet:-1, max-image-preview:large, max-video-preview:-1\" \/>\n<link rel=\"canonical\" href=\"https:\/\/fempowerment.se\/ar\/vald-mot-aldre\/\" \/>\n<meta property=\"og:locale\" content=\"ar_AR\" \/>\n<meta property=\"og:type\" content=\"article\" \/>\n<meta property=\"og:title\" content=\"V\u00e5ld mot \u00e4ldre - Fempowerment.se\" \/>\n<meta property=\"og:description\" content=\"V\u00e5ld mot \u00e4ldre personer V\u00e5ld mot \u00e4ldre kvinnor har p\u00e5 senare tid uppm\u00e4rksammats mer och mer, men det finns fortfarande en stor kunskapsbrist och falska f\u00f6rest\u00e4llningar som f\u00f6rsv\u00e5rar m\u00f6jligheten f\u00f6r den v\u00e5ldsutsatta att f\u00e5 hj\u00e4lp. \u00c4ldre v\u00e5ldsutsatta vittnar om att de inte blir trodda p\u00e5,&nbsp; \u201comyndigf\u00f6rklaras\u201d av hj\u00e4lpande instanser eller att deras skador av fysiskt [&hellip;]\" \/>\n<meta property=\"og:url\" content=\"https:\/\/fempowerment.se\/ar\/vald-mot-aldre\/\" \/>\n<meta property=\"og:site_name\" content=\"Fempowerment.se\" \/>\n<meta property=\"article:modified_time\" content=\"2024-08-14T13:33:13+00:00\" \/>\n<meta property=\"og:image\" content=\"https:\/\/fempowerment.se\/wp-content\/uploads\/elementor\/thumbs\/Vald-H-Aldre-p8ey0uay7tndb64rxc16nbcf9s6ygxl58pfae7udzs.png\" \/>\n<meta name=\"twitter:card\" content=\"summary_large_image\" \/>\n<meta name=\"twitter:label1\" content=\"\u0648\u0642\u062a \u0627\u0644\u0642\u0631\u0627\u0621\u0629 \u0627\u0644\u0645\u064f\u0642\u062f\u0651\u0631\" \/>\n\t<meta name=\"twitter:data1\" content=\"\u062f\u0642\u064a\u0642\u0629 \u0648\u0627\u062d\u062f\u0629\" \/>\n<script type=\"application\/ld+json\" class=\"yoast-schema-graph\">{\"@context\":\"https:\/\/schema.org\",\"@graph\":[{\"@type\":\"WebPage\",\"@id\":\"https:\/\/fempowerment.se\/ar\/vald-mot-aldre\/\",\"url\":\"https:\/\/fempowerment.se\/ar\/vald-mot-aldre\/\",\"name\":\"V\u00e5ld mot \u00e4ldre - Fempowerment.se\",\"isPartOf\":{\"@id\":\"https:\/\/fempowerment.se\/ar\/#website\"},\"datePublished\":\"2021-05-07T10:08:05+00:00\",\"dateModified\":\"2024-08-14T13:33:13+00:00\",\"breadcrumb\":{\"@id\":\"https:\/\/fempowerment.se\/ar\/vald-mot-aldre\/#breadcrumb\"},\"inLanguage\":\"ar\",\"potentialAction\":[{\"@type\":\"ReadAction\",\"target\":[\"https:\/\/fempowerment.se\/ar\/vald-mot-aldre\/\"]}]},{\"@type\":\"BreadcrumbList\",\"@id\":\"https:\/\/fempowerment.se\/ar\/vald-mot-aldre\/#breadcrumb\",\"itemListElement\":[{\"@type\":\"ListItem\",\"position\":1,\"name\":\"Hem\",\"item\":\"https:\/\/fempowerment.se\/ar\/\"},{\"@type\":\"ListItem\",\"position\":2,\"name\":\"V\u00e5ld mot \u00e4ldre\"}]},{\"@type\":\"WebSite\",\"@id\":\"https:\/\/fempowerment.se\/ar\/#website\",\"url\":\"https:\/\/fempowerment.se\/ar\/\",\"name\":\"Fempowerment.se\",\"description\":\"Kvinno- och st\u00f6djouren Fempowerment st\u00f6djer, hj\u00e4lper och erbjuder gratis juridisk r\u00e5dgivning p\u00e5 olika spr\u00e5k till v\u00e5ldsutsatta kvinnor, tjejer och ickebin\u00e4ra.\",\"publisher\":{\"@id\":\"https:\/\/fempowerment.se\/ar\/#organization\"},\"potentialAction\":[{\"@type\":\"SearchAction\",\"target\":{\"@type\":\"EntryPoint\",\"urlTemplate\":\"https:\/\/fempowerment.se\/ar\/?s={search_term_string}\"},\"query-input\":\"required name=search_term_string\"}],\"inLanguage\":\"ar\"},{\"@type\":\"Organization\",\"@id\":\"https:\/\/fempowerment.se\/ar\/#organization\",\"name\":\"Fempowerment.se\",\"url\":\"https:\/\/fempowerment.se\/ar\/\",\"logo\":{\"@type\":\"ImageObject\",\"inLanguage\":\"ar\",\"@id\":\"https:\/\/fempowerment.se\/ar\/#\/schema\/logo\/image\/\",\"url\":\"https:\/\/fempowerment.se\/wp-content\/uploads\/2019\/12\/Fpower_3_vit-1-e1576083389343.png\",\"contentUrl\":\"https:\/\/fempowerment.se\/wp-content\/uploads\/2019\/12\/Fpower_3_vit-1-e1576083389343.png\",\"width\":263,\"height\":36,\"caption\":\"Fempowerment.se\"},\"image\":{\"@id\":\"https:\/\/fempowerment.se\/ar\/#\/schema\/logo\/image\/\"}}]}<\/script>\n<!-- \/ Yoast SEO plugin. -->","yoast_head_json":{"title":"V\u00e5ld mot \u00e4ldre - Fempowerment.se","robots":{"index":"index","follow":"follow","max-snippet":"max-snippet:-1","max-image-preview":"max-image-preview:large","max-video-preview":"max-video-preview:-1"},"canonical":"https:\/\/fempowerment.se\/ar\/vald-mot-aldre\/","og_locale":"ar_AR","og_type":"article","og_title":"V\u00e5ld mot \u00e4ldre - Fempowerment.se","og_description":"V\u00e5ld mot \u00e4ldre personer V\u00e5ld mot \u00e4ldre kvinnor har p\u00e5 senare tid uppm\u00e4rksammats mer och mer, men det finns fortfarande en stor kunskapsbrist och falska f\u00f6rest\u00e4llningar som f\u00f6rsv\u00e5rar m\u00f6jligheten f\u00f6r den v\u00e5ldsutsatta att f\u00e5 hj\u00e4lp. \u00c4ldre v\u00e5ldsutsatta vittnar om att de inte blir trodda p\u00e5,&nbsp; \u201comyndigf\u00f6rklaras\u201d av hj\u00e4lpande instanser eller att deras skador av fysiskt [&hellip;]","og_url":"https:\/\/fempowerment.se\/ar\/vald-mot-aldre\/","og_site_name":"Fempowerment.se","article_modified_time":"2024-08-14T13:33:13+00:00","og_image":[{"url":"https:\/\/fempowerment.se\/wp-content\/uploads\/elementor\/thumbs\/Vald-H-Aldre-p8ey0uay7tndb64rxc16nbcf9s6ygxl58pfae7udzs.png"}],"twitter_card":"summary_large_image","twitter_misc":{"\u0648\u0642\u062a \u0627\u0644\u0642\u0631\u0627\u0621\u0629 \u0627\u0644\u0645\u064f\u0642\u062f\u0651\u0631":"\u062f\u0642\u064a\u0642\u0629 \u0648\u0627\u062d\u062f\u0629"},"schema":{"@context":"https:\/\/schema.org","@graph":[{"@type":"WebPage","@id":"https:\/\/fempowerment.se\/ar\/vald-mot-aldre\/","url":"https:\/\/fempowerment.se\/ar\/vald-mot-aldre\/","name":"V\u00e5ld mot \u00e4ldre - Fempowerment.se","isPartOf":{"@id":"https:\/\/fempowerment.se\/ar\/#website"},"datePublished":"2021-05-07T10:08:05+00:00","dateModified":"2024-08-14T13:33:13+00:00","breadcrumb":{"@id":"https:\/\/fempowerment.se\/ar\/vald-mot-aldre\/#breadcrumb"},"inLanguage":"ar","potentialAction":[{"@type":"ReadAction","target":["https:\/\/fempowerment.se\/ar\/vald-mot-aldre\/"]}]},{"@type":"BreadcrumbList","@id":"https:\/\/fempowerment.se\/ar\/vald-mot-aldre\/#breadcrumb","itemListElement":[{"@type":"ListItem","position":1,"name":"Hem","item":"https:\/\/fempowerment.se\/ar\/"},{"@type":"ListItem","position":2,"name":"V\u00e5ld mot \u00e4ldre"}]},{"@type":"WebSite","@id":"https:\/\/fempowerment.se\/ar\/#website","url":"https:\/\/fempowerment.se\/ar\/","name":"Fempowerment.se","description":"Kvinno- och st\u00f6djouren Fempowerment st\u00f6djer, hj\u00e4lper och erbjuder gratis juridisk r\u00e5dgivning p\u00e5 olika spr\u00e5k till v\u00e5ldsutsatta kvinnor, tjejer och ickebin\u00e4ra.","publisher":{"@id":"https:\/\/fempowerment.se\/ar\/#organization"},"potentialAction":[{"@type":"SearchAction","target":{"@type":"EntryPoint","urlTemplate":"https:\/\/fempowerment.se\/ar\/?s={search_term_string}"},"query-input":"required name=search_term_string"}],"inLanguage":"ar"},{"@type":"Organization","@id":"https:\/\/fempowerment.se\/ar\/#organization","name":"Fempowerment.se","url":"https:\/\/fempowerment.se\/ar\/","logo":{"@type":"ImageObject","inLanguage":"ar","@id":"https:\/\/fempowerment.se\/ar\/#\/schema\/logo\/image\/","url":"https:\/\/fempowerment.se\/wp-content\/uploads\/2019\/12\/Fpower_3_vit-1-e1576083389343.png","contentUrl":"https:\/\/fempowerment.se\/wp-content\/uploads\/2019\/12\/Fpower_3_vit-1-e1576083389343.png","width":263,"height":36,"caption":"Fempowerment.se"},"image":{"@id":"https:\/\/fempowerment.se\/ar\/#\/schema\/logo\/image\/"}}]}},"_links":{"self":[{"href":"https:\/\/fempowerment.se\/ar\/wp-json\/wp\/v2\/pages\/4328"}],"collection":[{"href":"https:\/\/fempowerment.se\/ar\/wp-json\/wp\/v2\/pages"}],"about":[{"href":"https:\/\/fempowerment.se\/ar\/wp-json\/wp\/v2\/types\/page"}],"author":[{"embeddable":true,"href":"https:\/\/fempowerment.se\/ar\/wp-json\/wp\/v2\/users\/1"}],"replies":[{"embeddable":true,"href":"https:\/\/fempowerment.se\/ar\/wp-json\/wp\/v2\/comments?post=4328"}],"version-history":[{"count":21,"href":"https:\/\/fempowerment.se\/ar\/wp-json\/wp\/v2\/pages\/4328\/revisions"}],"predecessor-version":[{"id":8169,"href":"https:\/\/fempowerment.se\/ar\/wp-json\/wp\/v2\/pages\/4328\/revisions\/8169"}],"wp:attachment":[{"href":"https:\/\/fempowerment.se\/ar\/wp-json\/wp\/v2\/media?parent=4328"}],"curies":[{"name":"wp","href":"https:\/\/api.w.org\/{rel}","templated":true}]}}