{"id":4338,"date":"2021-05-07T12:10:02","date_gmt":"2021-05-07T10:10:02","guid":{"rendered":"https:\/\/fempowerment.se\/?page_id=4338"},"modified":"2024-08-14T15:41:53","modified_gmt":"2024-08-14T13:41:53","slug":"vald-mot-personer-med-migrationserfarenhet","status":"publish","type":"page","link":"https:\/\/fempowerment.se\/ar\/vald-mot-personer-med-migrationserfarenhet\/","title":{"rendered":"V\u00e5ld mot personer med migrationserfarenhet"},"content":{"rendered":"\t\t<div data-elementor-type=\"wp-page\" data-elementor-id=\"4338\" class=\"elementor elementor-4338\" data-elementor-post-type=\"page\">\n\t\t\t\t\t\t\t\t\t<section class=\"elementor-section elementor-top-section elementor-element elementor-element-8eb4791 elementor-section-boxed elementor-section-height-default elementor-section-height-default\" data-id=\"8eb4791\" data-element_type=\"section\">\n\t\t\t\t\t\t<div class=\"elementor-container elementor-column-gap-default\">\n\t\t\t\t\t<div class=\"elementor-column elementor-col-100 elementor-top-column elementor-element elementor-element-9e61427\" data-id=\"9e61427\" data-element_type=\"column\">\n\t\t\t<div class=\"elementor-widget-wrap elementor-element-populated\">\n\t\t\t\t\t\t\t\t<div class=\"elementor-element elementor-element-6b119b0 elementor-widget elementor-widget-spacer\" data-id=\"6b119b0\" data-element_type=\"widget\" data-widget_type=\"spacer.default\">\n\t\t\t\t<div class=\"elementor-widget-container\">\n\t\t\t\t\t<div class=\"elementor-spacer\">\n\t\t\t<div class=\"elementor-spacer-inner\"><\/div>\n\t\t<\/div>\n\t\t\t\t<\/div>\n\t\t\t\t<\/div>\n\t\t\t\t<div class=\"elementor-element elementor-element-ab7e991 elementor-widget elementor-widget-heading\" data-id=\"ab7e991\" data-element_type=\"widget\" data-widget_type=\"heading.default\">\n\t\t\t\t<div class=\"elementor-widget-container\">\n\t\t\t<h2 class=\"elementor-heading-title elementor-size-default\">V\u00e5ld mot personer med migrationserfarenhet<br><\/h2>\t\t<\/div>\n\t\t\t\t<\/div>\n\t\t\t\t<section class=\"elementor-section elementor-inner-section elementor-element elementor-element-e70449e elementor-section-boxed elementor-section-height-default elementor-section-height-default\" data-id=\"e70449e\" data-element_type=\"section\">\n\t\t\t\t\t\t<div class=\"elementor-container elementor-column-gap-default\">\n\t\t\t\t\t<div class=\"elementor-column elementor-col-50 elementor-inner-column elementor-element elementor-element-136638d\" data-id=\"136638d\" data-element_type=\"column\">\n\t\t\t<div class=\"elementor-widget-wrap elementor-element-populated\">\n\t\t\t\t\t\t\t\t<div class=\"elementor-element elementor-element-924de46 elementor-widget elementor-widget-text-editor\" data-id=\"924de46\" data-element_type=\"widget\" data-widget_type=\"text-editor.default\">\n\t\t\t\t<div class=\"elementor-widget-container\">\n\t\t\t\t\t\t\t<p style=\"text-align: left;\"><span style=\"font-weight: 400;\">V\u00e5ldsutsatta personer som b\u00e4r p\u00e5 migrationserfarenheter, \u00e4ven om migrations\u00e4rendet \u00e4r sammankopplat med en partnerrelation eller inte, kan befinna sig i en s\u00e4rskilt utsatt situation.\u00a0<\/span><\/p><p style=\"text-align: left;\"><span style=\"font-weight: 400;\">Det finns en del f\u00f6rsv\u00e5rande omst\u00e4ndigheter som hindrar en v\u00e5ldsutsatt person med migrationserfarenhet att s\u00f6ka hj\u00e4lp. Det kan bland annat r\u00f6ra sig om brist p\u00e5 information p\u00e5 andra spr\u00e5k \u00e4n svenska, brist p\u00e5 information om ens r\u00e4ttigheter i samh\u00e4llet och som v\u00e5ldsutsatt.\u00a0<\/span><\/p><p style=\"text-align: left;\"><span style=\"font-weight: 400;\">V\u00e5ldsut\u00f6varen kan utnyttja kunskapsbristen f\u00f6r att ytterligare isolera och skr\u00e4mma den v\u00e5ldsutsatta, genom att ge fel information eller agera som \u201ctolk\u201d i m\u00f6ten med myndigheter och v\u00e5rdinstanser.\u00a0<\/span><\/p><p style=\"text-align: left;\"><span style=\"font-weight: 400;\">Den v\u00e5ldsutsattas migrationsstatus kan p\u00e5verka ytterligare eftersom r\u00e4dslan f\u00f6r utvisning kan hindra personen fr\u00e5n att anm\u00e4la och\/eller s\u00f6ka hj\u00e4lp. Ett vanligt scenario \u00e4r att personer har f\u00e5tt ett 2-\u00e5rigt tillf\u00e4lligt uppeh\u00e5llstillst\u00e5nd p\u00e5 anknytning till en partner som bor i Sverige. Om de sedan uts\u00e4tts f\u00f6r v\u00e5ld under 2-\u00e5rsperioden finns ofta en stor r\u00e4dsla att anm\u00e4la eftersom konsekvenserna ofta blir utvisning d\u00e5 anknytningen brister. Den v\u00e5ldsutsatta tvingas d\u00e5 att v\u00e4lja mellan att stanna kvar i ett v\u00e5ldsamt f\u00f6rh\u00e5llande eller riskera utvisning. I m\u00e5nga fall utnyttjar v\u00e5ldsut\u00f6varen den h\u00e4r s\u00e5rbara situationen, och i vissa fall \u00e4r det vanligt att f\u00f6r\u00f6varen hotar med att avsluta relationen och kontakta Migrationsverket.\u00a0<\/span><\/p><p style=\"text-align: left;\"><b>Viktigt att veta \u00e4r att det finns ett undantag i lagen som skyddar de v\u00e5ldsutsatta som har l\u00e4mnat en relation p\u00e5 grund av v\u00e5ld. Du kan l\u00e4sa mer om detta p\u00e5 <a href=\"https:\/\/www.migrationsverket.se\/Privatpersoner\/Flytta-till-nagon-i-Sverige\/Till-dig-som-kommit-till-Sverige-pa-grund-av-anknytning-och-behandlas-illa.html\">Migrationsverkets hemsida<\/a>.\u00a0<\/b><\/p>\t\t\t\t\t\t<\/div>\n\t\t\t\t<\/div>\n\t\t\t\t\t<\/div>\n\t\t<\/div>\n\t\t\t\t<div class=\"elementor-column elementor-col-50 elementor-inner-column elementor-element elementor-element-b2b37a8\" data-id=\"b2b37a8\" data-element_type=\"column\">\n\t\t\t<div class=\"elementor-widget-wrap elementor-element-populated\">\n\t\t\t\t\t\t\t\t<div class=\"elementor-element elementor-element-1d43360 elementor-widget elementor-widget-image\" data-id=\"1d43360\" data-element_type=\"widget\" data-widget_type=\"image.default\">\n\t\t\t\t<div class=\"elementor-widget-container\">\n\t\t\t\t\t\t\t\t\t\t\t\t\t\t\t<img decoding=\"async\" width=\"679\" height=\"1024\" src=\"https:\/\/fempowerment.se\/wp-content\/uploads\/2022\/04\/Ska\u0308rmavbild-2022-04-29-kl.-08.34.35-679x1024.png\" class=\"attachment-large size-large wp-image-5097\" alt=\"\" loading=\"lazy\" srcset=\"https:\/\/fempowerment.se\/wp-content\/uploads\/2022\/04\/Ska\u0308rmavbild-2022-04-29-kl.-08.34.35-679x1024.png 679w, https:\/\/fempowerment.se\/wp-content\/uploads\/2022\/04\/Ska\u0308rmavbild-2022-04-29-kl.-08.34.35-600x905.png 600w, https:\/\/fempowerment.se\/wp-content\/uploads\/2022\/04\/Ska\u0308rmavbild-2022-04-29-kl.-08.34.35-199x300.png 199w, https:\/\/fempowerment.se\/wp-content\/uploads\/2022\/04\/Ska\u0308rmavbild-2022-04-29-kl.-08.34.35-768x1158.png 768w, https:\/\/fempowerment.se\/wp-content\/uploads\/2022\/04\/Ska\u0308rmavbild-2022-04-29-kl.-08.34.35.png 939w\" sizes=\"(max-width: 679px) 100vw, 679px\" \/>\t\t\t\t\t\t\t\t\t\t\t\t\t\t\t<\/div>\n\t\t\t\t<\/div>\n\t\t\t\t\t<\/div>\n\t\t<\/div>\n\t\t\t\t\t\t\t<\/div>\n\t\t<\/section>\n\t\t\t\t\t<\/div>\n\t\t<\/div>\n\t\t\t\t\t\t\t<\/div>\n\t\t<\/section>\n\t\t\t\t\t\t\t<\/div>\n\t\t","protected":false},"excerpt":{"rendered":"<p>V\u00e5ld mot personer med migrationserfarenhet V\u00e5ldsutsatta personer som b\u00e4r p\u00e5 migrationserfarenheter, \u00e4ven om migrations\u00e4rendet \u00e4r sammankopplat med en partnerrelation eller inte, kan befinna sig i en s\u00e4rskilt utsatt situation.\u00a0 Det finns en del f\u00f6rsv\u00e5rande omst\u00e4ndigheter som hindrar en v\u00e5ldsutsatt person med migrationserfarenhet att s\u00f6ka hj\u00e4lp. Det kan bland annat r\u00f6ra sig om brist p\u00e5 information [&hellip;]<\/p>\n","protected":false},"author":1,"featured_media":0,"parent":0,"menu_order":0,"comment_status":"closed","ping_status":"closed","template":"","meta":[],"yoast_head":"<!-- This site is optimized with the Yoast SEO plugin v20.13 - https:\/\/yoast.com\/wordpress\/plugins\/seo\/ -->\n<title>V\u00e5ld mot personer med migrationserfarenhet - Fempowerment.se<\/title>\n<meta name=\"robots\" content=\"index, follow, max-snippet:-1, max-image-preview:large, max-video-preview:-1\" \/>\n<link rel=\"canonical\" href=\"https:\/\/fempowerment.se\/ar\/vald-mot-personer-med-migrationserfarenhet\/\" \/>\n<meta property=\"og:locale\" content=\"ar_AR\" \/>\n<meta property=\"og:type\" content=\"article\" \/>\n<meta property=\"og:title\" content=\"V\u00e5ld mot personer med migrationserfarenhet - Fempowerment.se\" \/>\n<meta property=\"og:description\" content=\"V\u00e5ld mot personer med migrationserfarenhet V\u00e5ldsutsatta personer som b\u00e4r p\u00e5 migrationserfarenheter, \u00e4ven om migrations\u00e4rendet \u00e4r sammankopplat med en partnerrelation eller inte, kan befinna sig i en s\u00e4rskilt utsatt situation.\u00a0 Det finns en del f\u00f6rsv\u00e5rande omst\u00e4ndigheter som hindrar en v\u00e5ldsutsatt person med migrationserfarenhet att s\u00f6ka hj\u00e4lp. Det kan bland annat r\u00f6ra sig om brist p\u00e5 information [&hellip;]\" \/>\n<meta property=\"og:url\" content=\"https:\/\/fempowerment.se\/ar\/vald-mot-personer-med-migrationserfarenhet\/\" \/>\n<meta property=\"og:site_name\" content=\"Fempowerment.se\" \/>\n<meta property=\"article:modified_time\" content=\"2024-08-14T13:41:53+00:00\" \/>\n<meta name=\"twitter:card\" content=\"summary_large_image\" \/>\n<meta name=\"twitter:label1\" content=\"\u0648\u0642\u062a \u0627\u0644\u0642\u0631\u0627\u0621\u0629 \u0627\u0644\u0645\u064f\u0642\u062f\u0651\u0631\" \/>\n\t<meta name=\"twitter:data1\" content=\"\u062f\u0642\u064a\u0642\u062a\u0627\u0646\" \/>\n<script type=\"application\/ld+json\" class=\"yoast-schema-graph\">{\"@context\":\"https:\/\/schema.org\",\"@graph\":[{\"@type\":\"WebPage\",\"@id\":\"https:\/\/fempowerment.se\/ar\/vald-mot-personer-med-migrationserfarenhet\/\",\"url\":\"https:\/\/fempowerment.se\/ar\/vald-mot-personer-med-migrationserfarenhet\/\",\"name\":\"V\u00e5ld mot personer med migrationserfarenhet - Fempowerment.se\",\"isPartOf\":{\"@id\":\"https:\/\/fempowerment.se\/ar\/#website\"},\"datePublished\":\"2021-05-07T10:10:02+00:00\",\"dateModified\":\"2024-08-14T13:41:53+00:00\",\"breadcrumb\":{\"@id\":\"https:\/\/fempowerment.se\/ar\/vald-mot-personer-med-migrationserfarenhet\/#breadcrumb\"},\"inLanguage\":\"ar\",\"potentialAction\":[{\"@type\":\"ReadAction\",\"target\":[\"https:\/\/fempowerment.se\/ar\/vald-mot-personer-med-migrationserfarenhet\/\"]}]},{\"@type\":\"BreadcrumbList\",\"@id\":\"https:\/\/fempowerment.se\/ar\/vald-mot-personer-med-migrationserfarenhet\/#breadcrumb\",\"itemListElement\":[{\"@type\":\"ListItem\",\"position\":1,\"name\":\"Hem\",\"item\":\"https:\/\/fempowerment.se\/ar\/\"},{\"@type\":\"ListItem\",\"position\":2,\"name\":\"V\u00e5ld mot personer med migrationserfarenhet\"}]},{\"@type\":\"WebSite\",\"@id\":\"https:\/\/fempowerment.se\/ar\/#website\",\"url\":\"https:\/\/fempowerment.se\/ar\/\",\"name\":\"Fempowerment.se\",\"description\":\"Kvinno- och st\u00f6djouren Fempowerment st\u00f6djer, hj\u00e4lper och erbjuder gratis juridisk r\u00e5dgivning p\u00e5 olika spr\u00e5k till v\u00e5ldsutsatta kvinnor, tjejer och ickebin\u00e4ra.\",\"publisher\":{\"@id\":\"https:\/\/fempowerment.se\/ar\/#organization\"},\"potentialAction\":[{\"@type\":\"SearchAction\",\"target\":{\"@type\":\"EntryPoint\",\"urlTemplate\":\"https:\/\/fempowerment.se\/ar\/?s={search_term_string}\"},\"query-input\":\"required name=search_term_string\"}],\"inLanguage\":\"ar\"},{\"@type\":\"Organization\",\"@id\":\"https:\/\/fempowerment.se\/ar\/#organization\",\"name\":\"Fempowerment.se\",\"url\":\"https:\/\/fempowerment.se\/ar\/\",\"logo\":{\"@type\":\"ImageObject\",\"inLanguage\":\"ar\",\"@id\":\"https:\/\/fempowerment.se\/ar\/#\/schema\/logo\/image\/\",\"url\":\"https:\/\/fempowerment.se\/wp-content\/uploads\/2019\/12\/Fpower_3_vit-1-e1576083389343.png\",\"contentUrl\":\"https:\/\/fempowerment.se\/wp-content\/uploads\/2019\/12\/Fpower_3_vit-1-e1576083389343.png\",\"width\":263,\"height\":36,\"caption\":\"Fempowerment.se\"},\"image\":{\"@id\":\"https:\/\/fempowerment.se\/ar\/#\/schema\/logo\/image\/\"}}]}<\/script>\n<!-- \/ Yoast SEO plugin. -->","yoast_head_json":{"title":"V\u00e5ld mot personer med migrationserfarenhet - Fempowerment.se","robots":{"index":"index","follow":"follow","max-snippet":"max-snippet:-1","max-image-preview":"max-image-preview:large","max-video-preview":"max-video-preview:-1"},"canonical":"https:\/\/fempowerment.se\/ar\/vald-mot-personer-med-migrationserfarenhet\/","og_locale":"ar_AR","og_type":"article","og_title":"V\u00e5ld mot personer med migrationserfarenhet - Fempowerment.se","og_description":"V\u00e5ld mot personer med migrationserfarenhet V\u00e5ldsutsatta personer som b\u00e4r p\u00e5 migrationserfarenheter, \u00e4ven om migrations\u00e4rendet \u00e4r sammankopplat med en partnerrelation eller inte, kan befinna sig i en s\u00e4rskilt utsatt situation.\u00a0 Det finns en del f\u00f6rsv\u00e5rande omst\u00e4ndigheter som hindrar en v\u00e5ldsutsatt person med migrationserfarenhet att s\u00f6ka hj\u00e4lp. Det kan bland annat r\u00f6ra sig om brist p\u00e5 information [&hellip;]","og_url":"https:\/\/fempowerment.se\/ar\/vald-mot-personer-med-migrationserfarenhet\/","og_site_name":"Fempowerment.se","article_modified_time":"2024-08-14T13:41:53+00:00","twitter_card":"summary_large_image","twitter_misc":{"\u0648\u0642\u062a \u0627\u0644\u0642\u0631\u0627\u0621\u0629 \u0627\u0644\u0645\u064f\u0642\u062f\u0651\u0631":"\u062f\u0642\u064a\u0642\u062a\u0627\u0646"},"schema":{"@context":"https:\/\/schema.org","@graph":[{"@type":"WebPage","@id":"https:\/\/fempowerment.se\/ar\/vald-mot-personer-med-migrationserfarenhet\/","url":"https:\/\/fempowerment.se\/ar\/vald-mot-personer-med-migrationserfarenhet\/","name":"V\u00e5ld mot personer med migrationserfarenhet - Fempowerment.se","isPartOf":{"@id":"https:\/\/fempowerment.se\/ar\/#website"},"datePublished":"2021-05-07T10:10:02+00:00","dateModified":"2024-08-14T13:41:53+00:00","breadcrumb":{"@id":"https:\/\/fempowerment.se\/ar\/vald-mot-personer-med-migrationserfarenhet\/#breadcrumb"},"inLanguage":"ar","potentialAction":[{"@type":"ReadAction","target":["https:\/\/fempowerment.se\/ar\/vald-mot-personer-med-migrationserfarenhet\/"]}]},{"@type":"BreadcrumbList","@id":"https:\/\/fempowerment.se\/ar\/vald-mot-personer-med-migrationserfarenhet\/#breadcrumb","itemListElement":[{"@type":"ListItem","position":1,"name":"Hem","item":"https:\/\/fempowerment.se\/ar\/"},{"@type":"ListItem","position":2,"name":"V\u00e5ld mot personer med migrationserfarenhet"}]},{"@type":"WebSite","@id":"https:\/\/fempowerment.se\/ar\/#website","url":"https:\/\/fempowerment.se\/ar\/","name":"Fempowerment.se","description":"Kvinno- och st\u00f6djouren Fempowerment st\u00f6djer, hj\u00e4lper och erbjuder gratis juridisk r\u00e5dgivning p\u00e5 olika spr\u00e5k till v\u00e5ldsutsatta kvinnor, tjejer och ickebin\u00e4ra.","publisher":{"@id":"https:\/\/fempowerment.se\/ar\/#organization"},"potentialAction":[{"@type":"SearchAction","target":{"@type":"EntryPoint","urlTemplate":"https:\/\/fempowerment.se\/ar\/?s={search_term_string}"},"query-input":"required name=search_term_string"}],"inLanguage":"ar"},{"@type":"Organization","@id":"https:\/\/fempowerment.se\/ar\/#organization","name":"Fempowerment.se","url":"https:\/\/fempowerment.se\/ar\/","logo":{"@type":"ImageObject","inLanguage":"ar","@id":"https:\/\/fempowerment.se\/ar\/#\/schema\/logo\/image\/","url":"https:\/\/fempowerment.se\/wp-content\/uploads\/2019\/12\/Fpower_3_vit-1-e1576083389343.png","contentUrl":"https:\/\/fempowerment.se\/wp-content\/uploads\/2019\/12\/Fpower_3_vit-1-e1576083389343.png","width":263,"height":36,"caption":"Fempowerment.se"},"image":{"@id":"https:\/\/fempowerment.se\/ar\/#\/schema\/logo\/image\/"}}]}},"_links":{"self":[{"href":"https:\/\/fempowerment.se\/ar\/wp-json\/wp\/v2\/pages\/4338"}],"collection":[{"href":"https:\/\/fempowerment.se\/ar\/wp-json\/wp\/v2\/pages"}],"about":[{"href":"https:\/\/fempowerment.se\/ar\/wp-json\/wp\/v2\/types\/page"}],"author":[{"embeddable":true,"href":"https:\/\/fempowerment.se\/ar\/wp-json\/wp\/v2\/users\/1"}],"replies":[{"embeddable":true,"href":"https:\/\/fempowerment.se\/ar\/wp-json\/wp\/v2\/comments?post=4338"}],"version-history":[{"count":13,"href":"https:\/\/fempowerment.se\/ar\/wp-json\/wp\/v2\/pages\/4338\/revisions"}],"predecessor-version":[{"id":8184,"href":"https:\/\/fempowerment.se\/ar\/wp-json\/wp\/v2\/pages\/4338\/revisions\/8184"}],"wp:attachment":[{"href":"https:\/\/fempowerment.se\/ar\/wp-json\/wp\/v2\/media?parent=4338"}],"curies":[{"name":"wp","href":"https:\/\/api.w.org\/{rel}","templated":true}]}}