{"id":3869,"date":"2021-02-01T15:29:57","date_gmt":"2021-02-01T14:29:57","guid":{"rendered":"https:\/\/fempowerment.se\/o-nama\/"},"modified":"2021-02-08T13:07:55","modified_gmt":"2021-02-08T12:07:55","slug":"o-nama","status":"publish","type":"page","link":"https:\/\/fempowerment.se\/bs\/o-nama\/","title":{"rendered":"O NAMA"},"content":{"rendered":"\t\t<div data-elementor-type=\"wp-post\" data-elementor-id=\"3869\" class=\"elementor elementor-3869\" data-elementor-post-type=\"page\">\n\t\t\t\t\t\t\t\t\t<section class=\"elementor-section elementor-top-section elementor-element elementor-element-6fd04e50 elementor-section-boxed elementor-section-height-default elementor-section-height-default\" data-id=\"6fd04e50\" data-element_type=\"section\">\n\t\t\t\t\t\t<div class=\"elementor-container elementor-column-gap-no\">\n\t\t\t\t\t<div class=\"elementor-column elementor-col-100 elementor-top-column elementor-element elementor-element-12d8147e\" data-id=\"12d8147e\" data-element_type=\"column\" data-settings=\"{&quot;background_background&quot;:&quot;classic&quot;}\">\n\t\t\t<div class=\"elementor-widget-wrap elementor-element-populated\">\n\t\t\t\t\t\t\t\t<div class=\"elementor-element elementor-element-2110c3b elementor-widget elementor-widget-spacer\" data-id=\"2110c3b\" data-element_type=\"widget\" data-widget_type=\"spacer.default\">\n\t\t\t\t<div class=\"elementor-widget-container\">\n\t\t\t\t\t<div class=\"elementor-spacer\">\n\t\t\t<div class=\"elementor-spacer-inner\"><\/div>\n\t\t<\/div>\n\t\t\t\t<\/div>\n\t\t\t\t<\/div>\n\t\t\t\t<div class=\"elementor-element elementor-element-7afe1e7c elementor-widget elementor-widget-heading\" data-id=\"7afe1e7c\" data-element_type=\"widget\" data-widget_type=\"heading.default\">\n\t\t\t\t<div class=\"elementor-widget-container\">\n\t\t\t<h1 class=\"elementor-heading-title elementor-size-default\">O NAMA<\/h1>\t\t<\/div>\n\t\t\t\t<\/div>\n\t\t\t\t<section class=\"elementor-section elementor-inner-section elementor-element elementor-element-1cac7f01 elementor-section-content-middle elementor-section-boxed elementor-section-height-default elementor-section-height-default\" data-id=\"1cac7f01\" data-element_type=\"section\">\n\t\t\t\t\t\t<div class=\"elementor-container elementor-column-gap-no\">\n\t\t\t\t\t<div class=\"elementor-column elementor-col-50 elementor-inner-column elementor-element elementor-element-5d9a61c0\" data-id=\"5d9a61c0\" data-element_type=\"column\">\n\t\t\t<div class=\"elementor-widget-wrap elementor-element-populated\">\n\t\t\t\t\t\t\t\t<div class=\"elementor-element elementor-element-27c34250 elementor-widget elementor-widget-text-editor\" data-id=\"27c34250\" data-element_type=\"widget\" data-widget_type=\"text-editor.default\">\n\t\t\t\t<div class=\"elementor-widget-container\">\n\t\t\t\t\t\t\t<p><strong>Fempowerment je neprofitna organizacija koja podr\u017eava i poma\u017ee zlostavljanim \u017eenama i nebinarnim osobama koji nisu nordijskog porijekla. Mi nudimo podr\u0161ku poput svog nacionalnog de\u017eurnog telefona i chata. Uz to nudimo takodje pomo\u0107, podr\u0161ku i besplatne pravne savjete na raznim jezicima. Fempowerment je feministi\u010dka i antirasisti\u010dka organizacija koja je vjerski i politi\u010dki neovisna.<\/strong><\/p>\n<p><span style=\"font-weight: 400;\">Na\u0161a glavna aktivnost je podr\u0161ka \u017ertvama nasilja. Sa time imamo dugogodi\u0161nje iskustvo. Svatko tko nije nordijskog porijekla i ko se identificira kao \u017eena, djevojka ili ne-binarna osoba, dobrodo\u0161li su da nam se obrate. Mi nudimo pomo\u0107 na razli\u010ditim jezicima, tako da ve\u0107ina ljudi mo\u017ee dobiti podr\u0161ku na svom maternjem jeziku. \u0160to se ti\u010de podr\u0161ke, mogu\u0107e je nam se obratiti putem telefona, chata ili do\u0107i u posjetu kod nas. Takodje podr\u017eavamo osobe u kontaktu sa vlastima kao \u0161to su socijalne slu\u017ebe, zavodom za migraciju, izvr\u0161iteljom, policijom i sudom. <\/span><\/p>\n<p><span style=\"font-weight: 400;\">U na\u0161oj te\u017enji za ravnopravnim dru\u0161tvom bez nasilja mu\u0161karaca, bavimo se zagovaranjem i isto tako razvijanjem i provo\u0111enjem preventivnog rada sa \u017eenama, mu\u0161karcima, ne-binarnim osobama i mladim ljudima. Veliki dio tog rada je obrazovanje o nasilju u bliskim vezama i kako nasilje utje\u010de na \u017eene i ne-binarne osobe koji nisu nordijskog porijekla. Tokom godina smo na primjer dr\u017eali predavanja po institucijama vlasti, srednjim i SFI \u0161kolama, i na radnim mjestima.<\/span><\/p>\n<p><strong>Slobodno nas kontaktirajte o predavanjima ili saradnji na <a href=\"mailto:info@fempowerment.se\">info@fempowerment.se<\/a>.<\/strong><\/p>\n<p><strong>U <a href=\"https:\/\/fempowerment.se\/wp-content\/uploads\/2020\/03\/Fempowerments-Integritetspolicy-2018-05-17-.pdf\">Fempowermentovoj politici privatnosti 2018-05-1<\/a> prona\u0107i \u0107ete informacije o tome kako rukujemo osjetljivim li\u010dnim podacima.<\/strong><\/p>\n\t\t\t\t\t\t<\/div>\n\t\t\t\t<\/div>\n\t\t\t\t\t<\/div>\n\t\t<\/div>\n\t\t\t\t<div class=\"elementor-column elementor-col-50 elementor-inner-column elementor-element elementor-element-0769154\" data-id=\"0769154\" data-element_type=\"column\">\n\t\t\t<div class=\"elementor-widget-wrap elementor-element-populated\">\n\t\t\t\t\t\t\t\t<div class=\"elementor-element elementor-element-c22e07f elementor-widget elementor-widget-image\" data-id=\"c22e07f\" data-element_type=\"widget\" data-widget_type=\"image.default\">\n\t\t\t\t<div class=\"elementor-widget-container\">\n\t\t\t\t\t\t\t\t\t\t\t\t\t\t\t<img decoding=\"async\" width=\"1920\" height=\"2560\" src=\"https:\/\/fempowerment.se\/wp-content\/uploads\/2019\/12\/IMG_0591-e1577752941609-scaled.jpg\" class=\"attachment-full size-full wp-image-2751\" alt=\"\" loading=\"lazy\" srcset=\"https:\/\/fempowerment.se\/wp-content\/uploads\/2019\/12\/IMG_0591-e1577752941609-scaled.jpg 1920w, https:\/\/fempowerment.se\/wp-content\/uploads\/2019\/12\/IMG_0591-e1577752941609-600x800.jpg 600w, https:\/\/fempowerment.se\/wp-content\/uploads\/2019\/12\/IMG_0591-e1577752941609-225x300.jpg 225w, https:\/\/fempowerment.se\/wp-content\/uploads\/2019\/12\/IMG_0591-e1577752941609-768x1024.jpg 768w\" sizes=\"(max-width: 1920px) 100vw, 1920px\" \/>\t\t\t\t\t\t\t\t\t\t\t\t\t\t\t<\/div>\n\t\t\t\t<\/div>\n\t\t\t\t\t<\/div>\n\t\t<\/div>\n\t\t\t\t\t\t\t<\/div>\n\t\t<\/section>\n\t\t\t\t\t<\/div>\n\t\t<\/div>\n\t\t\t\t\t\t\t<\/div>\n\t\t<\/section>\n\t\t\t\t<section class=\"elementor-section elementor-top-section elementor-element elementor-element-775c5ac elementor-section-boxed elementor-section-height-default elementor-section-height-default\" data-id=\"775c5ac\" data-element_type=\"section\">\n\t\t\t\t\t\t<div class=\"elementor-container elementor-column-gap-default\">\n\t\t\t\t\t<div class=\"elementor-column elementor-col-100 elementor-top-column elementor-element elementor-element-f6fba82\" data-id=\"f6fba82\" data-element_type=\"column\" data-settings=\"{&quot;background_background&quot;:&quot;classic&quot;}\">\n\t\t\t<div class=\"elementor-widget-wrap elementor-element-populated\">\n\t\t\t\t\t\t\t\t<div class=\"elementor-element elementor-element-3d89df9 elementor-widget elementor-widget-heading\" data-id=\"3d89df9\" data-element_type=\"widget\" data-widget_type=\"heading.default\">\n\t\t\t\t<div class=\"elementor-widget-container\">\n\t\t\t<h2 class=\"elementor-heading-title elementor-size-default\">Odbor za Fempowerment 2020\/2021<\/h2>\t\t<\/div>\n\t\t\t\t<\/div>\n\t\t\t\t<section class=\"elementor-section elementor-inner-section elementor-element elementor-element-9debebb elementor-section-boxed elementor-section-height-default elementor-section-height-default\" data-id=\"9debebb\" data-element_type=\"section\">\n\t\t\t\t\t\t<div class=\"elementor-container elementor-column-gap-default\">\n\t\t\t\t\t<div class=\"elementor-column elementor-col-50 elementor-inner-column elementor-element elementor-element-a756f28\" data-id=\"a756f28\" data-element_type=\"column\">\n\t\t\t<div class=\"elementor-widget-wrap elementor-element-populated\">\n\t\t\t\t\t\t\t\t<div class=\"elementor-element elementor-element-5e5e3f6 elementor-widget elementor-widget-text-editor\" data-id=\"5e5e3f6\" data-element_type=\"widget\" data-widget_type=\"text-editor.default\">\n\t\t\t\t<div class=\"elementor-widget-container\">\n\t\t\t\t\t\t\t<p><strong>Presednica<\/strong><br \/>Hermela Embaye<\/p>\n<p><strong>Podpredsjednica<\/strong><br \/>Cecilia Sharma<\/p>\n<p><strong>Blagajnik<\/strong><br \/>Caroline-Jamie Kimaro<\/p>\n<p>Kontaktirajte na\u0161 odbor: <span style=\"text-decoration: underline;\"><a href=\"https:\/\/fempowerment.se\/om-oss\/styrelsen@fempowerment.se\">styrelsen@fempowerment.se<\/a><\/span><\/p>\n\t\t\t\t\t\t<\/div>\n\t\t\t\t<\/div>\n\t\t\t\t\t<\/div>\n\t\t<\/div>\n\t\t\t\t<div class=\"elementor-column elementor-col-50 elementor-inner-column elementor-element elementor-element-e22d37b\" data-id=\"e22d37b\" data-element_type=\"column\">\n\t\t\t<div class=\"elementor-widget-wrap elementor-element-populated\">\n\t\t\t\t\t\t\t\t<div class=\"elementor-element elementor-element-bedac3d elementor-widget elementor-widget-text-editor\" data-id=\"bedac3d\" data-element_type=\"widget\" data-widget_type=\"text-editor.default\">\n\t\t\t\t<div class=\"elementor-widget-container\">\n\t\t\t\t\t\t\t<p><strong>Komesari<\/strong><br \/>Sogend Barzani<br \/>Sara Tesfamichael<br \/>Sonia Hammi<br \/>Priscilla Pauli <\/p>\n<p>Yasmine Amahzoune<\/p><\/p>\n\t\t\t\t\t\t<\/div>\n\t\t\t\t<\/div>\n\t\t\t\t\t<\/div>\n\t\t<\/div>\n\t\t\t\t\t\t\t<\/div>\n\t\t<\/section>\n\t\t\t\t\t<\/div>\n\t\t<\/div>\n\t\t\t\t\t\t\t<\/div>\n\t\t<\/section>\n\t\t\t\t<section class=\"elementor-section elementor-top-section elementor-element elementor-element-d8f4e4c elementor-section-boxed elementor-section-height-default elementor-section-height-default\" data-id=\"d8f4e4c\" data-element_type=\"section\">\n\t\t\t\t\t\t<div class=\"elementor-container elementor-column-gap-default\">\n\t\t\t\t\t<div class=\"elementor-column elementor-col-100 elementor-top-column elementor-element elementor-element-a1d47f8\" data-id=\"a1d47f8\" data-element_type=\"column\">\n\t\t\t<div class=\"elementor-widget-wrap elementor-element-populated\">\n\t\t\t\t\t\t\t\t<section class=\"elementor-section elementor-inner-section elementor-element elementor-element-49dd1e6 elementor-section-boxed elementor-section-height-default elementor-section-height-default\" data-id=\"49dd1e6\" data-element_type=\"section\">\n\t\t\t\t\t\t<div class=\"elementor-container elementor-column-gap-default\">\n\t\t\t\t\t<div class=\"elementor-column elementor-col-50 elementor-inner-column elementor-element elementor-element-7ba0132\" data-id=\"7ba0132\" data-element_type=\"column\">\n\t\t\t<div class=\"elementor-widget-wrap elementor-element-populated\">\n\t\t\t\t\t\t\t\t<div class=\"elementor-element elementor-element-492fb0f elementor-widget elementor-widget-heading\" data-id=\"492fb0f\" data-element_type=\"widget\" data-widget_type=\"heading.default\">\n\t\t\t\t<div class=\"elementor-widget-container\">\n\t\t\t<h2 class=\"elementor-heading-title elementor-size-default\">Kontakt<\/h2>\t\t<\/div>\n\t\t\t\t<\/div>\n\t\t\t\t<div class=\"elementor-element elementor-element-d55a0fc elementor-widget elementor-widget-text-editor\" data-id=\"d55a0fc\" data-element_type=\"widget\" data-widget_type=\"text-editor.default\">\n\t\t\t\t<div class=\"elementor-widget-container\">\n\t\t\t\t\t\t\t<p><a style=\"text-decoration-line: underline;\" href=\"mailto:info@fempowerment.se\">info@fempowerment.se<\/a><br \/><u><\/u><span style=\"font-style: inherit; font-weight: inherit;\">De\u017eurni telefon: <\/span><span style=\"font-style: inherit;\"><b>020-33 99 00<br \/><\/b><\/span><span style=\"font-style: inherit; font-weight: inherit;\">Telefon do kancelarije <strong>08-21 39 00<\/strong><br \/><\/span>Adresa: Norr m\u00e4larstrand 24<\/p>\n\t\t\t\t\t\t<\/div>\n\t\t\t\t<\/div>\n\t\t\t\t\t<\/div>\n\t\t<\/div>\n\t\t\t\t<div class=\"elementor-column elementor-col-50 elementor-inner-column elementor-element elementor-element-c20a6cb\" data-id=\"c20a6cb\" data-element_type=\"column\">\n\t\t\t<div class=\"elementor-widget-wrap elementor-element-populated\">\n\t\t\t\t\t\t\t\t<div class=\"elementor-element elementor-element-b5f3f74 elementor-widget elementor-widget-google_maps\" data-id=\"b5f3f74\" data-element_type=\"widget\" data-widget_type=\"google_maps.default\">\n\t\t\t\t<div class=\"elementor-widget-container\">\n\t\t\t\t\t<div class=\"elementor-custom-embed\">\n\t\t\t<iframe loading=\"lazy\"\n\t\t\t\t\tsrc=\"https:\/\/maps.google.com\/maps?q=Strandbergsgatan%2012%2C%20tr%206%20&#038;t=m&#038;z=10&#038;output=embed&#038;iwloc=near\"\n\t\t\t\t\ttitle=\"Strandbergsgatan 12, tr 6 \"\n\t\t\t\t\taria-label=\"Strandbergsgatan 12, tr 6 \"\n\t\t\t><\/iframe>\n\t\t<\/div>\n\t\t\t\t<\/div>\n\t\t\t\t<\/div>\n\t\t\t\t\t<\/div>\n\t\t<\/div>\n\t\t\t\t\t\t\t<\/div>\n\t\t<\/section>\n\t\t\t\t\t<\/div>\n\t\t<\/div>\n\t\t\t\t\t\t\t<\/div>\n\t\t<\/section>\n\t\t\t\t\t\t\t<\/div>\n\t\t","protected":false},"excerpt":{"rendered":"<p>O NAMA Fempowerment je neprofitna organizacija koja podr\u017eava i poma\u017ee zlostavljanim \u017eenama i nebinarnim osobama koji nisu nordijskog porijekla. Mi nudimo podr\u0161ku poput svog nacionalnog de\u017eurnog telefona i chata. Uz to nudimo takodje pomo\u0107, podr\u0161ku i besplatne pravne savjete na raznim jezicima. Fempowerment je feministi\u010dka i antirasisti\u010dka organizacija koja je vjerski i politi\u010dki neovisna. Na\u0161a [&hellip;]<\/p>\n","protected":false},"author":1,"featured_media":0,"parent":0,"menu_order":0,"comment_status":"closed","ping_status":"closed","template":"elementor_header_footer","meta":[],"yoast_head":"<!-- This site is optimized with the Yoast SEO plugin v20.13 - https:\/\/yoast.com\/wordpress\/plugins\/seo\/ -->\n<title>O NAMA - Fempowerment.se<\/title>\n<meta name=\"robots\" content=\"index, follow, max-snippet:-1, max-image-preview:large, max-video-preview:-1\" \/>\n<link rel=\"canonical\" href=\"https:\/\/fempowerment.se\/bs\/o-nama\/\" \/>\n<meta property=\"og:locale\" content=\"bs_BA\" \/>\n<meta property=\"og:type\" content=\"article\" \/>\n<meta property=\"og:title\" content=\"O NAMA - Fempowerment.se\" \/>\n<meta property=\"og:description\" content=\"O NAMA Fempowerment je neprofitna organizacija koja podr\u017eava i poma\u017ee zlostavljanim \u017eenama i nebinarnim osobama koji nisu nordijskog porijekla. Mi nudimo podr\u0161ku poput svog nacionalnog de\u017eurnog telefona i chata. Uz to nudimo takodje pomo\u0107, podr\u0161ku i besplatne pravne savjete na raznim jezicima. Fempowerment je feministi\u010dka i antirasisti\u010dka organizacija koja je vjerski i politi\u010dki neovisna. Na\u0161a [&hellip;]\" \/>\n<meta property=\"og:url\" content=\"https:\/\/fempowerment.se\/bs\/o-nama\/\" \/>\n<meta property=\"og:site_name\" content=\"Fempowerment.se\" \/>\n<meta property=\"article:modified_time\" content=\"2021-02-08T12:07:55+00:00\" \/>\n<meta property=\"og:image\" content=\"https:\/\/fempowerment.se\/wp-content\/uploads\/2019\/12\/IMG_0591-e1577752941609.jpg\" \/>\n<meta name=\"twitter:card\" content=\"summary_large_image\" \/>\n<meta name=\"twitter:label1\" content=\"Est. reading time\" \/>\n\t<meta name=\"twitter:data1\" content=\"2 minute\" \/>\n<script type=\"application\/ld+json\" class=\"yoast-schema-graph\">{\"@context\":\"https:\/\/schema.org\",\"@graph\":[{\"@type\":\"WebPage\",\"@id\":\"https:\/\/fempowerment.se\/bs\/o-nama\/\",\"url\":\"https:\/\/fempowerment.se\/bs\/o-nama\/\",\"name\":\"O NAMA - Fempowerment.se\",\"isPartOf\":{\"@id\":\"https:\/\/fempowerment.se\/bs\/#website\"},\"datePublished\":\"2021-02-01T14:29:57+00:00\",\"dateModified\":\"2021-02-08T12:07:55+00:00\",\"breadcrumb\":{\"@id\":\"https:\/\/fempowerment.se\/bs\/o-nama\/#breadcrumb\"},\"inLanguage\":\"bs-BA\",\"potentialAction\":[{\"@type\":\"ReadAction\",\"target\":[\"https:\/\/fempowerment.se\/bs\/o-nama\/\"]}]},{\"@type\":\"BreadcrumbList\",\"@id\":\"https:\/\/fempowerment.se\/bs\/o-nama\/#breadcrumb\",\"itemListElement\":[{\"@type\":\"ListItem\",\"position\":1,\"name\":\"Hem\",\"item\":\"https:\/\/fempowerment.se\/bs\/\"},{\"@type\":\"ListItem\",\"position\":2,\"name\":\"O NAMA\"}]},{\"@type\":\"WebSite\",\"@id\":\"https:\/\/fempowerment.se\/bs\/#website\",\"url\":\"https:\/\/fempowerment.se\/bs\/\",\"name\":\"Fempowerment.se\",\"description\":\"Kvinno- och st\u00f6djouren Fempowerment st\u00f6djer, hj\u00e4lper och erbjuder gratis juridisk r\u00e5dgivning p\u00e5 olika spr\u00e5k till v\u00e5ldsutsatta kvinnor, tjejer och ickebin\u00e4ra.\",\"publisher\":{\"@id\":\"https:\/\/fempowerment.se\/bs\/#organization\"},\"potentialAction\":[{\"@type\":\"SearchAction\",\"target\":{\"@type\":\"EntryPoint\",\"urlTemplate\":\"https:\/\/fempowerment.se\/bs\/?s={search_term_string}\"},\"query-input\":\"required name=search_term_string\"}],\"inLanguage\":\"bs-BA\"},{\"@type\":\"Organization\",\"@id\":\"https:\/\/fempowerment.se\/bs\/#organization\",\"name\":\"Fempowerment.se\",\"url\":\"https:\/\/fempowerment.se\/bs\/\",\"logo\":{\"@type\":\"ImageObject\",\"inLanguage\":\"bs-BA\",\"@id\":\"https:\/\/fempowerment.se\/bs\/#\/schema\/logo\/image\/\",\"url\":\"https:\/\/fempowerment.se\/wp-content\/uploads\/2019\/12\/Fpower_3_vit-1-e1576083389343.png\",\"contentUrl\":\"https:\/\/fempowerment.se\/wp-content\/uploads\/2019\/12\/Fpower_3_vit-1-e1576083389343.png\",\"width\":263,\"height\":36,\"caption\":\"Fempowerment.se\"},\"image\":{\"@id\":\"https:\/\/fempowerment.se\/bs\/#\/schema\/logo\/image\/\"}}]}<\/script>\n<!-- \/ Yoast SEO plugin. -->","yoast_head_json":{"title":"O NAMA - Fempowerment.se","robots":{"index":"index","follow":"follow","max-snippet":"max-snippet:-1","max-image-preview":"max-image-preview:large","max-video-preview":"max-video-preview:-1"},"canonical":"https:\/\/fempowerment.se\/bs\/o-nama\/","og_locale":"bs_BA","og_type":"article","og_title":"O NAMA - Fempowerment.se","og_description":"O NAMA Fempowerment je neprofitna organizacija koja podr\u017eava i poma\u017ee zlostavljanim \u017eenama i nebinarnim osobama koji nisu nordijskog porijekla. Mi nudimo podr\u0161ku poput svog nacionalnog de\u017eurnog telefona i chata. Uz to nudimo takodje pomo\u0107, podr\u0161ku i besplatne pravne savjete na raznim jezicima. Fempowerment je feministi\u010dka i antirasisti\u010dka organizacija koja je vjerski i politi\u010dki neovisna. Na\u0161a [&hellip;]","og_url":"https:\/\/fempowerment.se\/bs\/o-nama\/","og_site_name":"Fempowerment.se","article_modified_time":"2021-02-08T12:07:55+00:00","og_image":[{"url":"https:\/\/fempowerment.se\/wp-content\/uploads\/2019\/12\/IMG_0591-e1577752941609.jpg"}],"twitter_card":"summary_large_image","twitter_misc":{"Est. reading time":"2 minute"},"schema":{"@context":"https:\/\/schema.org","@graph":[{"@type":"WebPage","@id":"https:\/\/fempowerment.se\/bs\/o-nama\/","url":"https:\/\/fempowerment.se\/bs\/o-nama\/","name":"O NAMA - Fempowerment.se","isPartOf":{"@id":"https:\/\/fempowerment.se\/bs\/#website"},"datePublished":"2021-02-01T14:29:57+00:00","dateModified":"2021-02-08T12:07:55+00:00","breadcrumb":{"@id":"https:\/\/fempowerment.se\/bs\/o-nama\/#breadcrumb"},"inLanguage":"bs-BA","potentialAction":[{"@type":"ReadAction","target":["https:\/\/fempowerment.se\/bs\/o-nama\/"]}]},{"@type":"BreadcrumbList","@id":"https:\/\/fempowerment.se\/bs\/o-nama\/#breadcrumb","itemListElement":[{"@type":"ListItem","position":1,"name":"Hem","item":"https:\/\/fempowerment.se\/bs\/"},{"@type":"ListItem","position":2,"name":"O NAMA"}]},{"@type":"WebSite","@id":"https:\/\/fempowerment.se\/bs\/#website","url":"https:\/\/fempowerment.se\/bs\/","name":"Fempowerment.se","description":"Kvinno- och st\u00f6djouren Fempowerment st\u00f6djer, hj\u00e4lper och erbjuder gratis juridisk r\u00e5dgivning p\u00e5 olika spr\u00e5k till v\u00e5ldsutsatta kvinnor, tjejer och ickebin\u00e4ra.","publisher":{"@id":"https:\/\/fempowerment.se\/bs\/#organization"},"potentialAction":[{"@type":"SearchAction","target":{"@type":"EntryPoint","urlTemplate":"https:\/\/fempowerment.se\/bs\/?s={search_term_string}"},"query-input":"required name=search_term_string"}],"inLanguage":"bs-BA"},{"@type":"Organization","@id":"https:\/\/fempowerment.se\/bs\/#organization","name":"Fempowerment.se","url":"https:\/\/fempowerment.se\/bs\/","logo":{"@type":"ImageObject","inLanguage":"bs-BA","@id":"https:\/\/fempowerment.se\/bs\/#\/schema\/logo\/image\/","url":"https:\/\/fempowerment.se\/wp-content\/uploads\/2019\/12\/Fpower_3_vit-1-e1576083389343.png","contentUrl":"https:\/\/fempowerment.se\/wp-content\/uploads\/2019\/12\/Fpower_3_vit-1-e1576083389343.png","width":263,"height":36,"caption":"Fempowerment.se"},"image":{"@id":"https:\/\/fempowerment.se\/bs\/#\/schema\/logo\/image\/"}}]}},"_links":{"self":[{"href":"https:\/\/fempowerment.se\/bs\/wp-json\/wp\/v2\/pages\/3869"}],"collection":[{"href":"https:\/\/fempowerment.se\/bs\/wp-json\/wp\/v2\/pages"}],"about":[{"href":"https:\/\/fempowerment.se\/bs\/wp-json\/wp\/v2\/types\/page"}],"author":[{"embeddable":true,"href":"https:\/\/fempowerment.se\/bs\/wp-json\/wp\/v2\/users\/1"}],"replies":[{"embeddable":true,"href":"https:\/\/fempowerment.se\/bs\/wp-json\/wp\/v2\/comments?post=3869"}],"version-history":[{"count":3,"href":"https:\/\/fempowerment.se\/bs\/wp-json\/wp\/v2\/pages\/3869\/revisions"}],"predecessor-version":[{"id":3872,"href":"https:\/\/fempowerment.se\/bs\/wp-json\/wp\/v2\/pages\/3869\/revisions\/3872"}],"wp:attachment":[{"href":"https:\/\/fempowerment.se\/bs\/wp-json\/wp\/v2\/media?parent=3869"}],"curies":[{"name":"wp","href":"https:\/\/api.w.org\/{rel}","templated":true}]}}