{"id":3891,"date":"2021-02-08T17:11:03","date_gmt":"2021-02-08T16:11:03","guid":{"rendered":"https:\/\/fempowerment.se\/rezervisite-nas\/"},"modified":"2021-03-10T14:22:28","modified_gmt":"2021-03-10T13:22:28","slug":"rezervisite-nas","status":"publish","type":"page","link":"https:\/\/fempowerment.se\/bs\/rezervisite-nas\/","title":{"rendered":"ANGA\u017dUJTE NAS"},"content":{"rendered":"\t\t<div data-elementor-type=\"wp-page\" data-elementor-id=\"3891\" class=\"elementor elementor-3891\" data-elementor-post-type=\"page\">\n\t\t\t\t\t\t\t\t\t<section class=\"elementor-section elementor-top-section elementor-element elementor-element-2e079e7 elementor-section-boxed elementor-section-height-default elementor-section-height-default\" data-id=\"2e079e7\" data-element_type=\"section\">\n\t\t\t\t\t\t<div class=\"elementor-container elementor-column-gap-default\">\n\t\t\t\t\t<div class=\"elementor-column elementor-col-100 elementor-top-column elementor-element elementor-element-0e833e2\" data-id=\"0e833e2\" data-element_type=\"column\">\n\t\t\t<div class=\"elementor-widget-wrap elementor-element-populated\">\n\t\t\t\t\t\t\t\t<div class=\"elementor-element elementor-element-afa52b1 elementor-widget elementor-widget-heading\" data-id=\"afa52b1\" data-element_type=\"widget\" data-widget_type=\"heading.default\">\n\t\t\t\t<div class=\"elementor-widget-container\">\n\t\t\t<h2 class=\"elementor-heading-title elementor-size-default\">ANGA\u017dUJTE NAS<\/h2>\t\t<\/div>\n\t\t\t\t<\/div>\n\t\t\t\t<div class=\"elementor-element elementor-element-360eb40 elementor-widget elementor-widget-text-editor\" data-id=\"360eb40\" data-element_type=\"widget\" data-widget_type=\"text-editor.default\">\n\t\t\t\t<div class=\"elementor-widget-container\">\n\t\t\t\t\t\t\t<p>Mi imamo dugogodi\u0161nje iskustvo predavanja i obrazovanja o, izme\u0111u ostalog, nasilju u bliskim odnosima. Tokom godinama smo dr\u017eali predavanja, na primjer, u narodnim univerzitetima, omladinskim centrima, za profesionalce na terenu i me\u0111unarodnim ambasadama. Sva predavanja su prilago\u0111ena ciljanoj grupi i posebnim potrebama koje mogu postojati. Razne teme povezane sa na\u0161im aktivnostima su nasilje mu\u0161karaca nad \u017eenama, feminizam i rodna ravnopravnost. Uvjereni smo da je znanje potrebno za promjenu dru\u0161tva.<\/p>\n<p>Obrazovanje o nasilju u bliskim vezama<\/p>\n<p>Po\u0161to je ovo temelj na\u0161e organizacije, dobro smo upu\u0107eni u tu temu. Obrazovanje se bavi razli\u010ditim aspektima nasilja i vrlo je sveobuhvatno po tome \u0161to razmatramo sve od normi pa do zakona. Po\u0161to imamo dosta materijala za obuku, nudimo dvije varijante obrazovanja, razli\u010ditih trajanja. Jedan je cjelodnevni, a drugi oko 75 minuta. Potonji sadr\u017ei najva\u017enije, ali preporu\u010dujemo vam cjelodnevni kurs.<\/p>\n\t\t\t\t\t\t<\/div>\n\t\t\t\t<\/div>\n\t\t\t\t<section class=\"elementor-section elementor-inner-section elementor-element elementor-element-180dcff elementor-section-boxed elementor-section-height-default elementor-section-height-default\" data-id=\"180dcff\" data-element_type=\"section\">\n\t\t\t\t\t\t<div class=\"elementor-container elementor-column-gap-default\">\n\t\t\t\t\t<div class=\"elementor-column elementor-col-50 elementor-inner-column elementor-element elementor-element-3861a7e\" data-id=\"3861a7e\" data-element_type=\"column\">\n\t\t\t<div class=\"elementor-widget-wrap elementor-element-populated\">\n\t\t\t\t\t\t\t\t<div class=\"elementor-element elementor-element-d5b6e77 elementor-widget elementor-widget-shortcode\" data-id=\"d5b6e77\" data-element_type=\"widget\" data-widget_type=\"shortcode.default\">\n\t\t\t\t<div class=\"elementor-widget-container\">\n\t\t\t\t\t<div class=\"elementor-shortcode\"><div class=\"everest-forms\"><div class=\"evf-container default\" id=\"evf-693\"><form id=\"evf-form-693\" class=\"everest-form\" data-formid=\"693\" data-ajax_submission=\"0\" data-keyboard_friendly_form=\"0\" method=\"post\" enctype=\"multipart\/form-data\" action=\"\/bs\/wp-json\/wp\/v2\/pages\/3891\"><div class=\"evf-field-container\"><input type=\"hidden\" id=\"_wpnonce693\" name=\"_wpnonce693\" value=\"57037a37c7\" \/><input type=\"hidden\" name=\"_wp_http_referer\" value=\"\/bs\/wp-json\/wp\/v2\/pages\/3891\" \/><div class=\"evf-frontend-row\" data-row=\"row_1\" conditional_rules=\"[]\"><div class=\"evf-frontend-grid evf-grid-1\" data-grid=\"grid_1\"><div id=\"evf-693-field_email-container\" class=\"evf-field evf-field-email form-row validate-required validate-email\" data-required-field-message=\"Please enter a valid email address.\" data-field-id=\"email\"><label class=\"evf-field-label\" for=\"evf-693-field_email\"><span class=\"evf-label\">E-postadress<\/span> <abbr class=\"required\" title=\"Required\">*<\/abbr><\/label><input type=\"email\" id=\"evf-693-field_email\" class=\"input-text\" name=\"everest_forms[form_fields][email]\" required ><\/div><div id=\"evf-693-field_subject-container\" class=\"evf-field evf-field-text form-row validate-required\" data-required-field-message=\"This field is required.\" data-field-id=\"subject\"><label class=\"evf-field-label\" for=\"evf-693-field_subject\"><span class=\"evf-label\">\u00c4mne<\/span> <abbr class=\"required\" title=\"Required\">*<\/abbr><\/label><input type=\"text\" id=\"evf-693-field_subject\" class=\"input-text\" name=\"everest_forms[form_fields][subject]\" required><\/div><div id=\"evf-693-field_message-container\" class=\"evf-field evf-field-textarea form-row\" data-field-id=\"message\"><label class=\"evf-field-label\" for=\"evf-693-field_message\"><span class=\"evf-label\">Meddelande<\/span> <\/label><textarea id=\"evf-693-field_message\" class=\"input-text\" name=\"everest_forms[form_fields][message]\"  ><\/textarea><\/div><\/div><\/div><\/div><div class=\"evf-honeypot-container evf-field-hp\"><label for=\"evf-693-field-hp\" class=\"evf-field-label\">Website<\/label><input type=\"text\" name=\"everest_forms[hp]\" id=\"evf-693-field-hp\" class=\"input-text\"><\/div><div class=\"evf-submit-container \" ><input type=\"hidden\" name=\"everest_forms[id]\" value=\"693\"><input type=\"hidden\" name=\"everest_forms[author]\" value=\"1\"><button type='submit' name='everest_forms[submit]' class='everest-forms-submit-button button evf-submit ' id='evf-submit-693' value='evf-submit' data-process-text=\"Processing\u2026\" conditional_rules='&quot;&quot;' conditional_id='evf-submit-693'  id=\"evf-submit-693\" aria-live=\"assertive\">Skicka<\/button><\/div><\/form><\/div><!-- .evf-container --><\/div><\/div>\n\t\t\t\t<\/div>\n\t\t\t\t<\/div>\n\t\t\t\t\t<\/div>\n\t\t<\/div>\n\t\t\t\t<div class=\"elementor-column elementor-col-50 elementor-inner-column elementor-element elementor-element-be2e413\" data-id=\"be2e413\" data-element_type=\"column\">\n\t\t\t<div class=\"elementor-widget-wrap elementor-element-populated\">\n\t\t\t\t\t\t\t\t<div class=\"elementor-element elementor-element-525afab elementor-widget elementor-widget-image\" data-id=\"525afab\" data-element_type=\"widget\" data-widget_type=\"image.default\">\n\t\t\t\t<div class=\"elementor-widget-container\">\n\t\t\t\t\t\t\t\t\t\t\t\t\t\t\t<img decoding=\"async\" width=\"812\" height=\"609\" src=\"https:\/\/fempowerment.se\/wp-content\/uploads\/2019\/12\/Ungdomstr\u00e4ff-5_25-sept-1024x768.jpeg\" class=\"attachment-large size-large wp-image-3788\" alt=\"\" loading=\"lazy\" srcset=\"https:\/\/fempowerment.se\/wp-content\/uploads\/2019\/12\/Ungdomstr\u00e4ff-5_25-sept-1024x768.jpeg 1024w, https:\/\/fempowerment.se\/wp-content\/uploads\/2019\/12\/Ungdomstr\u00e4ff-5_25-sept-600x450.jpeg 600w, https:\/\/fempowerment.se\/wp-content\/uploads\/2019\/12\/Ungdomstr\u00e4ff-5_25-sept-300x225.jpeg 300w, https:\/\/fempowerment.se\/wp-content\/uploads\/2019\/12\/Ungdomstr\u00e4ff-5_25-sept-768x576.jpeg 768w\" sizes=\"(max-width: 812px) 100vw, 812px\" \/>\t\t\t\t\t\t\t\t\t\t\t\t\t\t\t<\/div>\n\t\t\t\t<\/div>\n\t\t\t\t\t<\/div>\n\t\t<\/div>\n\t\t\t\t\t\t\t<\/div>\n\t\t<\/section>\n\t\t\t\t\t<\/div>\n\t\t<\/div>\n\t\t\t\t\t\t\t<\/div>\n\t\t<\/section>\n\t\t\t\t\t\t\t<\/div>\n\t\t","protected":false},"excerpt":{"rendered":"<p>ANGA\u017dUJTE NAS Mi imamo dugogodi\u0161nje iskustvo predavanja i obrazovanja o, izme\u0111u ostalog, nasilju u bliskim odnosima. Tokom godinama smo dr\u017eali predavanja, na primjer, u narodnim univerzitetima, omladinskim centrima, za profesionalce na terenu i me\u0111unarodnim ambasadama. Sva predavanja su prilago\u0111ena ciljanoj grupi i posebnim potrebama koje mogu postojati. Razne teme povezane sa na\u0161im aktivnostima su nasilje [&hellip;]<\/p>\n","protected":false},"author":1,"featured_media":0,"parent":0,"menu_order":0,"comment_status":"closed","ping_status":"closed","template":"","meta":[],"yoast_head":"<!-- This site is optimized with the Yoast SEO plugin v20.13 - https:\/\/yoast.com\/wordpress\/plugins\/seo\/ -->\n<title>ANGA\u017dUJTE NAS - Fempowerment.se<\/title>\n<meta name=\"robots\" content=\"index, follow, max-snippet:-1, max-image-preview:large, max-video-preview:-1\" \/>\n<link rel=\"canonical\" href=\"https:\/\/fempowerment.se\/bs\/rezervisite-nas\/\" \/>\n<meta property=\"og:locale\" content=\"bs_BA\" \/>\n<meta property=\"og:type\" content=\"article\" \/>\n<meta property=\"og:title\" content=\"ANGA\u017dUJTE NAS - Fempowerment.se\" \/>\n<meta property=\"og:description\" content=\"ANGA\u017dUJTE NAS Mi imamo dugogodi\u0161nje iskustvo predavanja i obrazovanja o, izme\u0111u ostalog, nasilju u bliskim odnosima. Tokom godinama smo dr\u017eali predavanja, na primjer, u narodnim univerzitetima, omladinskim centrima, za profesionalce na terenu i me\u0111unarodnim ambasadama. Sva predavanja su prilago\u0111ena ciljanoj grupi i posebnim potrebama koje mogu postojati. Razne teme povezane sa na\u0161im aktivnostima su nasilje [&hellip;]\" \/>\n<meta property=\"og:url\" content=\"https:\/\/fempowerment.se\/bs\/rezervisite-nas\/\" \/>\n<meta property=\"og:site_name\" content=\"Fempowerment.se\" \/>\n<meta property=\"article:modified_time\" content=\"2021-03-10T13:22:28+00:00\" \/>\n<meta property=\"og:image\" content=\"https:\/\/fempowerment.se\/wp-content\/uploads\/2019\/12\/Ungdomstr\u00e4ff-5_25-sept-1024x768.jpeg\" \/>\n<meta name=\"twitter:card\" content=\"summary_large_image\" \/>\n<meta name=\"twitter:label1\" content=\"Est. reading time\" \/>\n\t<meta name=\"twitter:data1\" content=\"1 minuta\" \/>\n<script type=\"application\/ld+json\" class=\"yoast-schema-graph\">{\"@context\":\"https:\/\/schema.org\",\"@graph\":[{\"@type\":\"WebPage\",\"@id\":\"https:\/\/fempowerment.se\/bs\/rezervisite-nas\/\",\"url\":\"https:\/\/fempowerment.se\/bs\/rezervisite-nas\/\",\"name\":\"ANGA\u017dUJTE NAS - Fempowerment.se\",\"isPartOf\":{\"@id\":\"https:\/\/fempowerment.se\/bs\/#website\"},\"datePublished\":\"2021-02-08T16:11:03+00:00\",\"dateModified\":\"2021-03-10T13:22:28+00:00\",\"breadcrumb\":{\"@id\":\"https:\/\/fempowerment.se\/bs\/rezervisite-nas\/#breadcrumb\"},\"inLanguage\":\"bs-BA\",\"potentialAction\":[{\"@type\":\"ReadAction\",\"target\":[\"https:\/\/fempowerment.se\/bs\/rezervisite-nas\/\"]}]},{\"@type\":\"BreadcrumbList\",\"@id\":\"https:\/\/fempowerment.se\/bs\/rezervisite-nas\/#breadcrumb\",\"itemListElement\":[{\"@type\":\"ListItem\",\"position\":1,\"name\":\"Hem\",\"item\":\"https:\/\/fempowerment.se\/bs\/\"},{\"@type\":\"ListItem\",\"position\":2,\"name\":\"ANGA\u017dUJTE NAS\"}]},{\"@type\":\"WebSite\",\"@id\":\"https:\/\/fempowerment.se\/bs\/#website\",\"url\":\"https:\/\/fempowerment.se\/bs\/\",\"name\":\"Fempowerment.se\",\"description\":\"Kvinno- och st\u00f6djouren Fempowerment st\u00f6djer, hj\u00e4lper och erbjuder gratis juridisk r\u00e5dgivning p\u00e5 olika spr\u00e5k till v\u00e5ldsutsatta kvinnor, tjejer och ickebin\u00e4ra.\",\"publisher\":{\"@id\":\"https:\/\/fempowerment.se\/bs\/#organization\"},\"potentialAction\":[{\"@type\":\"SearchAction\",\"target\":{\"@type\":\"EntryPoint\",\"urlTemplate\":\"https:\/\/fempowerment.se\/bs\/?s={search_term_string}\"},\"query-input\":\"required name=search_term_string\"}],\"inLanguage\":\"bs-BA\"},{\"@type\":\"Organization\",\"@id\":\"https:\/\/fempowerment.se\/bs\/#organization\",\"name\":\"Fempowerment.se\",\"url\":\"https:\/\/fempowerment.se\/bs\/\",\"logo\":{\"@type\":\"ImageObject\",\"inLanguage\":\"bs-BA\",\"@id\":\"https:\/\/fempowerment.se\/bs\/#\/schema\/logo\/image\/\",\"url\":\"https:\/\/fempowerment.se\/wp-content\/uploads\/2019\/12\/Fpower_3_vit-1-e1576083389343.png\",\"contentUrl\":\"https:\/\/fempowerment.se\/wp-content\/uploads\/2019\/12\/Fpower_3_vit-1-e1576083389343.png\",\"width\":263,\"height\":36,\"caption\":\"Fempowerment.se\"},\"image\":{\"@id\":\"https:\/\/fempowerment.se\/bs\/#\/schema\/logo\/image\/\"}}]}<\/script>\n<!-- \/ Yoast SEO plugin. -->","yoast_head_json":{"title":"ANGA\u017dUJTE NAS - Fempowerment.se","robots":{"index":"index","follow":"follow","max-snippet":"max-snippet:-1","max-image-preview":"max-image-preview:large","max-video-preview":"max-video-preview:-1"},"canonical":"https:\/\/fempowerment.se\/bs\/rezervisite-nas\/","og_locale":"bs_BA","og_type":"article","og_title":"ANGA\u017dUJTE NAS - Fempowerment.se","og_description":"ANGA\u017dUJTE NAS Mi imamo dugogodi\u0161nje iskustvo predavanja i obrazovanja o, izme\u0111u ostalog, nasilju u bliskim odnosima. Tokom godinama smo dr\u017eali predavanja, na primjer, u narodnim univerzitetima, omladinskim centrima, za profesionalce na terenu i me\u0111unarodnim ambasadama. Sva predavanja su prilago\u0111ena ciljanoj grupi i posebnim potrebama koje mogu postojati. Razne teme povezane sa na\u0161im aktivnostima su nasilje [&hellip;]","og_url":"https:\/\/fempowerment.se\/bs\/rezervisite-nas\/","og_site_name":"Fempowerment.se","article_modified_time":"2021-03-10T13:22:28+00:00","og_image":[{"url":"https:\/\/fempowerment.se\/wp-content\/uploads\/2019\/12\/Ungdomstr\u00e4ff-5_25-sept-1024x768.jpeg"}],"twitter_card":"summary_large_image","twitter_misc":{"Est. reading time":"1 minuta"},"schema":{"@context":"https:\/\/schema.org","@graph":[{"@type":"WebPage","@id":"https:\/\/fempowerment.se\/bs\/rezervisite-nas\/","url":"https:\/\/fempowerment.se\/bs\/rezervisite-nas\/","name":"ANGA\u017dUJTE NAS - Fempowerment.se","isPartOf":{"@id":"https:\/\/fempowerment.se\/bs\/#website"},"datePublished":"2021-02-08T16:11:03+00:00","dateModified":"2021-03-10T13:22:28+00:00","breadcrumb":{"@id":"https:\/\/fempowerment.se\/bs\/rezervisite-nas\/#breadcrumb"},"inLanguage":"bs-BA","potentialAction":[{"@type":"ReadAction","target":["https:\/\/fempowerment.se\/bs\/rezervisite-nas\/"]}]},{"@type":"BreadcrumbList","@id":"https:\/\/fempowerment.se\/bs\/rezervisite-nas\/#breadcrumb","itemListElement":[{"@type":"ListItem","position":1,"name":"Hem","item":"https:\/\/fempowerment.se\/bs\/"},{"@type":"ListItem","position":2,"name":"ANGA\u017dUJTE NAS"}]},{"@type":"WebSite","@id":"https:\/\/fempowerment.se\/bs\/#website","url":"https:\/\/fempowerment.se\/bs\/","name":"Fempowerment.se","description":"Kvinno- och st\u00f6djouren Fempowerment st\u00f6djer, hj\u00e4lper och erbjuder gratis juridisk r\u00e5dgivning p\u00e5 olika spr\u00e5k till v\u00e5ldsutsatta kvinnor, tjejer och ickebin\u00e4ra.","publisher":{"@id":"https:\/\/fempowerment.se\/bs\/#organization"},"potentialAction":[{"@type":"SearchAction","target":{"@type":"EntryPoint","urlTemplate":"https:\/\/fempowerment.se\/bs\/?s={search_term_string}"},"query-input":"required name=search_term_string"}],"inLanguage":"bs-BA"},{"@type":"Organization","@id":"https:\/\/fempowerment.se\/bs\/#organization","name":"Fempowerment.se","url":"https:\/\/fempowerment.se\/bs\/","logo":{"@type":"ImageObject","inLanguage":"bs-BA","@id":"https:\/\/fempowerment.se\/bs\/#\/schema\/logo\/image\/","url":"https:\/\/fempowerment.se\/wp-content\/uploads\/2019\/12\/Fpower_3_vit-1-e1576083389343.png","contentUrl":"https:\/\/fempowerment.se\/wp-content\/uploads\/2019\/12\/Fpower_3_vit-1-e1576083389343.png","width":263,"height":36,"caption":"Fempowerment.se"},"image":{"@id":"https:\/\/fempowerment.se\/bs\/#\/schema\/logo\/image\/"}}]}},"_links":{"self":[{"href":"https:\/\/fempowerment.se\/bs\/wp-json\/wp\/v2\/pages\/3891"}],"collection":[{"href":"https:\/\/fempowerment.se\/bs\/wp-json\/wp\/v2\/pages"}],"about":[{"href":"https:\/\/fempowerment.se\/bs\/wp-json\/wp\/v2\/types\/page"}],"author":[{"embeddable":true,"href":"https:\/\/fempowerment.se\/bs\/wp-json\/wp\/v2\/users\/1"}],"replies":[{"embeddable":true,"href":"https:\/\/fempowerment.se\/bs\/wp-json\/wp\/v2\/comments?post=3891"}],"version-history":[{"count":5,"href":"https:\/\/fempowerment.se\/bs\/wp-json\/wp\/v2\/pages\/3891\/revisions"}],"predecessor-version":[{"id":4066,"href":"https:\/\/fempowerment.se\/bs\/wp-json\/wp\/v2\/pages\/3891\/revisions\/4066"}],"wp:attachment":[{"href":"https:\/\/fempowerment.se\/bs\/wp-json\/wp\/v2\/media?parent=3891"}],"curies":[{"name":"wp","href":"https:\/\/api.w.org\/{rel}","templated":true}]}}