{"id":2325,"date":"2021-01-26T18:08:01","date_gmt":"2021-01-26T17:08:01","guid":{"rendered":"https:\/\/fempowerment.se\/about-us\/"},"modified":"2024-11-11T15:53:26","modified_gmt":"2024-11-11T14:53:26","slug":"about-us","status":"publish","type":"page","link":"https:\/\/fempowerment.se\/en\/about-us\/","title":{"rendered":"ABOUT US"},"content":{"rendered":"\t\t<div data-elementor-type=\"wp-post\" data-elementor-id=\"2325\" class=\"elementor elementor-2325\" data-elementor-post-type=\"page\">\n\t\t\t\t\t\t\t\t\t<section class=\"elementor-section elementor-top-section elementor-element elementor-element-6fd04e50 elementor-section-boxed elementor-section-height-default elementor-section-height-default\" data-id=\"6fd04e50\" data-element_type=\"section\">\n\t\t\t\t\t\t<div class=\"elementor-container elementor-column-gap-no\">\n\t\t\t\t\t<div class=\"elementor-column elementor-col-100 elementor-top-column elementor-element elementor-element-12d8147e\" data-id=\"12d8147e\" data-element_type=\"column\" data-settings=\"{&quot;background_background&quot;:&quot;classic&quot;}\">\n\t\t\t<div class=\"elementor-widget-wrap elementor-element-populated\">\n\t\t\t\t\t\t\t\t<div class=\"elementor-element elementor-element-2110c3b elementor-widget elementor-widget-spacer\" data-id=\"2110c3b\" data-element_type=\"widget\" data-widget_type=\"spacer.default\">\n\t\t\t\t<div class=\"elementor-widget-container\">\n\t\t\t\t\t<div class=\"elementor-spacer\">\n\t\t\t<div class=\"elementor-spacer-inner\"><\/div>\n\t\t<\/div>\n\t\t\t\t<\/div>\n\t\t\t\t<\/div>\n\t\t\t\t<div class=\"elementor-element elementor-element-7afe1e7c elementor-widget elementor-widget-heading\" data-id=\"7afe1e7c\" data-element_type=\"widget\" data-widget_type=\"heading.default\">\n\t\t\t\t<div class=\"elementor-widget-container\">\n\t\t\t<h1 class=\"elementor-heading-title elementor-size-default\">ABOUT US<\/h1>\t\t<\/div>\n\t\t\t\t<\/div>\n\t\t\t\t<section class=\"elementor-section elementor-inner-section elementor-element elementor-element-1cac7f01 elementor-section-content-middle elementor-section-boxed elementor-section-height-default elementor-section-height-default\" data-id=\"1cac7f01\" data-element_type=\"section\">\n\t\t\t\t\t\t<div class=\"elementor-container elementor-column-gap-no\">\n\t\t\t\t\t<div class=\"elementor-column elementor-col-50 elementor-inner-column elementor-element elementor-element-5d9a61c0\" data-id=\"5d9a61c0\" data-element_type=\"column\">\n\t\t\t<div class=\"elementor-widget-wrap elementor-element-populated\">\n\t\t\t\t\t\t\t\t<div class=\"elementor-element elementor-element-27c34250 elementor-widget elementor-widget-text-editor\" data-id=\"27c34250\" data-element_type=\"widget\" data-widget_type=\"text-editor.default\">\n\t\t\t\t<div class=\"elementor-widget-container\">\n\t\t\t\t\t\t\t<p><strong>Fempowerment is a non-profit organization that supports and helps women, girls and non-binaries of non-Nordic origin, whom been subjected to domestic violence. We offer help, support and free legal advice in various languages. We provide help and support via our nationwide support helpline, chat and email. Fempowerment is a feminist and anti-racist organization that is religiously and politically independent.<\/strong><\/p>\n<p><span style=\"font-weight: 400;\">Our main task is to support survivors of domestic violence, which we have a long experience of. Anyone with a non-Nordic background who identifies as a woman, girl or non-binary is welcome to contact us. We provide help in many different languages, so most people can get support in their own language. When it comes to supportive conversations, it means everything from phone calls and chats conversations, and a meeting at our office. We also provide support in contact with authorities such as the social services, the Swedish Migration Agency, the Enforcement Authority, the police and the court among other. <\/span><\/p>\n<p><span style=\"font-weight: 400;\">In our quest for an equal society free from men&#8217;s violence, we engage in advocacy work, and developing and conducting preventive work with women, men, non-binary and young people. A large part of this is that we raise awareness through educating about domestic violence and how the violence affects women and non-binaries of non-Nordic descent. Over the years, we have lectured for different authorities, high schools and SFI schools and other workplaces.<\/span><\/p>\n<p><strong>Please email your request about lectures and\/or collaboration to <a href=\"mailto:info@fempowerment.se\">info@fempowerment.se<\/a>.<\/strong><\/p>\n<p><strong>In <a href=\"https:\/\/fempowerment.se\/wp-content\/uploads\/2020\/03\/Fempowerments-Integritetspolicy-2018-05-17-.pdf\">Fempowerments Integritetspolicy 2018-05-1 <\/a> you will find information on how we handle sensitive personal data.<\/strong><\/p>\n\t\t\t\t\t\t<\/div>\n\t\t\t\t<\/div>\n\t\t\t\t\t<\/div>\n\t\t<\/div>\n\t\t\t\t<div class=\"elementor-column elementor-col-50 elementor-inner-column elementor-element elementor-element-0769154\" data-id=\"0769154\" data-element_type=\"column\">\n\t\t\t<div class=\"elementor-widget-wrap elementor-element-populated\">\n\t\t\t\t\t\t\t\t<div class=\"elementor-element elementor-element-c22e07f elementor-widget elementor-widget-image\" data-id=\"c22e07f\" data-element_type=\"widget\" data-widget_type=\"image.default\">\n\t\t\t\t<div class=\"elementor-widget-container\">\n\t\t\t\t\t\t\t\t\t\t\t\t\t\t\t<img decoding=\"async\" width=\"1920\" height=\"2560\" src=\"https:\/\/fempowerment.se\/wp-content\/uploads\/2019\/12\/IMG_0591-e1577752941609-scaled.jpg\" class=\"attachment-full size-full wp-image-2320\" alt=\"\" loading=\"lazy\" srcset=\"https:\/\/fempowerment.se\/wp-content\/uploads\/2019\/12\/IMG_0591-e1577752941609-scaled.jpg 1920w, https:\/\/fempowerment.se\/wp-content\/uploads\/2019\/12\/IMG_0591-e1577752941609-600x800.jpg 600w, https:\/\/fempowerment.se\/wp-content\/uploads\/2019\/12\/IMG_0591-e1577752941609-225x300.jpg 225w, https:\/\/fempowerment.se\/wp-content\/uploads\/2019\/12\/IMG_0591-e1577752941609-768x1024.jpg 768w\" sizes=\"(max-width: 1920px) 100vw, 1920px\" \/>\t\t\t\t\t\t\t\t\t\t\t\t\t\t\t<\/div>\n\t\t\t\t<\/div>\n\t\t\t\t\t<\/div>\n\t\t<\/div>\n\t\t\t\t\t\t\t<\/div>\n\t\t<\/section>\n\t\t\t\t\t<\/div>\n\t\t<\/div>\n\t\t\t\t\t\t\t<\/div>\n\t\t<\/section>\n\t\t\t\t<section class=\"elementor-section elementor-top-section elementor-element elementor-element-775c5ac elementor-section-boxed elementor-section-height-default elementor-section-height-default\" data-id=\"775c5ac\" data-element_type=\"section\">\n\t\t\t\t\t\t<div class=\"elementor-container elementor-column-gap-default\">\n\t\t\t\t\t<div class=\"elementor-column elementor-col-100 elementor-top-column elementor-element elementor-element-f6fba82\" data-id=\"f6fba82\" data-element_type=\"column\" data-settings=\"{&quot;background_background&quot;:&quot;classic&quot;}\">\n\t\t\t<div class=\"elementor-widget-wrap elementor-element-populated\">\n\t\t\t\t\t\t\t\t<div class=\"elementor-element elementor-element-3d89df9 elementor-widget elementor-widget-heading\" data-id=\"3d89df9\" data-element_type=\"widget\" data-widget_type=\"heading.default\">\n\t\t\t\t<div class=\"elementor-widget-container\">\n\t\t\t<h2 class=\"elementor-heading-title elementor-size-default\">Fempowerments board<\/h2>\t\t<\/div>\n\t\t\t\t<\/div>\n\t\t\t\t<section class=\"elementor-section elementor-inner-section elementor-element elementor-element-9debebb elementor-section-boxed elementor-section-height-default elementor-section-height-default\" data-id=\"9debebb\" data-element_type=\"section\">\n\t\t\t\t\t\t<div class=\"elementor-container elementor-column-gap-default\">\n\t\t\t\t\t<div class=\"elementor-column elementor-col-50 elementor-inner-column elementor-element elementor-element-a756f28\" data-id=\"a756f28\" data-element_type=\"column\">\n\t\t\t<div class=\"elementor-widget-wrap elementor-element-populated\">\n\t\t\t\t\t\t\t\t<div class=\"elementor-element elementor-element-5e5e3f6 elementor-widget elementor-widget-text-editor\" data-id=\"5e5e3f6\" data-element_type=\"widget\" data-widget_type=\"text-editor.default\">\n\t\t\t\t<div class=\"elementor-widget-container\">\n\t\t\t\t\t\t\t<p><strong>Chairperson<\/strong><br \/>Hermela Embaye<\/p><p><strong>Vice Chairperson<\/strong><br \/>Eleni Skordilis<\/p><p><strong>Treasurer<\/strong><br \/>Alexandra Lee<\/p><p>Contact the board: <span style=\"text-decoration: underline;\"><a href=\"https:\/\/fempowerment.se\/om-oss\/styrelsen@fempowerment.se\">styrelsen@fempowerment.se<\/a><\/span><\/p>\t\t\t\t\t\t<\/div>\n\t\t\t\t<\/div>\n\t\t\t\t\t<\/div>\n\t\t<\/div>\n\t\t\t\t<div class=\"elementor-column elementor-col-50 elementor-inner-column elementor-element elementor-element-e22d37b\" data-id=\"e22d37b\" data-element_type=\"column\">\n\t\t\t<div class=\"elementor-widget-wrap elementor-element-populated\">\n\t\t\t\t\t\t\t\t<div class=\"elementor-element elementor-element-bedac3d elementor-widget elementor-widget-text-editor\" data-id=\"bedac3d\" data-element_type=\"widget\" data-widget_type=\"text-editor.default\">\n\t\t\t\t<div class=\"elementor-widget-container\">\n\t\t\t\t\t\t\t\t\t\t\t\t\t<\/div>\n\t\t\t\t<\/div>\n\t\t\t\t\t<\/div>\n\t\t<\/div>\n\t\t\t\t\t\t\t<\/div>\n\t\t<\/section>\n\t\t\t\t\t<\/div>\n\t\t<\/div>\n\t\t\t\t\t\t\t<\/div>\n\t\t<\/section>\n\t\t\t\t<section class=\"elementor-section elementor-top-section elementor-element elementor-element-d8f4e4c elementor-section-boxed elementor-section-height-default elementor-section-height-default\" data-id=\"d8f4e4c\" data-element_type=\"section\">\n\t\t\t\t\t\t<div class=\"elementor-container elementor-column-gap-default\">\n\t\t\t\t\t<div class=\"elementor-column elementor-col-100 elementor-top-column elementor-element elementor-element-a1d47f8\" data-id=\"a1d47f8\" data-element_type=\"column\">\n\t\t\t<div class=\"elementor-widget-wrap elementor-element-populated\">\n\t\t\t\t\t\t\t\t<section class=\"elementor-section elementor-inner-section elementor-element elementor-element-49dd1e6 elementor-section-boxed elementor-section-height-default elementor-section-height-default\" data-id=\"49dd1e6\" data-element_type=\"section\">\n\t\t\t\t\t\t<div class=\"elementor-container elementor-column-gap-default\">\n\t\t\t\t\t<div class=\"elementor-column elementor-col-50 elementor-inner-column elementor-element elementor-element-7ba0132\" data-id=\"7ba0132\" data-element_type=\"column\">\n\t\t\t<div class=\"elementor-widget-wrap elementor-element-populated\">\n\t\t\t\t\t\t\t\t<div class=\"elementor-element elementor-element-492fb0f elementor-widget elementor-widget-heading\" data-id=\"492fb0f\" data-element_type=\"widget\" data-widget_type=\"heading.default\">\n\t\t\t\t<div class=\"elementor-widget-container\">\n\t\t\t<h2 class=\"elementor-heading-title elementor-size-default\">Contact<\/h2>\t\t<\/div>\n\t\t\t\t<\/div>\n\t\t\t\t<div class=\"elementor-element elementor-element-d55a0fc elementor-widget elementor-widget-text-editor\" data-id=\"d55a0fc\" data-element_type=\"widget\" data-widget_type=\"text-editor.default\">\n\t\t\t\t<div class=\"elementor-widget-container\">\n\t\t\t\t\t\t\t<p><a style=\"text-decoration-line: underline;\" href=\"mailto:info@fempowerment.se\">info@fempowerment.se<\/a><br \/><u><\/u><span style=\"font-style: inherit; font-weight: inherit;\">Support Helpline: <\/span><span style=\"font-style: inherit;\"><b>020-33 99 00<br \/><\/b><\/span><span style=\"font-style: inherit; font-weight: inherit;\">Telephone office: <strong>08-21 39 00<\/strong><br \/><\/span>Address: Livdjursgatan 4<\/p>\t\t\t\t\t\t<\/div>\n\t\t\t\t<\/div>\n\t\t\t\t\t<\/div>\n\t\t<\/div>\n\t\t\t\t<div class=\"elementor-column elementor-col-50 elementor-inner-column elementor-element elementor-element-c20a6cb\" data-id=\"c20a6cb\" data-element_type=\"column\">\n\t\t\t<div class=\"elementor-widget-wrap elementor-element-populated\">\n\t\t\t\t\t\t\t\t<div class=\"elementor-element elementor-element-b5f3f74 elementor-widget elementor-widget-google_maps\" data-id=\"b5f3f74\" data-element_type=\"widget\" data-widget_type=\"google_maps.default\">\n\t\t\t\t<div class=\"elementor-widget-container\">\n\t\t\t\t\t<div class=\"elementor-custom-embed\">\n\t\t\t<iframe loading=\"lazy\"\n\t\t\t\t\tsrc=\"https:\/\/maps.google.com\/maps?q=Livdjursgatan%204&#038;t=m&#038;z=10&#038;output=embed&#038;iwloc=near\"\n\t\t\t\t\ttitle=\"Livdjursgatan 4\"\n\t\t\t\t\taria-label=\"Livdjursgatan 4\"\n\t\t\t><\/iframe>\n\t\t<\/div>\n\t\t\t\t<\/div>\n\t\t\t\t<\/div>\n\t\t\t\t\t<\/div>\n\t\t<\/div>\n\t\t\t\t\t\t\t<\/div>\n\t\t<\/section>\n\t\t\t\t\t<\/div>\n\t\t<\/div>\n\t\t\t\t\t\t\t<\/div>\n\t\t<\/section>\n\t\t\t\t\t\t\t<\/div>\n\t\t","protected":false},"excerpt":{"rendered":"<p>ABOUT US Fempowerment is a non-profit organization that supports and helps women, girls and non-binaries of non-Nordic origin, whom been subjected to domestic violence. We offer help, support and free legal advice in various languages. We provide help and support via our nationwide support helpline, chat and email. Fempowerment is a feminist and anti-racist organization [&hellip;]<\/p>\n","protected":false},"author":1,"featured_media":0,"parent":0,"menu_order":0,"comment_status":"closed","ping_status":"closed","template":"elementor_header_footer","meta":[],"yoast_head":"<!-- This site is optimized with the Yoast SEO plugin v20.13 - https:\/\/yoast.com\/wordpress\/plugins\/seo\/ -->\n<title>ABOUT US - Fempowerment.se<\/title>\n<meta name=\"robots\" content=\"index, follow, max-snippet:-1, max-image-preview:large, max-video-preview:-1\" \/>\n<link rel=\"canonical\" href=\"https:\/\/fempowerment.se\/en\/about-us\/\" \/>\n<meta property=\"og:locale\" content=\"en_US\" \/>\n<meta property=\"og:type\" content=\"article\" \/>\n<meta property=\"og:title\" content=\"ABOUT US - Fempowerment.se\" \/>\n<meta property=\"og:description\" content=\"ABOUT US Fempowerment is a non-profit organization that supports and helps women, girls and non-binaries of non-Nordic origin, whom been subjected to domestic violence. We offer help, support and free legal advice in various languages. We provide help and support via our nationwide support helpline, chat and email. Fempowerment is a feminist and anti-racist organization [&hellip;]\" \/>\n<meta property=\"og:url\" content=\"https:\/\/fempowerment.se\/en\/about-us\/\" \/>\n<meta property=\"og:site_name\" content=\"Fempowerment.se\" \/>\n<meta property=\"article:modified_time\" content=\"2024-11-11T14:53:26+00:00\" \/>\n<meta property=\"og:image\" content=\"https:\/\/fempowerment.se\/wp-content\/uploads\/2019\/12\/IMG_0591-e1577752941609-scaled.jpg\" \/>\n<meta name=\"twitter:card\" content=\"summary_large_image\" \/>\n<meta name=\"twitter:label1\" content=\"Est. reading time\" \/>\n\t<meta name=\"twitter:data1\" content=\"2 minutes\" \/>\n<script type=\"application\/ld+json\" class=\"yoast-schema-graph\">{\"@context\":\"https:\/\/schema.org\",\"@graph\":[{\"@type\":\"WebPage\",\"@id\":\"https:\/\/fempowerment.se\/en\/about-us\/\",\"url\":\"https:\/\/fempowerment.se\/en\/about-us\/\",\"name\":\"ABOUT US - Fempowerment.se\",\"isPartOf\":{\"@id\":\"https:\/\/fempowerment.se\/en\/#website\"},\"datePublished\":\"2021-01-26T17:08:01+00:00\",\"dateModified\":\"2024-11-11T14:53:26+00:00\",\"breadcrumb\":{\"@id\":\"https:\/\/fempowerment.se\/en\/about-us\/#breadcrumb\"},\"inLanguage\":\"en-US\",\"potentialAction\":[{\"@type\":\"ReadAction\",\"target\":[\"https:\/\/fempowerment.se\/en\/about-us\/\"]}]},{\"@type\":\"BreadcrumbList\",\"@id\":\"https:\/\/fempowerment.se\/en\/about-us\/#breadcrumb\",\"itemListElement\":[{\"@type\":\"ListItem\",\"position\":1,\"name\":\"Hem\",\"item\":\"https:\/\/fempowerment.se\/en\/\"},{\"@type\":\"ListItem\",\"position\":2,\"name\":\"ABOUT US\"}]},{\"@type\":\"WebSite\",\"@id\":\"https:\/\/fempowerment.se\/en\/#website\",\"url\":\"https:\/\/fempowerment.se\/en\/\",\"name\":\"Fempowerment.se\",\"description\":\"Kvinno- och st\u00f6djouren Fempowerment st\u00f6djer, hj\u00e4lper och erbjuder gratis juridisk r\u00e5dgivning p\u00e5 olika spr\u00e5k till v\u00e5ldsutsatta kvinnor, tjejer och ickebin\u00e4ra.\",\"publisher\":{\"@id\":\"https:\/\/fempowerment.se\/en\/#organization\"},\"potentialAction\":[{\"@type\":\"SearchAction\",\"target\":{\"@type\":\"EntryPoint\",\"urlTemplate\":\"https:\/\/fempowerment.se\/en\/?s={search_term_string}\"},\"query-input\":\"required name=search_term_string\"}],\"inLanguage\":\"en-US\"},{\"@type\":\"Organization\",\"@id\":\"https:\/\/fempowerment.se\/en\/#organization\",\"name\":\"Fempowerment.se\",\"url\":\"https:\/\/fempowerment.se\/en\/\",\"logo\":{\"@type\":\"ImageObject\",\"inLanguage\":\"en-US\",\"@id\":\"https:\/\/fempowerment.se\/en\/#\/schema\/logo\/image\/\",\"url\":\"https:\/\/fempowerment.se\/wp-content\/uploads\/2019\/12\/Fpower_3_vit-1-e1576083389343.png\",\"contentUrl\":\"https:\/\/fempowerment.se\/wp-content\/uploads\/2019\/12\/Fpower_3_vit-1-e1576083389343.png\",\"width\":263,\"height\":36,\"caption\":\"Fempowerment.se\"},\"image\":{\"@id\":\"https:\/\/fempowerment.se\/en\/#\/schema\/logo\/image\/\"}}]}<\/script>\n<!-- \/ Yoast SEO plugin. -->","yoast_head_json":{"title":"ABOUT US - Fempowerment.se","robots":{"index":"index","follow":"follow","max-snippet":"max-snippet:-1","max-image-preview":"max-image-preview:large","max-video-preview":"max-video-preview:-1"},"canonical":"https:\/\/fempowerment.se\/en\/about-us\/","og_locale":"en_US","og_type":"article","og_title":"ABOUT US - Fempowerment.se","og_description":"ABOUT US Fempowerment is a non-profit organization that supports and helps women, girls and non-binaries of non-Nordic origin, whom been subjected to domestic violence. We offer help, support and free legal advice in various languages. We provide help and support via our nationwide support helpline, chat and email. Fempowerment is a feminist and anti-racist organization [&hellip;]","og_url":"https:\/\/fempowerment.se\/en\/about-us\/","og_site_name":"Fempowerment.se","article_modified_time":"2024-11-11T14:53:26+00:00","og_image":[{"url":"https:\/\/fempowerment.se\/wp-content\/uploads\/2019\/12\/IMG_0591-e1577752941609-scaled.jpg"}],"twitter_card":"summary_large_image","twitter_misc":{"Est. reading time":"2 minutes"},"schema":{"@context":"https:\/\/schema.org","@graph":[{"@type":"WebPage","@id":"https:\/\/fempowerment.se\/en\/about-us\/","url":"https:\/\/fempowerment.se\/en\/about-us\/","name":"ABOUT US - Fempowerment.se","isPartOf":{"@id":"https:\/\/fempowerment.se\/en\/#website"},"datePublished":"2021-01-26T17:08:01+00:00","dateModified":"2024-11-11T14:53:26+00:00","breadcrumb":{"@id":"https:\/\/fempowerment.se\/en\/about-us\/#breadcrumb"},"inLanguage":"en-US","potentialAction":[{"@type":"ReadAction","target":["https:\/\/fempowerment.se\/en\/about-us\/"]}]},{"@type":"BreadcrumbList","@id":"https:\/\/fempowerment.se\/en\/about-us\/#breadcrumb","itemListElement":[{"@type":"ListItem","position":1,"name":"Hem","item":"https:\/\/fempowerment.se\/en\/"},{"@type":"ListItem","position":2,"name":"ABOUT US"}]},{"@type":"WebSite","@id":"https:\/\/fempowerment.se\/en\/#website","url":"https:\/\/fempowerment.se\/en\/","name":"Fempowerment.se","description":"Kvinno- och st\u00f6djouren Fempowerment st\u00f6djer, hj\u00e4lper och erbjuder gratis juridisk r\u00e5dgivning p\u00e5 olika spr\u00e5k till v\u00e5ldsutsatta kvinnor, tjejer och ickebin\u00e4ra.","publisher":{"@id":"https:\/\/fempowerment.se\/en\/#organization"},"potentialAction":[{"@type":"SearchAction","target":{"@type":"EntryPoint","urlTemplate":"https:\/\/fempowerment.se\/en\/?s={search_term_string}"},"query-input":"required name=search_term_string"}],"inLanguage":"en-US"},{"@type":"Organization","@id":"https:\/\/fempowerment.se\/en\/#organization","name":"Fempowerment.se","url":"https:\/\/fempowerment.se\/en\/","logo":{"@type":"ImageObject","inLanguage":"en-US","@id":"https:\/\/fempowerment.se\/en\/#\/schema\/logo\/image\/","url":"https:\/\/fempowerment.se\/wp-content\/uploads\/2019\/12\/Fpower_3_vit-1-e1576083389343.png","contentUrl":"https:\/\/fempowerment.se\/wp-content\/uploads\/2019\/12\/Fpower_3_vit-1-e1576083389343.png","width":263,"height":36,"caption":"Fempowerment.se"},"image":{"@id":"https:\/\/fempowerment.se\/en\/#\/schema\/logo\/image\/"}}]}},"_links":{"self":[{"href":"https:\/\/fempowerment.se\/en\/wp-json\/wp\/v2\/pages\/2325"}],"collection":[{"href":"https:\/\/fempowerment.se\/en\/wp-json\/wp\/v2\/pages"}],"about":[{"href":"https:\/\/fempowerment.se\/en\/wp-json\/wp\/v2\/types\/page"}],"author":[{"embeddable":true,"href":"https:\/\/fempowerment.se\/en\/wp-json\/wp\/v2\/users\/1"}],"replies":[{"embeddable":true,"href":"https:\/\/fempowerment.se\/en\/wp-json\/wp\/v2\/comments?post=2325"}],"version-history":[{"count":12,"href":"https:\/\/fempowerment.se\/en\/wp-json\/wp\/v2\/pages\/2325\/revisions"}],"predecessor-version":[{"id":8648,"href":"https:\/\/fempowerment.se\/en\/wp-json\/wp\/v2\/pages\/2325\/revisions\/8648"}],"wp:attachment":[{"href":"https:\/\/fempowerment.se\/en\/wp-json\/wp\/v2\/media?parent=2325"}],"curies":[{"name":"wp","href":"https:\/\/api.w.org\/{rel}","templated":true}]}}