{"id":4495,"date":"2021-06-10T11:19:11","date_gmt":"2021-06-10T09:19:11","guid":{"rendered":"https:\/\/fempowerment.se\/?page_id=4495"},"modified":"2024-08-14T15:16:27","modified_gmt":"2024-08-14T13:16:27","slug":"samtalsmottagning","status":"publish","type":"page","link":"https:\/\/fempowerment.se\/en\/samtalsmottagning\/","title":{"rendered":"Samtalsmottagning"},"content":{"rendered":"\t\t<div data-elementor-type=\"wp-page\" data-elementor-id=\"4495\" class=\"elementor elementor-4495\" data-elementor-post-type=\"page\">\n\t\t\t\t\t\t\t\t\t<section class=\"elementor-section elementor-top-section elementor-element elementor-element-46c1608 elementor-section-boxed elementor-section-height-default elementor-section-height-default\" data-id=\"46c1608\" data-element_type=\"section\">\n\t\t\t\t\t\t<div class=\"elementor-container elementor-column-gap-default\">\n\t\t\t\t\t<div class=\"elementor-column elementor-col-100 elementor-top-column elementor-element elementor-element-0f29e14\" data-id=\"0f29e14\" data-element_type=\"column\" data-settings=\"{&quot;background_background&quot;:&quot;classic&quot;}\">\n\t\t\t<div class=\"elementor-widget-wrap elementor-element-populated\">\n\t\t\t\t\t\t\t\t<div class=\"elementor-element elementor-element-15ea1bf elementor-widget elementor-widget-spacer\" data-id=\"15ea1bf\" data-element_type=\"widget\" data-widget_type=\"spacer.default\">\n\t\t\t\t<div class=\"elementor-widget-container\">\n\t\t\t\t\t<div class=\"elementor-spacer\">\n\t\t\t<div class=\"elementor-spacer-inner\"><\/div>\n\t\t<\/div>\n\t\t\t\t<\/div>\n\t\t\t\t<\/div>\n\t\t\t\t<div class=\"elementor-element elementor-element-5051f45 elementor-widget elementor-widget-heading\" data-id=\"5051f45\" data-element_type=\"widget\" data-widget_type=\"heading.default\">\n\t\t\t\t<div class=\"elementor-widget-container\">\n\t\t\t<h2 class=\"elementor-heading-title elementor-size-default\">Fempowerments samtalsmottagning<\/h2>\t\t<\/div>\n\t\t\t\t<\/div>\n\t\t\t\t\t<\/div>\n\t\t<\/div>\n\t\t\t\t\t\t\t<\/div>\n\t\t<\/section>\n\t\t\t\t<section class=\"elementor-section elementor-top-section elementor-element elementor-element-239e8ce elementor-section-boxed elementor-section-height-default elementor-section-height-default\" data-id=\"239e8ce\" data-element_type=\"section\" data-settings=\"{&quot;background_background&quot;:&quot;classic&quot;}\">\n\t\t\t\t\t\t<div class=\"elementor-container elementor-column-gap-default\">\n\t\t\t\t\t<div class=\"elementor-column elementor-col-100 elementor-top-column elementor-element elementor-element-3832b11\" data-id=\"3832b11\" data-element_type=\"column\" data-settings=\"{&quot;background_background&quot;:&quot;classic&quot;}\">\n\t\t\t<div class=\"elementor-widget-wrap elementor-element-populated\">\n\t\t\t\t\t\t\t\t<section class=\"elementor-section elementor-inner-section elementor-element elementor-element-0137342 elementor-section-boxed elementor-section-height-default elementor-section-height-default\" data-id=\"0137342\" data-element_type=\"section\" data-settings=\"{&quot;background_background&quot;:&quot;classic&quot;}\">\n\t\t\t\t\t\t<div class=\"elementor-container elementor-column-gap-default\">\n\t\t\t\t\t<div class=\"elementor-column elementor-col-50 elementor-inner-column elementor-element elementor-element-cd257d3\" data-id=\"cd257d3\" data-element_type=\"column\">\n\t\t\t<div class=\"elementor-widget-wrap elementor-element-populated\">\n\t\t\t\t\t\t\t\t<div class=\"elementor-element elementor-element-6e73a77 elementor-widget elementor-widget-text-editor\" data-id=\"6e73a77\" data-element_type=\"widget\" data-widget_type=\"text-editor.default\">\n\t\t\t\t<div class=\"elementor-widget-container\">\n\t\t\t\t\t\t\t<p style=\"text-align: left;\"><b>Beh\u00f6ver du hj\u00e4lp och st\u00f6d med att l\u00e4mna en v\u00e5ldsam eller destruktiv relation? Vill du bearbeta det v\u00e5ld du har utsatts f\u00f6r? Eller vill du kanske bara f\u00f6rst\u00e5 och l\u00e4ra dig om hur v\u00e5ldet kan ha p\u00e5verkat dig?<\/b><\/p><p style=\"text-align: left;\"><span style=\"font-weight: 400;\">P\u00e5 Fempowerment kan vi erbjuda dig <span class=\"ui-provider a b c d e f g h i j k l m n o p q r s t u v w x y z ab ac ae af ag ah ai aj ak\" dir=\"ltr\">psykosocialt samtalsst\u00f6d <\/span>med kurator i v\u00e5r samtalsmottagning, var du \u00e4n befinner dig i just din process. Att bli utsatt f\u00f6r v\u00e5ld kan vara en mycket tung och traumatisk process som k\u00e4nns os\u00e4ker. En professionell kan bidra med tryggheten av vara en kontinuerlig st\u00f6dperson som lyssnar, f\u00f6rst\u00e5r och bekr\u00e4ftar under processen.<\/span><\/p>\t\t\t\t\t\t<\/div>\n\t\t\t\t<\/div>\n\t\t\t\t<div class=\"elementor-element elementor-element-527a069 elementor-widget elementor-widget-text-editor\" data-id=\"527a069\" data-element_type=\"widget\" data-widget_type=\"text-editor.default\">\n\t\t\t\t<div class=\"elementor-widget-container\">\n\t\t\t\t\t\t\t<p style=\"text-align: left;\"><span style=\"font-weight: 400;\">V\u00e5ra kuratorer \u00e4r socionomer och arbetar med Motiverande samtal, ACT, RBP och FREDA-bed\u00f6mningsinstrument. De har l\u00e5ng erfarenhet av att arbeta med v\u00e5ldsutsatta och s\u00e4rskild s\u00e5rbarhet, samt har mycket god HBTQI-kompetens<\/span><span style=\"font-weight: 400;\">. S<\/span><span style=\"font-weight: 400;\">t\u00f6det anpassas utifr\u00e5n vad du sj\u00e4lv k\u00e4nner att du beh\u00f6ver hj\u00e4lp med.\u00a0<\/span><\/p><p style=\"text-align: left;\"><span style=\"font-weight: 400;\">Samtalsmottagningen \u00e4r helt kostnadsfri och samtalen h\u00e5lls i v\u00e5ra lokaler i Slakthusomr\u00e5det. Det g\u00e5r \u00e4ven att ordna via videosamtal om du inte bor i Stockholm, eller om du inte kan ta dig till lokalen.\u00a0\u00a0<\/span><\/p>\t\t\t\t\t\t<\/div>\n\t\t\t\t<\/div>\n\t\t\t\t\t<\/div>\n\t\t<\/div>\n\t\t\t\t<div class=\"elementor-column elementor-col-50 elementor-inner-column elementor-element elementor-element-fdf76a6\" data-id=\"fdf76a6\" data-element_type=\"column\" data-settings=\"{&quot;background_background&quot;:&quot;classic&quot;}\">\n\t\t\t<div class=\"elementor-widget-wrap elementor-element-populated\">\n\t\t\t\t\t\t\t\t<div class=\"elementor-element elementor-element-2a1e4cd elementor-widget elementor-widget-image\" data-id=\"2a1e4cd\" data-element_type=\"widget\" data-widget_type=\"image.default\">\n\t\t\t\t<div class=\"elementor-widget-container\">\n\t\t\t\t\t\t\t\t\t\t\t\t\t\t\t<img decoding=\"async\" src=\"https:\/\/fempowerment.se\/wp-content\/uploads\/elementor\/thumbs\/Ska\u0308rmavbild-2022-04-28-kl.-16.24.15-po18djuk36u6ydjxqsv1mphy0gy6qgdocgyjllhx2m.png\" title=\"Ska\u0308rmavbild 2022-04-28 kl. 16.24.15\" alt=\"Ska\u0308rmavbild 2022-04-28 kl. 16.24.15\" loading=\"lazy\" \/>\t\t\t\t\t\t\t\t\t\t\t\t\t\t\t<\/div>\n\t\t\t\t<\/div>\n\t\t\t\t<div class=\"elementor-element elementor-element-f6dea86 elementor-widget elementor-widget-text-editor\" data-id=\"f6dea86\" data-element_type=\"widget\" data-widget_type=\"text-editor.default\">\n\t\t\t\t<div class=\"elementor-widget-container\">\n\t\t\t\t\t\t\t<p><b><span style=\"color: var( --e-global-color-text ); font-style: inherit;\">Vi<\/span><span style=\"color: var( --e-global-color-text ); font-style: inherit;\">ll<\/span><\/b><span style=\"color: var( --e-global-color-text ); font-style: inherit;\"><b> du veta mer eller boka en tid? <\/b>H\u00f6r av dig till oss s\u00e5 \u00e5terkommer vi s\u00e5 snart vi kan f\u00f6r ett inledande samtal d\u00e4r vi kan best\u00e4mma hur vi g\u00e5r vidare.<\/span><\/p><ul><li><span style=\"color: var( --e-global-color-text );\"><b>Mejl:<\/b> jour@fempowerment.se<\/span><\/li><li><span style=\"color: var( --e-global-color-text ); font-family: var( --e-global-typography-text-font-family ), Sans-serif;\"><b>T<\/b><\/span><span style=\"color: var( --e-global-color-text ); font-family: var( --e-global-typography-text-font-family ), Sans-serif;\"><b>elefon:<\/b> 020-33 99 00 (m\u00e5n-fre kl. 10-16)<\/span><\/li><\/ul>\t\t\t\t\t\t<\/div>\n\t\t\t\t<\/div>\n\t\t\t\t\t<\/div>\n\t\t<\/div>\n\t\t\t\t\t\t\t<\/div>\n\t\t<\/section>\n\t\t\t\t\t<\/div>\n\t\t<\/div>\n\t\t\t\t\t\t\t<\/div>\n\t\t<\/section>\n\t\t\t\t<section class=\"elementor-section elementor-top-section elementor-element elementor-element-7746d08 elementor-section-boxed elementor-section-height-default elementor-section-height-default\" data-id=\"7746d08\" data-element_type=\"section\">\n\t\t\t\t\t\t<div class=\"elementor-container elementor-column-gap-default\">\n\t\t\t\t\t<div class=\"elementor-column elementor-col-100 elementor-top-column elementor-element elementor-element-466ded5\" data-id=\"466ded5\" data-element_type=\"column\">\n\t\t\t<div class=\"elementor-widget-wrap elementor-element-populated\">\n\t\t\t\t\t\t\t\t\t<\/div>\n\t\t<\/div>\n\t\t\t\t\t\t\t<\/div>\n\t\t<\/section>\n\t\t\t\t\t\t\t<\/div>\n\t\t","protected":false},"excerpt":{"rendered":"<p>Fempowerments samtalsmottagning Beh\u00f6ver du hj\u00e4lp och st\u00f6d med att l\u00e4mna en v\u00e5ldsam eller destruktiv relation? Vill du bearbeta det v\u00e5ld du har utsatts f\u00f6r? Eller vill du kanske bara f\u00f6rst\u00e5 och l\u00e4ra dig om hur v\u00e5ldet kan ha p\u00e5verkat dig? P\u00e5 Fempowerment kan vi erbjuda dig psykosocialt samtalsst\u00f6d med kurator i v\u00e5r samtalsmottagning, var du [&hellip;]<\/p>\n","protected":false},"author":1,"featured_media":0,"parent":0,"menu_order":0,"comment_status":"closed","ping_status":"closed","template":"","meta":[],"yoast_head":"<!-- This site is optimized with the Yoast SEO plugin v20.13 - https:\/\/yoast.com\/wordpress\/plugins\/seo\/ -->\n<title>Samtalsmottagning - Fempowerment.se<\/title>\n<meta name=\"description\" content=\"I Fempowerments samtalsmottagning kan v\u00e5ldsutsatta kvinnor, transpersoner och ickebin\u00e4ra ta del av kostnadsfritt psykosocialt samtalsst\u00f6d med kurator. Samtalsst\u00f6det anpassas utifr\u00e5n var du \u00e4n befinner dig i just din process och vad du sj\u00e4lv k\u00e4nner att du beh\u00f6ver hj\u00e4lp med.\" \/>\n<meta name=\"robots\" content=\"index, follow, max-snippet:-1, max-image-preview:large, max-video-preview:-1\" \/>\n<link rel=\"canonical\" href=\"https:\/\/fempowerment.se\/en\/samtalsmottagning\/\" \/>\n<meta property=\"og:locale\" content=\"en_US\" \/>\n<meta property=\"og:type\" content=\"article\" \/>\n<meta property=\"og:title\" content=\"Samtalsmottagning - Fempowerment.se\" \/>\n<meta property=\"og:description\" content=\"I Fempowerments samtalsmottagning kan v\u00e5ldsutsatta kvinnor, transpersoner och ickebin\u00e4ra ta del av kostnadsfritt psykosocialt samtalsst\u00f6d med kurator. Samtalsst\u00f6det anpassas utifr\u00e5n var du \u00e4n befinner dig i just din process och vad du sj\u00e4lv k\u00e4nner att du beh\u00f6ver hj\u00e4lp med.\" \/>\n<meta property=\"og:url\" content=\"https:\/\/fempowerment.se\/en\/samtalsmottagning\/\" \/>\n<meta property=\"og:site_name\" content=\"Fempowerment.se\" \/>\n<meta property=\"article:modified_time\" content=\"2024-08-14T13:16:27+00:00\" \/>\n<meta name=\"twitter:card\" content=\"summary_large_image\" \/>\n<meta name=\"twitter:label1\" content=\"Est. reading time\" \/>\n\t<meta name=\"twitter:data1\" content=\"2 minutes\" \/>\n<script type=\"application\/ld+json\" class=\"yoast-schema-graph\">{\"@context\":\"https:\/\/schema.org\",\"@graph\":[{\"@type\":\"WebPage\",\"@id\":\"https:\/\/fempowerment.se\/en\/samtalsmottagning\/\",\"url\":\"https:\/\/fempowerment.se\/en\/samtalsmottagning\/\",\"name\":\"Samtalsmottagning - Fempowerment.se\",\"isPartOf\":{\"@id\":\"https:\/\/fempowerment.se\/en\/#website\"},\"datePublished\":\"2021-06-10T09:19:11+00:00\",\"dateModified\":\"2024-08-14T13:16:27+00:00\",\"description\":\"I Fempowerments samtalsmottagning kan v\u00e5ldsutsatta kvinnor, transpersoner och ickebin\u00e4ra ta del av kostnadsfritt psykosocialt samtalsst\u00f6d med kurator. Samtalsst\u00f6det anpassas utifr\u00e5n var du \u00e4n befinner dig i just din process och vad du sj\u00e4lv k\u00e4nner att du beh\u00f6ver hj\u00e4lp med.\",\"breadcrumb\":{\"@id\":\"https:\/\/fempowerment.se\/en\/samtalsmottagning\/#breadcrumb\"},\"inLanguage\":\"en-US\",\"potentialAction\":[{\"@type\":\"ReadAction\",\"target\":[\"https:\/\/fempowerment.se\/en\/samtalsmottagning\/\"]}]},{\"@type\":\"BreadcrumbList\",\"@id\":\"https:\/\/fempowerment.se\/en\/samtalsmottagning\/#breadcrumb\",\"itemListElement\":[{\"@type\":\"ListItem\",\"position\":1,\"name\":\"Hem\",\"item\":\"https:\/\/fempowerment.se\/en\/\"},{\"@type\":\"ListItem\",\"position\":2,\"name\":\"Samtalsmottagning\"}]},{\"@type\":\"WebSite\",\"@id\":\"https:\/\/fempowerment.se\/en\/#website\",\"url\":\"https:\/\/fempowerment.se\/en\/\",\"name\":\"Fempowerment.se\",\"description\":\"Kvinno- och st\u00f6djouren Fempowerment st\u00f6djer, hj\u00e4lper och erbjuder gratis juridisk r\u00e5dgivning p\u00e5 olika spr\u00e5k till v\u00e5ldsutsatta kvinnor, tjejer och ickebin\u00e4ra.\",\"publisher\":{\"@id\":\"https:\/\/fempowerment.se\/en\/#organization\"},\"potentialAction\":[{\"@type\":\"SearchAction\",\"target\":{\"@type\":\"EntryPoint\",\"urlTemplate\":\"https:\/\/fempowerment.se\/en\/?s={search_term_string}\"},\"query-input\":\"required name=search_term_string\"}],\"inLanguage\":\"en-US\"},{\"@type\":\"Organization\",\"@id\":\"https:\/\/fempowerment.se\/en\/#organization\",\"name\":\"Fempowerment.se\",\"url\":\"https:\/\/fempowerment.se\/en\/\",\"logo\":{\"@type\":\"ImageObject\",\"inLanguage\":\"en-US\",\"@id\":\"https:\/\/fempowerment.se\/en\/#\/schema\/logo\/image\/\",\"url\":\"https:\/\/fempowerment.se\/wp-content\/uploads\/2019\/12\/Fpower_3_vit-1-e1576083389343.png\",\"contentUrl\":\"https:\/\/fempowerment.se\/wp-content\/uploads\/2019\/12\/Fpower_3_vit-1-e1576083389343.png\",\"width\":263,\"height\":36,\"caption\":\"Fempowerment.se\"},\"image\":{\"@id\":\"https:\/\/fempowerment.se\/en\/#\/schema\/logo\/image\/\"}}]}<\/script>\n<!-- \/ Yoast SEO plugin. -->","yoast_head_json":{"title":"Samtalsmottagning - Fempowerment.se","description":"I Fempowerments samtalsmottagning kan v\u00e5ldsutsatta kvinnor, transpersoner och ickebin\u00e4ra ta del av kostnadsfritt psykosocialt samtalsst\u00f6d med kurator. Samtalsst\u00f6det anpassas utifr\u00e5n var du \u00e4n befinner dig i just din process och vad du sj\u00e4lv k\u00e4nner att du beh\u00f6ver hj\u00e4lp med.","robots":{"index":"index","follow":"follow","max-snippet":"max-snippet:-1","max-image-preview":"max-image-preview:large","max-video-preview":"max-video-preview:-1"},"canonical":"https:\/\/fempowerment.se\/en\/samtalsmottagning\/","og_locale":"en_US","og_type":"article","og_title":"Samtalsmottagning - Fempowerment.se","og_description":"I Fempowerments samtalsmottagning kan v\u00e5ldsutsatta kvinnor, transpersoner och ickebin\u00e4ra ta del av kostnadsfritt psykosocialt samtalsst\u00f6d med kurator. Samtalsst\u00f6det anpassas utifr\u00e5n var du \u00e4n befinner dig i just din process och vad du sj\u00e4lv k\u00e4nner att du beh\u00f6ver hj\u00e4lp med.","og_url":"https:\/\/fempowerment.se\/en\/samtalsmottagning\/","og_site_name":"Fempowerment.se","article_modified_time":"2024-08-14T13:16:27+00:00","twitter_card":"summary_large_image","twitter_misc":{"Est. reading time":"2 minutes"},"schema":{"@context":"https:\/\/schema.org","@graph":[{"@type":"WebPage","@id":"https:\/\/fempowerment.se\/en\/samtalsmottagning\/","url":"https:\/\/fempowerment.se\/en\/samtalsmottagning\/","name":"Samtalsmottagning - Fempowerment.se","isPartOf":{"@id":"https:\/\/fempowerment.se\/en\/#website"},"datePublished":"2021-06-10T09:19:11+00:00","dateModified":"2024-08-14T13:16:27+00:00","description":"I Fempowerments samtalsmottagning kan v\u00e5ldsutsatta kvinnor, transpersoner och ickebin\u00e4ra ta del av kostnadsfritt psykosocialt samtalsst\u00f6d med kurator. Samtalsst\u00f6det anpassas utifr\u00e5n var du \u00e4n befinner dig i just din process och vad du sj\u00e4lv k\u00e4nner att du beh\u00f6ver hj\u00e4lp med.","breadcrumb":{"@id":"https:\/\/fempowerment.se\/en\/samtalsmottagning\/#breadcrumb"},"inLanguage":"en-US","potentialAction":[{"@type":"ReadAction","target":["https:\/\/fempowerment.se\/en\/samtalsmottagning\/"]}]},{"@type":"BreadcrumbList","@id":"https:\/\/fempowerment.se\/en\/samtalsmottagning\/#breadcrumb","itemListElement":[{"@type":"ListItem","position":1,"name":"Hem","item":"https:\/\/fempowerment.se\/en\/"},{"@type":"ListItem","position":2,"name":"Samtalsmottagning"}]},{"@type":"WebSite","@id":"https:\/\/fempowerment.se\/en\/#website","url":"https:\/\/fempowerment.se\/en\/","name":"Fempowerment.se","description":"Kvinno- och st\u00f6djouren Fempowerment st\u00f6djer, hj\u00e4lper och erbjuder gratis juridisk r\u00e5dgivning p\u00e5 olika spr\u00e5k till v\u00e5ldsutsatta kvinnor, tjejer och ickebin\u00e4ra.","publisher":{"@id":"https:\/\/fempowerment.se\/en\/#organization"},"potentialAction":[{"@type":"SearchAction","target":{"@type":"EntryPoint","urlTemplate":"https:\/\/fempowerment.se\/en\/?s={search_term_string}"},"query-input":"required name=search_term_string"}],"inLanguage":"en-US"},{"@type":"Organization","@id":"https:\/\/fempowerment.se\/en\/#organization","name":"Fempowerment.se","url":"https:\/\/fempowerment.se\/en\/","logo":{"@type":"ImageObject","inLanguage":"en-US","@id":"https:\/\/fempowerment.se\/en\/#\/schema\/logo\/image\/","url":"https:\/\/fempowerment.se\/wp-content\/uploads\/2019\/12\/Fpower_3_vit-1-e1576083389343.png","contentUrl":"https:\/\/fempowerment.se\/wp-content\/uploads\/2019\/12\/Fpower_3_vit-1-e1576083389343.png","width":263,"height":36,"caption":"Fempowerment.se"},"image":{"@id":"https:\/\/fempowerment.se\/en\/#\/schema\/logo\/image\/"}}]}},"_links":{"self":[{"href":"https:\/\/fempowerment.se\/en\/wp-json\/wp\/v2\/pages\/4495"}],"collection":[{"href":"https:\/\/fempowerment.se\/en\/wp-json\/wp\/v2\/pages"}],"about":[{"href":"https:\/\/fempowerment.se\/en\/wp-json\/wp\/v2\/types\/page"}],"author":[{"embeddable":true,"href":"https:\/\/fempowerment.se\/en\/wp-json\/wp\/v2\/users\/1"}],"replies":[{"embeddable":true,"href":"https:\/\/fempowerment.se\/en\/wp-json\/wp\/v2\/comments?post=4495"}],"version-history":[{"count":51,"href":"https:\/\/fempowerment.se\/en\/wp-json\/wp\/v2\/pages\/4495\/revisions"}],"predecessor-version":[{"id":8131,"href":"https:\/\/fempowerment.se\/en\/wp-json\/wp\/v2\/pages\/4495\/revisions\/8131"}],"wp:attachment":[{"href":"https:\/\/fempowerment.se\/en\/wp-json\/wp\/v2\/media?parent=4495"}],"curies":[{"name":"wp","href":"https:\/\/api.w.org\/{rel}","templated":true}]}}