{"id":5933,"date":"2022-12-05T10:32:15","date_gmt":"2022-12-05T09:32:15","guid":{"rendered":"https:\/\/fempowerment.se\/counselling-groups-lgbtq\/"},"modified":"2022-12-07T10:14:04","modified_gmt":"2022-12-07T09:14:04","slug":"counselling-groups-lgbtq","status":"publish","type":"page","link":"https:\/\/fempowerment.se\/en\/counselling-groups-lgbtq\/","title":{"rendered":"Counselling groups LGBTQ+"},"content":{"rendered":"\t\t<div data-elementor-type=\"wp-page\" data-elementor-id=\"5933\" class=\"elementor elementor-5933\" data-elementor-post-type=\"page\">\n\t\t\t\t\t\t\t\t\t<section class=\"elementor-section elementor-top-section elementor-element elementor-element-354c177 elementor-section-boxed elementor-section-height-default elementor-section-height-default\" data-id=\"354c177\" data-element_type=\"section\">\n\t\t\t\t\t\t<div class=\"elementor-container elementor-column-gap-default\">\n\t\t\t\t\t<div class=\"elementor-column elementor-col-100 elementor-top-column elementor-element elementor-element-cc8ae1d\" data-id=\"cc8ae1d\" data-element_type=\"column\">\n\t\t\t<div class=\"elementor-widget-wrap elementor-element-populated\">\n\t\t\t\t\t\t\t\t<div class=\"elementor-element elementor-element-67df4f5 elementor-widget elementor-widget-heading\" data-id=\"67df4f5\" data-element_type=\"widget\" data-widget_type=\"heading.default\">\n\t\t\t\t<div class=\"elementor-widget-container\">\n\t\t\t<h2 class=\"elementor-heading-title elementor-size-default\">Counselling groups LGBTQ+<\/h2>\t\t<\/div>\n\t\t\t\t<\/div>\n\t\t\t\t<section class=\"elementor-section elementor-inner-section elementor-element elementor-element-297a61b elementor-section-boxed elementor-section-height-default elementor-section-height-default\" data-id=\"297a61b\" data-element_type=\"section\">\n\t\t\t\t\t\t<div class=\"elementor-container elementor-column-gap-default\">\n\t\t\t\t\t<div class=\"elementor-column elementor-col-50 elementor-inner-column elementor-element elementor-element-d253a53\" data-id=\"d253a53\" data-element_type=\"column\">\n\t\t\t<div class=\"elementor-widget-wrap elementor-element-populated\">\n\t\t\t\t\t\t\t\t<div class=\"elementor-element elementor-element-c554786 elementor-widget elementor-widget-text-editor\" data-id=\"c554786\" data-element_type=\"widget\" data-widget_type=\"text-editor.default\">\n\t\t\t\t<div class=\"elementor-widget-container\">\n\t\t\t\t\t\t\t<p><b>Do you have experience of intimate partner violence? Do you identify as LGBTQ+? Do you wish to share your experience with others and to hear about other\u2019s? <\/b><strong>Fempowerment offer counselling groups for women, trans and non-binary people who relate to the description above. <\/strong><\/p><p>The violence within LGBTQ+ relationships can manifest in the same ways as in heterosexual cis-relationships, with the difference being that your gender and\/or sexual orientation can be used against you. An example of this is when your partner threatens to \u201cout\u201d you to others or that you may experience double isolation due to the violence and their LGBTQ+ identity. The reception from society can also differ a lot which affects your possibilities of reaching out and receiving the right support.<\/p><p>Read more about violence in LGBTQ+ relationships <a style=\"font-weight: bold;\" href=\"https:\/\/fempowerment.se\/vald-i-hbtq-relationer\/\">here.<\/a><\/p><p>In our counselling groups we create a safe room for the participants to learn about the violence and to share one\u2019s experiences. We listen to you and to each other without judgement or disbelief &#8211; with openness, support and a sense of community being central aspects. You will also receive evidence-based knowledge about intimate partner violence and its mechanisms, which creates a larger understanding of its consequences.<\/p><p>The counselling group consists of a total of seven occasions. We meet once a week from 6 pm to 8 pm. Every occasion has its own theme:<\/p><ol><li>Getting to know each other<\/li><li>What is violence?<\/li><li>Normalisation process &amp; Minority stress<\/li><li>Leaving<\/li><li>Sexuality<\/li><li>Self-care<\/li><li>Closure and the future<\/li><\/ol><p>Each occasion has a break included and the groups are led by social workers with adequate knowledge and experience with psychosocial work and LGBTQ+ matters. The meetups take place in our offices in Kungsholmen, Stockholm.<\/p>\t\t\t\t\t\t<\/div>\n\t\t\t\t<\/div>\n\t\t\t\t\t<\/div>\n\t\t<\/div>\n\t\t\t\t<div class=\"elementor-column elementor-col-50 elementor-inner-column elementor-element elementor-element-6e44a32\" data-id=\"6e44a32\" data-element_type=\"column\" data-settings=\"{&quot;background_background&quot;:&quot;classic&quot;}\">\n\t\t\t<div class=\"elementor-widget-wrap elementor-element-populated\">\n\t\t\t\t\t\t\t\t<div class=\"elementor-element elementor-element-ade065e elementor-widget elementor-widget-text-editor\" data-id=\"ade065e\" data-element_type=\"widget\" data-widget_type=\"text-editor.default\">\n\t\t\t\t<div class=\"elementor-widget-container\">\n\t\t\t\t\t\t\t<p><strong>Starting in spring of 2023.<\/strong><\/p>\n<p><b>Apply by<\/b>&nbsp;<b><a href=\"https:\/\/docs.google.com\/forms\/d\/e\/1FAIpQLSdbU-ImKq5QGuzNwgHeCsdvTKi10wlpv1jO3MN9JCb3EHZUJg\/viewform\">filling in this form<\/a><\/b> and we\u2019ll get back to you as soon as possible for a short telephone interview where we decide how to go further. You can also apply by calling us or e-mailing us:&nbsp;<\/p>\n<ul>\n<li style=\"font-size: 16px; font-style: normal; text-align: justify;\"><b>E-mail: <\/b><span style=\"font-weight: 400;\">jour@fempowerment.se<\/span><\/li>\n<li style=\"font-size: 16px; font-style: normal; text-align: justify;\"><b>Phone number: <\/b><span style=\"font-weight: 400;\">020-33 99 00 (Mon-Fri, 10 am to 4 pm)<\/span><\/li>\n<\/ul>\n<div><span><span style=\"font-size: 12pt; background-color: transparent; font-variant-numeric: normal; font-variant-east-asian: normal; vertical-align: baseline; white-space: pre-wrap;\">Our counselling groups are usually given in Swedish but can be arranged in English if there are enough applicants. If you are English speaking, please make a note in your application.<\/span><\/span><br><\/div>\t\t\t\t\t\t<\/div>\n\t\t\t\t<\/div>\n\t\t\t\t<div class=\"elementor-element elementor-element-d858d58 elementor-widget elementor-widget-image\" data-id=\"d858d58\" data-element_type=\"widget\" data-widget_type=\"image.default\">\n\t\t\t\t<div class=\"elementor-widget-container\">\n\t\t\t\t\t\t\t\t\t\t\t\t\t\t\t<img decoding=\"async\" width=\"812\" height=\"457\" src=\"https:\/\/fempowerment.se\/wp-content\/uploads\/2022\/04\/bakgrunder-7-1024x576.png\" class=\"attachment-large size-large wp-image-5126\" alt=\"\" loading=\"lazy\" srcset=\"https:\/\/fempowerment.se\/wp-content\/uploads\/2022\/04\/bakgrunder-7-1024x576.png 1024w, https:\/\/fempowerment.se\/wp-content\/uploads\/2022\/04\/bakgrunder-7-300x169.png 300w, https:\/\/fempowerment.se\/wp-content\/uploads\/2022\/04\/bakgrunder-7-768x432.png 768w, https:\/\/fempowerment.se\/wp-content\/uploads\/2022\/04\/bakgrunder-7-1536x864.png 1536w\" sizes=\"(max-width: 812px) 100vw, 812px\" \/>\t\t\t\t\t\t\t\t\t\t\t\t\t\t\t<\/div>\n\t\t\t\t<\/div>\n\t\t\t\t\t<\/div>\n\t\t<\/div>\n\t\t\t\t\t\t\t<\/div>\n\t\t<\/section>\n\t\t\t\t\t<\/div>\n\t\t<\/div>\n\t\t\t\t\t\t\t<\/div>\n\t\t<\/section>\n\t\t\t\t\t\t\t<\/div>\n\t\t","protected":false},"excerpt":{"rendered":"<p>Counselling groups LGBTQ+ Do you have experience of intimate partner violence? Do you identify as LGBTQ+? Do you wish to share your experience with others and to hear about other\u2019s? Fempowerment offer counselling groups for women, trans and non-binary people who relate to the description above. The violence within LGBTQ+ relationships can manifest in the [&hellip;]<\/p>\n","protected":false},"author":1,"featured_media":0,"parent":0,"menu_order":0,"comment_status":"closed","ping_status":"closed","template":"","meta":[],"yoast_head":"<!-- This site is optimized with the Yoast SEO plugin v20.13 - https:\/\/yoast.com\/wordpress\/plugins\/seo\/ -->\n<title>Counselling groups LGBTQ+ - Fempowerment.se<\/title>\n<meta name=\"robots\" content=\"index, follow, max-snippet:-1, max-image-preview:large, max-video-preview:-1\" \/>\n<link rel=\"canonical\" href=\"https:\/\/fempowerment.se\/en\/counselling-groups-lgbtq\/\" \/>\n<meta property=\"og:locale\" content=\"en_US\" \/>\n<meta property=\"og:type\" content=\"article\" \/>\n<meta property=\"og:title\" content=\"Counselling groups LGBTQ+ - Fempowerment.se\" \/>\n<meta property=\"og:description\" content=\"Counselling groups LGBTQ+ Do you have experience of intimate partner violence? Do you identify as LGBTQ+? Do you wish to share your experience with others and to hear about other\u2019s? Fempowerment offer counselling groups for women, trans and non-binary people who relate to the description above. The violence within LGBTQ+ relationships can manifest in the [&hellip;]\" \/>\n<meta property=\"og:url\" content=\"https:\/\/fempowerment.se\/en\/counselling-groups-lgbtq\/\" \/>\n<meta property=\"og:site_name\" content=\"Fempowerment.se\" \/>\n<meta property=\"article:modified_time\" content=\"2022-12-07T09:14:04+00:00\" \/>\n<meta property=\"og:image\" content=\"https:\/\/fempowerment.se\/wp-content\/uploads\/2022\/04\/bakgrunder-7-1024x576.png\" \/>\n<meta name=\"twitter:card\" content=\"summary_large_image\" \/>\n<meta name=\"twitter:label1\" content=\"Est. reading time\" \/>\n\t<meta name=\"twitter:data1\" content=\"2 minutes\" \/>\n<script type=\"application\/ld+json\" class=\"yoast-schema-graph\">{\"@context\":\"https:\/\/schema.org\",\"@graph\":[{\"@type\":\"WebPage\",\"@id\":\"https:\/\/fempowerment.se\/en\/counselling-groups-lgbtq\/\",\"url\":\"https:\/\/fempowerment.se\/en\/counselling-groups-lgbtq\/\",\"name\":\"Counselling groups LGBTQ+ - Fempowerment.se\",\"isPartOf\":{\"@id\":\"https:\/\/fempowerment.se\/en\/#website\"},\"datePublished\":\"2022-12-05T09:32:15+00:00\",\"dateModified\":\"2022-12-07T09:14:04+00:00\",\"breadcrumb\":{\"@id\":\"https:\/\/fempowerment.se\/en\/counselling-groups-lgbtq\/#breadcrumb\"},\"inLanguage\":\"en-US\",\"potentialAction\":[{\"@type\":\"ReadAction\",\"target\":[\"https:\/\/fempowerment.se\/en\/counselling-groups-lgbtq\/\"]}]},{\"@type\":\"BreadcrumbList\",\"@id\":\"https:\/\/fempowerment.se\/en\/counselling-groups-lgbtq\/#breadcrumb\",\"itemListElement\":[{\"@type\":\"ListItem\",\"position\":1,\"name\":\"Hem\",\"item\":\"https:\/\/fempowerment.se\/en\/\"},{\"@type\":\"ListItem\",\"position\":2,\"name\":\"Counselling groups LGBTQ+\"}]},{\"@type\":\"WebSite\",\"@id\":\"https:\/\/fempowerment.se\/en\/#website\",\"url\":\"https:\/\/fempowerment.se\/en\/\",\"name\":\"Fempowerment.se\",\"description\":\"Kvinno- och st\u00f6djouren Fempowerment st\u00f6djer, hj\u00e4lper och erbjuder gratis juridisk r\u00e5dgivning p\u00e5 olika spr\u00e5k till v\u00e5ldsutsatta kvinnor, tjejer och ickebin\u00e4ra.\",\"publisher\":{\"@id\":\"https:\/\/fempowerment.se\/en\/#organization\"},\"potentialAction\":[{\"@type\":\"SearchAction\",\"target\":{\"@type\":\"EntryPoint\",\"urlTemplate\":\"https:\/\/fempowerment.se\/en\/?s={search_term_string}\"},\"query-input\":\"required name=search_term_string\"}],\"inLanguage\":\"en-US\"},{\"@type\":\"Organization\",\"@id\":\"https:\/\/fempowerment.se\/en\/#organization\",\"name\":\"Fempowerment.se\",\"url\":\"https:\/\/fempowerment.se\/en\/\",\"logo\":{\"@type\":\"ImageObject\",\"inLanguage\":\"en-US\",\"@id\":\"https:\/\/fempowerment.se\/en\/#\/schema\/logo\/image\/\",\"url\":\"https:\/\/fempowerment.se\/wp-content\/uploads\/2019\/12\/Fpower_3_vit-1-e1576083389343.png\",\"contentUrl\":\"https:\/\/fempowerment.se\/wp-content\/uploads\/2019\/12\/Fpower_3_vit-1-e1576083389343.png\",\"width\":263,\"height\":36,\"caption\":\"Fempowerment.se\"},\"image\":{\"@id\":\"https:\/\/fempowerment.se\/en\/#\/schema\/logo\/image\/\"}}]}<\/script>\n<!-- \/ Yoast SEO plugin. -->","yoast_head_json":{"title":"Counselling groups LGBTQ+ - Fempowerment.se","robots":{"index":"index","follow":"follow","max-snippet":"max-snippet:-1","max-image-preview":"max-image-preview:large","max-video-preview":"max-video-preview:-1"},"canonical":"https:\/\/fempowerment.se\/en\/counselling-groups-lgbtq\/","og_locale":"en_US","og_type":"article","og_title":"Counselling groups LGBTQ+ - Fempowerment.se","og_description":"Counselling groups LGBTQ+ Do you have experience of intimate partner violence? Do you identify as LGBTQ+? Do you wish to share your experience with others and to hear about other\u2019s? Fempowerment offer counselling groups for women, trans and non-binary people who relate to the description above. The violence within LGBTQ+ relationships can manifest in the [&hellip;]","og_url":"https:\/\/fempowerment.se\/en\/counselling-groups-lgbtq\/","og_site_name":"Fempowerment.se","article_modified_time":"2022-12-07T09:14:04+00:00","og_image":[{"url":"https:\/\/fempowerment.se\/wp-content\/uploads\/2022\/04\/bakgrunder-7-1024x576.png"}],"twitter_card":"summary_large_image","twitter_misc":{"Est. reading time":"2 minutes"},"schema":{"@context":"https:\/\/schema.org","@graph":[{"@type":"WebPage","@id":"https:\/\/fempowerment.se\/en\/counselling-groups-lgbtq\/","url":"https:\/\/fempowerment.se\/en\/counselling-groups-lgbtq\/","name":"Counselling groups LGBTQ+ - Fempowerment.se","isPartOf":{"@id":"https:\/\/fempowerment.se\/en\/#website"},"datePublished":"2022-12-05T09:32:15+00:00","dateModified":"2022-12-07T09:14:04+00:00","breadcrumb":{"@id":"https:\/\/fempowerment.se\/en\/counselling-groups-lgbtq\/#breadcrumb"},"inLanguage":"en-US","potentialAction":[{"@type":"ReadAction","target":["https:\/\/fempowerment.se\/en\/counselling-groups-lgbtq\/"]}]},{"@type":"BreadcrumbList","@id":"https:\/\/fempowerment.se\/en\/counselling-groups-lgbtq\/#breadcrumb","itemListElement":[{"@type":"ListItem","position":1,"name":"Hem","item":"https:\/\/fempowerment.se\/en\/"},{"@type":"ListItem","position":2,"name":"Counselling groups LGBTQ+"}]},{"@type":"WebSite","@id":"https:\/\/fempowerment.se\/en\/#website","url":"https:\/\/fempowerment.se\/en\/","name":"Fempowerment.se","description":"Kvinno- och st\u00f6djouren Fempowerment st\u00f6djer, hj\u00e4lper och erbjuder gratis juridisk r\u00e5dgivning p\u00e5 olika spr\u00e5k till v\u00e5ldsutsatta kvinnor, tjejer och ickebin\u00e4ra.","publisher":{"@id":"https:\/\/fempowerment.se\/en\/#organization"},"potentialAction":[{"@type":"SearchAction","target":{"@type":"EntryPoint","urlTemplate":"https:\/\/fempowerment.se\/en\/?s={search_term_string}"},"query-input":"required name=search_term_string"}],"inLanguage":"en-US"},{"@type":"Organization","@id":"https:\/\/fempowerment.se\/en\/#organization","name":"Fempowerment.se","url":"https:\/\/fempowerment.se\/en\/","logo":{"@type":"ImageObject","inLanguage":"en-US","@id":"https:\/\/fempowerment.se\/en\/#\/schema\/logo\/image\/","url":"https:\/\/fempowerment.se\/wp-content\/uploads\/2019\/12\/Fpower_3_vit-1-e1576083389343.png","contentUrl":"https:\/\/fempowerment.se\/wp-content\/uploads\/2019\/12\/Fpower_3_vit-1-e1576083389343.png","width":263,"height":36,"caption":"Fempowerment.se"},"image":{"@id":"https:\/\/fempowerment.se\/en\/#\/schema\/logo\/image\/"}}]}},"_links":{"self":[{"href":"https:\/\/fempowerment.se\/en\/wp-json\/wp\/v2\/pages\/5933"}],"collection":[{"href":"https:\/\/fempowerment.se\/en\/wp-json\/wp\/v2\/pages"}],"about":[{"href":"https:\/\/fempowerment.se\/en\/wp-json\/wp\/v2\/types\/page"}],"author":[{"embeddable":true,"href":"https:\/\/fempowerment.se\/en\/wp-json\/wp\/v2\/users\/1"}],"replies":[{"embeddable":true,"href":"https:\/\/fempowerment.se\/en\/wp-json\/wp\/v2\/comments?post=5933"}],"version-history":[{"count":14,"href":"https:\/\/fempowerment.se\/en\/wp-json\/wp\/v2\/pages\/5933\/revisions"}],"predecessor-version":[{"id":6048,"href":"https:\/\/fempowerment.se\/en\/wp-json\/wp\/v2\/pages\/5933\/revisions\/6048"}],"wp:attachment":[{"href":"https:\/\/fempowerment.se\/en\/wp-json\/wp\/v2\/media?parent=5933"}],"curies":[{"name":"wp","href":"https:\/\/api.w.org\/{rel}","templated":true}]}}