{"id":5949,"date":"2022-12-05T14:32:49","date_gmt":"2022-12-05T13:32:49","guid":{"rendered":"https:\/\/fempowerment.se\/violence-in-lgbtq-relationships\/"},"modified":"2022-12-05T15:01:01","modified_gmt":"2022-12-05T14:01:01","slug":"violence-in-lgbtq-relationships","status":"publish","type":"page","link":"https:\/\/fempowerment.se\/en\/violence-in-lgbtq-relationships\/","title":{"rendered":"Violence in LGBTQ+ relationships"},"content":{"rendered":"\t\t<div data-elementor-type=\"wp-page\" data-elementor-id=\"5949\" class=\"elementor elementor-5949\" data-elementor-post-type=\"page\">\n\t\t\t\t\t\t\t\t\t<section class=\"elementor-section elementor-top-section elementor-element elementor-element-f401a98 elementor-section-boxed elementor-section-height-default elementor-section-height-default\" data-id=\"f401a98\" data-element_type=\"section\" data-settings=\"{&quot;background_background&quot;:&quot;gradient&quot;}\">\n\t\t\t\t\t\t<div class=\"elementor-container elementor-column-gap-extended\">\n\t\t\t\t\t<div class=\"elementor-column elementor-col-100 elementor-top-column elementor-element elementor-element-2e1808b\" data-id=\"2e1808b\" data-element_type=\"column\">\n\t\t\t<div class=\"elementor-widget-wrap elementor-element-populated\">\n\t\t\t\t\t\t\t\t<section class=\"elementor-section elementor-inner-section elementor-element elementor-element-1990918 elementor-section-boxed elementor-section-height-default elementor-section-height-default\" data-id=\"1990918\" data-element_type=\"section\">\n\t\t\t\t\t\t<div class=\"elementor-container elementor-column-gap-default\">\n\t\t\t\t\t<div class=\"elementor-column elementor-col-50 elementor-inner-column elementor-element elementor-element-29e1323\" data-id=\"29e1323\" data-element_type=\"column\">\n\t\t\t<div class=\"elementor-widget-wrap elementor-element-populated\">\n\t\t\t\t\t\t\t\t<div class=\"elementor-element elementor-element-72ec3a4 elementor-widget elementor-widget-heading\" data-id=\"72ec3a4\" data-element_type=\"widget\" data-widget_type=\"heading.default\">\n\t\t\t\t<div class=\"elementor-widget-container\">\n\t\t\t<h2 class=\"elementor-heading-title elementor-size-default\">Violence in LGBTQ+ relationships<\/h2>\t\t<\/div>\n\t\t\t\t<\/div>\n\t\t\t\t<div class=\"elementor-element elementor-element-ea0c524 elementor-widget elementor-widget-text-editor\" data-id=\"ea0c524\" data-element_type=\"widget\" data-widget_type=\"text-editor.default\">\n\t\t\t\t<div class=\"elementor-widget-container\">\n\t\t\t\t\t\t\t<p style=\"text-align: left;\"><b>LGBTQ+ is a broad term including homo- and bisexuality, trans, queer and intersex people. Intimate partner violence is not unique to heterosexual cis-relationships but occurs in LGBTQ+ relationships as well.<\/b><\/p>\t\t\t\t\t\t<\/div>\n\t\t\t\t<\/div>\n\t\t\t\t<div class=\"elementor-element elementor-element-1531a2f elementor-widget elementor-widget-text-editor\" data-id=\"1531a2f\" data-element_type=\"widget\" data-widget_type=\"text-editor.default\">\n\t\t\t\t<div class=\"elementor-widget-container\">\n\t\t\t\t\t\t\t<p><span style=\"font-weight: 400;\">The research field is still scarce when it comes to its prevalence, however more and more research suggests that violence in LGBTQ+ relationships are just as common but more likely to go unnoticed or taken less seriously. <\/span><\/p><p><span style=\"font-weight: 400;\">All different <strong><a href=\"https:\/\/fempowerment.se\/olika-typer-av-vald\/\">types of violence<\/a> <\/strong>can be present in LGBTQ+ relationships and it manifests in the same way with elements of power and control abuse. It is not uncommon that the perpetrator abuses the person&#8217;s minority status to exert this abuse, for example by threatening to &#8220;out&#8221; their partner and that way isolating them further. Another example of violence that can be exerted towards one&#8217;s LGBTQ+ identity is when the perpetrator interfers with one&#8217;s hormonal treatment or controls how the person dresses\/expresses themselves. Comments such as &#8220;you are not a real woman\/man\/non-binary person&#8221; can occur as well.<\/span><\/p><p>There are many stereotypes of homosexual relationships and one of them is that it is an equal utopian romance without violence &#8211; and if there is violence both persons can easily defend themselves. A possible consequence of this is that the affected person might find it even more difficult to identify and talk about the violence, which can hinder them from reaching out for help. LGBTQ+ people subjected to violence are often met with ignorance and prejudice set by heterosexual norms. In many cases the person can be forced to &#8220;come out&#8221; repeatedly in contact with authorities.<\/p><p>Therefore an open and norm-critical reception is incredibly crucial in meeting all people who reach out for help due to violence. Fempowerment offers help and support in different languages both individually and in groups depending on what kind of help you need.<\/p>\t\t\t\t\t\t<\/div>\n\t\t\t\t<\/div>\n\t\t\t\t\t<\/div>\n\t\t<\/div>\n\t\t\t\t<div class=\"elementor-column elementor-col-50 elementor-inner-column elementor-element elementor-element-415052e\" data-id=\"415052e\" data-element_type=\"column\" data-settings=\"{&quot;background_background&quot;:&quot;classic&quot;}\">\n\t\t\t<div class=\"elementor-widget-wrap elementor-element-populated\">\n\t\t\t\t\t\t\t\t<div class=\"elementor-element elementor-element-098b957 elementor-widget elementor-widget-text-editor\" data-id=\"098b957\" data-element_type=\"widget\" data-widget_type=\"text-editor.default\">\n\t\t\t\t<div class=\"elementor-widget-container\">\n\t\t\t\t\t\t\t<p><span style=\"font-style: inherit; color: var( --e-global-color-text );\"><b>Would you like to know more or book an appointment with us? You are welcome to contact us so we can get back to you as soon as possible.<\/b><\/span><\/p>\n<p>Fempowerment also offers counselling groups for LGBTQ+ people who have experienced intimate partner violence. <a href=\"https:\/\/fempowerment.se\/en\/counselling-groups-lgbtq\/\"><b>Read more&#8230;<\/b><\/a><\/p>\n<ul>\n<li><b>E-mail: <\/b>jour@fempowerment.se<\/li>\n<li><b>Phone number:<\/b> +46 20-33 99 00 (Mon-Fri, 10 am to 4 pm)<\/li>\n<\/ul>\t\t\t\t\t\t<\/div>\n\t\t\t\t<\/div>\n\t\t\t\t<div class=\"elementor-element elementor-element-f884a51 elementor-widget elementor-widget-image\" data-id=\"f884a51\" data-element_type=\"widget\" data-widget_type=\"image.default\">\n\t\t\t\t<div class=\"elementor-widget-container\">\n\t\t\t\t\t\t\t\t\t\t\t\t\t\t\t<img decoding=\"async\" width=\"1400\" height=\"1080\" src=\"https:\/\/fempowerment.se\/wp-content\/uploads\/2021\/06\/Vald-H-HBTQ.png\" class=\"attachment-full size-full wp-image-4474\" alt=\"\" loading=\"lazy\" srcset=\"https:\/\/fempowerment.se\/wp-content\/uploads\/2021\/06\/Vald-H-HBTQ.png 1400w, https:\/\/fempowerment.se\/wp-content\/uploads\/2021\/06\/Vald-H-HBTQ-600x463.png 600w, https:\/\/fempowerment.se\/wp-content\/uploads\/2021\/06\/Vald-H-HBTQ-300x231.png 300w, https:\/\/fempowerment.se\/wp-content\/uploads\/2021\/06\/Vald-H-HBTQ-1024x790.png 1024w, https:\/\/fempowerment.se\/wp-content\/uploads\/2021\/06\/Vald-H-HBTQ-768x592.png 768w\" sizes=\"(max-width: 1400px) 100vw, 1400px\" \/>\t\t\t\t\t\t\t\t\t\t\t\t\t\t\t<\/div>\n\t\t\t\t<\/div>\n\t\t\t\t\t<\/div>\n\t\t<\/div>\n\t\t\t\t\t\t\t<\/div>\n\t\t<\/section>\n\t\t\t\t\t<\/div>\n\t\t<\/div>\n\t\t\t\t\t\t\t<\/div>\n\t\t<\/section>\n\t\t\t\t\t\t\t<\/div>\n\t\t","protected":false},"excerpt":{"rendered":"<p>Violence in LGBTQ+ relationships LGBTQ+ is a broad term including homo- and bisexuality, trans, queer and intersex people. Intimate partner violence is not unique to heterosexual cis-relationships but occurs in LGBTQ+ relationships as well. The research field is still scarce when it comes to its prevalence, however more and more research suggests that violence in [&hellip;]<\/p>\n","protected":false},"author":1,"featured_media":0,"parent":0,"menu_order":0,"comment_status":"closed","ping_status":"closed","template":"","meta":[],"yoast_head":"<!-- This site is optimized with the Yoast SEO plugin v20.13 - https:\/\/yoast.com\/wordpress\/plugins\/seo\/ -->\n<title>Violence in LGBTQ+ relationships - Fempowerment.se<\/title>\n<meta name=\"robots\" content=\"index, follow, max-snippet:-1, max-image-preview:large, max-video-preview:-1\" \/>\n<link rel=\"canonical\" href=\"https:\/\/fempowerment.se\/en\/violence-in-lgbtq-relationships\/\" \/>\n<meta property=\"og:locale\" content=\"en_US\" \/>\n<meta property=\"og:type\" content=\"article\" \/>\n<meta property=\"og:title\" content=\"Violence in LGBTQ+ relationships - Fempowerment.se\" \/>\n<meta property=\"og:description\" content=\"Violence in LGBTQ+ relationships LGBTQ+ is a broad term including homo- and bisexuality, trans, queer and intersex people. Intimate partner violence is not unique to heterosexual cis-relationships but occurs in LGBTQ+ relationships as well. The research field is still scarce when it comes to its prevalence, however more and more research suggests that violence in [&hellip;]\" \/>\n<meta property=\"og:url\" content=\"https:\/\/fempowerment.se\/en\/violence-in-lgbtq-relationships\/\" \/>\n<meta property=\"og:site_name\" content=\"Fempowerment.se\" \/>\n<meta property=\"article:modified_time\" content=\"2022-12-05T14:01:01+00:00\" \/>\n<meta property=\"og:image\" content=\"https:\/\/fempowerment.se\/wp-content\/uploads\/2021\/06\/Vald-H-HBTQ.png\" \/>\n<meta name=\"twitter:card\" content=\"summary_large_image\" \/>\n<meta name=\"twitter:label1\" content=\"Est. reading time\" \/>\n\t<meta name=\"twitter:data1\" content=\"2 minutes\" \/>\n<script type=\"application\/ld+json\" class=\"yoast-schema-graph\">{\"@context\":\"https:\/\/schema.org\",\"@graph\":[{\"@type\":\"WebPage\",\"@id\":\"https:\/\/fempowerment.se\/en\/violence-in-lgbtq-relationships\/\",\"url\":\"https:\/\/fempowerment.se\/en\/violence-in-lgbtq-relationships\/\",\"name\":\"Violence in LGBTQ+ relationships - Fempowerment.se\",\"isPartOf\":{\"@id\":\"https:\/\/fempowerment.se\/en\/#website\"},\"datePublished\":\"2022-12-05T13:32:49+00:00\",\"dateModified\":\"2022-12-05T14:01:01+00:00\",\"breadcrumb\":{\"@id\":\"https:\/\/fempowerment.se\/en\/violence-in-lgbtq-relationships\/#breadcrumb\"},\"inLanguage\":\"en-US\",\"potentialAction\":[{\"@type\":\"ReadAction\",\"target\":[\"https:\/\/fempowerment.se\/en\/violence-in-lgbtq-relationships\/\"]}]},{\"@type\":\"BreadcrumbList\",\"@id\":\"https:\/\/fempowerment.se\/en\/violence-in-lgbtq-relationships\/#breadcrumb\",\"itemListElement\":[{\"@type\":\"ListItem\",\"position\":1,\"name\":\"Hem\",\"item\":\"https:\/\/fempowerment.se\/en\/\"},{\"@type\":\"ListItem\",\"position\":2,\"name\":\"Violence in LGBTQ+ relationships\"}]},{\"@type\":\"WebSite\",\"@id\":\"https:\/\/fempowerment.se\/en\/#website\",\"url\":\"https:\/\/fempowerment.se\/en\/\",\"name\":\"Fempowerment.se\",\"description\":\"Kvinno- och st\u00f6djouren Fempowerment st\u00f6djer, hj\u00e4lper och erbjuder gratis juridisk r\u00e5dgivning p\u00e5 olika spr\u00e5k till v\u00e5ldsutsatta kvinnor, tjejer och ickebin\u00e4ra.\",\"publisher\":{\"@id\":\"https:\/\/fempowerment.se\/en\/#organization\"},\"potentialAction\":[{\"@type\":\"SearchAction\",\"target\":{\"@type\":\"EntryPoint\",\"urlTemplate\":\"https:\/\/fempowerment.se\/en\/?s={search_term_string}\"},\"query-input\":\"required name=search_term_string\"}],\"inLanguage\":\"en-US\"},{\"@type\":\"Organization\",\"@id\":\"https:\/\/fempowerment.se\/en\/#organization\",\"name\":\"Fempowerment.se\",\"url\":\"https:\/\/fempowerment.se\/en\/\",\"logo\":{\"@type\":\"ImageObject\",\"inLanguage\":\"en-US\",\"@id\":\"https:\/\/fempowerment.se\/en\/#\/schema\/logo\/image\/\",\"url\":\"https:\/\/fempowerment.se\/wp-content\/uploads\/2019\/12\/Fpower_3_vit-1-e1576083389343.png\",\"contentUrl\":\"https:\/\/fempowerment.se\/wp-content\/uploads\/2019\/12\/Fpower_3_vit-1-e1576083389343.png\",\"width\":263,\"height\":36,\"caption\":\"Fempowerment.se\"},\"image\":{\"@id\":\"https:\/\/fempowerment.se\/en\/#\/schema\/logo\/image\/\"}}]}<\/script>\n<!-- \/ Yoast SEO plugin. -->","yoast_head_json":{"title":"Violence in LGBTQ+ relationships - Fempowerment.se","robots":{"index":"index","follow":"follow","max-snippet":"max-snippet:-1","max-image-preview":"max-image-preview:large","max-video-preview":"max-video-preview:-1"},"canonical":"https:\/\/fempowerment.se\/en\/violence-in-lgbtq-relationships\/","og_locale":"en_US","og_type":"article","og_title":"Violence in LGBTQ+ relationships - Fempowerment.se","og_description":"Violence in LGBTQ+ relationships LGBTQ+ is a broad term including homo- and bisexuality, trans, queer and intersex people. Intimate partner violence is not unique to heterosexual cis-relationships but occurs in LGBTQ+ relationships as well. The research field is still scarce when it comes to its prevalence, however more and more research suggests that violence in [&hellip;]","og_url":"https:\/\/fempowerment.se\/en\/violence-in-lgbtq-relationships\/","og_site_name":"Fempowerment.se","article_modified_time":"2022-12-05T14:01:01+00:00","og_image":[{"url":"https:\/\/fempowerment.se\/wp-content\/uploads\/2021\/06\/Vald-H-HBTQ.png"}],"twitter_card":"summary_large_image","twitter_misc":{"Est. reading time":"2 minutes"},"schema":{"@context":"https:\/\/schema.org","@graph":[{"@type":"WebPage","@id":"https:\/\/fempowerment.se\/en\/violence-in-lgbtq-relationships\/","url":"https:\/\/fempowerment.se\/en\/violence-in-lgbtq-relationships\/","name":"Violence in LGBTQ+ relationships - Fempowerment.se","isPartOf":{"@id":"https:\/\/fempowerment.se\/en\/#website"},"datePublished":"2022-12-05T13:32:49+00:00","dateModified":"2022-12-05T14:01:01+00:00","breadcrumb":{"@id":"https:\/\/fempowerment.se\/en\/violence-in-lgbtq-relationships\/#breadcrumb"},"inLanguage":"en-US","potentialAction":[{"@type":"ReadAction","target":["https:\/\/fempowerment.se\/en\/violence-in-lgbtq-relationships\/"]}]},{"@type":"BreadcrumbList","@id":"https:\/\/fempowerment.se\/en\/violence-in-lgbtq-relationships\/#breadcrumb","itemListElement":[{"@type":"ListItem","position":1,"name":"Hem","item":"https:\/\/fempowerment.se\/en\/"},{"@type":"ListItem","position":2,"name":"Violence in LGBTQ+ relationships"}]},{"@type":"WebSite","@id":"https:\/\/fempowerment.se\/en\/#website","url":"https:\/\/fempowerment.se\/en\/","name":"Fempowerment.se","description":"Kvinno- och st\u00f6djouren Fempowerment st\u00f6djer, hj\u00e4lper och erbjuder gratis juridisk r\u00e5dgivning p\u00e5 olika spr\u00e5k till v\u00e5ldsutsatta kvinnor, tjejer och ickebin\u00e4ra.","publisher":{"@id":"https:\/\/fempowerment.se\/en\/#organization"},"potentialAction":[{"@type":"SearchAction","target":{"@type":"EntryPoint","urlTemplate":"https:\/\/fempowerment.se\/en\/?s={search_term_string}"},"query-input":"required name=search_term_string"}],"inLanguage":"en-US"},{"@type":"Organization","@id":"https:\/\/fempowerment.se\/en\/#organization","name":"Fempowerment.se","url":"https:\/\/fempowerment.se\/en\/","logo":{"@type":"ImageObject","inLanguage":"en-US","@id":"https:\/\/fempowerment.se\/en\/#\/schema\/logo\/image\/","url":"https:\/\/fempowerment.se\/wp-content\/uploads\/2019\/12\/Fpower_3_vit-1-e1576083389343.png","contentUrl":"https:\/\/fempowerment.se\/wp-content\/uploads\/2019\/12\/Fpower_3_vit-1-e1576083389343.png","width":263,"height":36,"caption":"Fempowerment.se"},"image":{"@id":"https:\/\/fempowerment.se\/en\/#\/schema\/logo\/image\/"}}]}},"_links":{"self":[{"href":"https:\/\/fempowerment.se\/en\/wp-json\/wp\/v2\/pages\/5949"}],"collection":[{"href":"https:\/\/fempowerment.se\/en\/wp-json\/wp\/v2\/pages"}],"about":[{"href":"https:\/\/fempowerment.se\/en\/wp-json\/wp\/v2\/types\/page"}],"author":[{"embeddable":true,"href":"https:\/\/fempowerment.se\/en\/wp-json\/wp\/v2\/users\/1"}],"replies":[{"embeddable":true,"href":"https:\/\/fempowerment.se\/en\/wp-json\/wp\/v2\/comments?post=5949"}],"version-history":[{"count":25,"href":"https:\/\/fempowerment.se\/en\/wp-json\/wp\/v2\/pages\/5949\/revisions"}],"predecessor-version":[{"id":5977,"href":"https:\/\/fempowerment.se\/en\/wp-json\/wp\/v2\/pages\/5949\/revisions\/5977"}],"wp:attachment":[{"href":"https:\/\/fempowerment.se\/en\/wp-json\/wp\/v2\/media?parent=5949"}],"curies":[{"name":"wp","href":"https:\/\/api.w.org\/{rel}","templated":true}]}}