{"id":4330,"date":"2021-05-07T12:06:15","date_gmt":"2021-05-07T10:06:15","guid":{"rendered":"https:\/\/fempowerment.se\/?page_id=4330"},"modified":"2024-08-14T15:24:05","modified_gmt":"2024-08-14T13:24:05","slug":"du-som-ar-anhorig","status":"publish","type":"page","link":"https:\/\/fempowerment.se\/fr\/du-som-ar-anhorig\/","title":{"rendered":"\u00c4r du anh\u00f6rig?"},"content":{"rendered":"\t\t<div data-elementor-type=\"wp-page\" data-elementor-id=\"4330\" class=\"elementor elementor-4330\" data-elementor-post-type=\"page\">\n\t\t\t\t\t\t\t\t\t<section class=\"elementor-section elementor-top-section elementor-element elementor-element-909ac6d elementor-section-boxed elementor-section-height-default elementor-section-height-default\" data-id=\"909ac6d\" data-element_type=\"section\">\n\t\t\t\t\t\t<div class=\"elementor-container elementor-column-gap-default\">\n\t\t\t\t\t<div class=\"elementor-column elementor-col-100 elementor-top-column elementor-element elementor-element-45519bb\" data-id=\"45519bb\" data-element_type=\"column\">\n\t\t\t<div class=\"elementor-widget-wrap elementor-element-populated\">\n\t\t\t\t\t\t\t\t<div class=\"elementor-element elementor-element-148b4bc elementor-widget elementor-widget-spacer\" data-id=\"148b4bc\" data-element_type=\"widget\" data-widget_type=\"spacer.default\">\n\t\t\t\t<div class=\"elementor-widget-container\">\n\t\t\t\t\t<div class=\"elementor-spacer\">\n\t\t\t<div class=\"elementor-spacer-inner\"><\/div>\n\t\t<\/div>\n\t\t\t\t<\/div>\n\t\t\t\t<\/div>\n\t\t\t\t<section class=\"elementor-section elementor-inner-section elementor-element elementor-element-2efad5f elementor-section-boxed elementor-section-height-default elementor-section-height-default\" data-id=\"2efad5f\" data-element_type=\"section\">\n\t\t\t\t\t\t<div class=\"elementor-container elementor-column-gap-default\">\n\t\t\t\t\t<div class=\"elementor-column elementor-col-50 elementor-inner-column elementor-element elementor-element-fc2f3b2\" data-id=\"fc2f3b2\" data-element_type=\"column\">\n\t\t\t<div class=\"elementor-widget-wrap elementor-element-populated\">\n\t\t\t\t\t\t\t\t<div class=\"elementor-element elementor-element-947f289 elementor-widget elementor-widget-heading\" data-id=\"947f289\" data-element_type=\"widget\" data-widget_type=\"heading.default\">\n\t\t\t\t<div class=\"elementor-widget-container\">\n\t\t\t<h2 class=\"elementor-heading-title elementor-size-default\">Till dig som \u00e4r anh\u00f6rig<\/h2>\t\t<\/div>\n\t\t\t\t<\/div>\n\t\t\t\t<div class=\"elementor-element elementor-element-507d95e elementor-widget elementor-widget-text-editor\" data-id=\"507d95e\" data-element_type=\"widget\" data-widget_type=\"text-editor.default\">\n\t\t\t\t<div class=\"elementor-widget-container\">\n\t\t\t\t\t\t\t<p style=\"text-align: left;\"><span style=\"font-style: inherit; color: var( --e-global-color-text );\">Du som anh\u00f6rig har ofta en stor roll i den v\u00e5ldsutsattas liv och din hj\u00e4lp kan vara avg\u00f6rande. Det kan k\u00e4nnas \u00f6verv\u00e4ldigande att veta men viktigt att t\u00e4nka att du faktiskt kan g\u00f6ra skillnad.\u00a0<\/span><\/p><p style=\"text-align: left;\"><span style=\"font-family: Merriweather, sans-serif;\">Att se en v\u00e4n, ett syskon, barn eller f\u00f6r\u00e4lder bli utsatt f\u00f6r v\u00e5ld av sin partner eller n\u00e4ra anh\u00f6rig kan vara otroligt sv\u00e5rt. Du kanske har r\u00e4dslor f\u00f6r hur personen ska reagera om du tar upp det med hen eller k\u00e4nner os\u00e4kerhet om det faktiskt \u00e4r v\u00e5ld. Det \u00e4r ocks\u00e5 vanligt att ha funderingar kring vad du ska s\u00e4ga, hur du ska formulera dina fr\u00e5gor och verbalisera din oro.\u00a0<\/span><\/p><p style=\"text-align: left;\"><span style=\"font-weight: 400;\">Nedan \u00e4r ett par exempel p\u00e5 vad du kan g\u00f6ra:<\/span><\/p><ul style=\"text-align: left;\"><li><b>Prata med personen<\/b><span style=\"font-weight: 400;\">. Visa att du finns d\u00e4r och v\u00e5ga uttrycka oro f\u00f6r vad du ser som utomst\u00e5ende. St\u00e4ll g\u00e4rna raka fr\u00e5gor om vad hen blir utsatt f\u00f6r.<\/span><\/li><\/ul><ul style=\"text-align: left;\"><li aria-level=\"1\"><b>Synligg\u00f6r v\u00e5ldet. <\/b><span style=\"font-weight: 400;\">Har personen v\u00e5gat ber\u00e4tta vad hen utsatts f\u00f6r s\u00e5 har hen tagit ett stort steg. Lyssna utan att ifr\u00e5gas\u00e4tta och hj\u00e4lp personen att se allvaret i v\u00e5ldet.\u00a0<\/span><\/li><\/ul><ul><li style=\"text-align: left;\" aria-level=\"1\"><b>Visa att du \u00e4r kvar.<\/b><span style=\"font-weight: 400;\"> F\u00f6rs\u00f6k ha f\u00f6rst\u00e5else f\u00f6r att personen kan dra sig undan och att v\u00e4gen till uppbrott kan vara l\u00e5ng. Visa att du finns oavsett vad hen beslutar att g\u00f6ra.<\/span><\/li><\/ul>\t\t\t\t\t\t<\/div>\n\t\t\t\t<\/div>\n\t\t\t\t\t<\/div>\n\t\t<\/div>\n\t\t\t\t<div class=\"elementor-column elementor-col-50 elementor-inner-column elementor-element elementor-element-5dca611\" data-id=\"5dca611\" data-element_type=\"column\">\n\t\t\t<div class=\"elementor-widget-wrap elementor-element-populated\">\n\t\t\t\t\t\t\t\t<div class=\"elementor-element elementor-element-c02ce41 elementor-widget elementor-widget-image\" data-id=\"c02ce41\" data-element_type=\"widget\" data-widget_type=\"image.default\">\n\t\t\t\t<div class=\"elementor-widget-container\">\n\t\t\t\t\t\t\t\t\t\t\t\t\t\t\t<img decoding=\"async\" width=\"812\" height=\"626\" src=\"https:\/\/fempowerment.se\/wp-content\/uploads\/2021\/06\/Vald-H-HBTQ-1024x790.png\" class=\"attachment-large size-large wp-image-4471\" alt=\"\" loading=\"lazy\" srcset=\"https:\/\/fempowerment.se\/wp-content\/uploads\/2021\/06\/Vald-H-HBTQ-1024x790.png 1024w, https:\/\/fempowerment.se\/wp-content\/uploads\/2021\/06\/Vald-H-HBTQ-600x463.png 600w, https:\/\/fempowerment.se\/wp-content\/uploads\/2021\/06\/Vald-H-HBTQ-300x231.png 300w, https:\/\/fempowerment.se\/wp-content\/uploads\/2021\/06\/Vald-H-HBTQ-768x592.png 768w, https:\/\/fempowerment.se\/wp-content\/uploads\/2021\/06\/Vald-H-HBTQ.png 1400w\" sizes=\"(max-width: 812px) 100vw, 812px\" \/>\t\t\t\t\t\t\t\t\t\t\t\t\t\t\t<\/div>\n\t\t\t\t<\/div>\n\t\t\t\t<div class=\"elementor-element elementor-element-45a7e2c elementor-widget elementor-widget-text-editor\" data-id=\"45a7e2c\" data-element_type=\"widget\" data-widget_type=\"text-editor.default\">\n\t\t\t\t<div class=\"elementor-widget-container\">\n\t\t\t\t\t\t\t<ul><li style=\"text-align: left;\" aria-level=\"1\"><b>Samla bevis.\u00a0<\/b>Dokumentera skadorna med datum, anteckna vad du sj\u00e4lv ser och vad personen ber\u00e4ttar f\u00f6r dig. Erbjud att f\u00f6rvara bilder, dokument eller samtalsinspelningar hos dig.\u00a0<\/li><\/ul><ul style=\"text-align: left;\"><li aria-level=\"1\"><b>Hitta professionellt st\u00f6d.\u00a0<\/b>Leta upp numret till den lokala kvinnojouren och till kommunens socialtj\u00e4nst. F\u00f6rmedla att det finns personer hen kan prata med helt anonymt om det k\u00e4nns jobbigt att prata med dig eller n\u00e5gon hen k\u00e4nner.\u00a0<\/li><\/ul><ul><li style=\"text-align: left;\"><b><\/b><b>Se till att du ocks\u00e5 avlastas.\u00a0<\/b>Som anh\u00f6rig \u00e4r det l\u00e4tt att k\u00e4nna ett stort ansvar och hoppl\u00f6shet i situationen. Prata med fler i den sociala kretsen, st\u00f6tta och ta hj\u00e4lp av varandra.<\/li><\/ul>\t\t\t\t\t\t<\/div>\n\t\t\t\t<\/div>\n\t\t\t\t\t<\/div>\n\t\t<\/div>\n\t\t\t\t\t\t\t<\/div>\n\t\t<\/section>\n\t\t\t\t\t<\/div>\n\t\t<\/div>\n\t\t\t\t\t\t\t<\/div>\n\t\t<\/section>\n\t\t\t\t\t\t\t<\/div>\n\t\t","protected":false},"excerpt":{"rendered":"<p>Till dig som \u00e4r anh\u00f6rig Du som anh\u00f6rig har ofta en stor roll i den v\u00e5ldsutsattas liv och din hj\u00e4lp kan vara avg\u00f6rande. Det kan k\u00e4nnas \u00f6verv\u00e4ldigande att veta men viktigt att t\u00e4nka att du faktiskt kan g\u00f6ra skillnad.\u00a0 Att se en v\u00e4n, ett syskon, barn eller f\u00f6r\u00e4lder bli utsatt f\u00f6r v\u00e5ld av sin partner [&hellip;]<\/p>\n","protected":false},"author":1,"featured_media":0,"parent":0,"menu_order":0,"comment_status":"closed","ping_status":"closed","template":"","meta":[],"yoast_head":"<!-- This site is optimized with the Yoast SEO plugin v20.13 - https:\/\/yoast.com\/wordpress\/plugins\/seo\/ -->\n<title>\u00c4r du anh\u00f6rig? - Fempowerment.se<\/title>\n<meta name=\"robots\" content=\"index, follow, max-snippet:-1, max-image-preview:large, max-video-preview:-1\" \/>\n<link rel=\"canonical\" href=\"https:\/\/fempowerment.se\/fr\/du-som-ar-anhorig\/\" \/>\n<meta property=\"og:locale\" content=\"fr_FR\" \/>\n<meta property=\"og:type\" content=\"article\" \/>\n<meta property=\"og:title\" content=\"\u00c4r du anh\u00f6rig? - Fempowerment.se\" \/>\n<meta property=\"og:description\" content=\"Till dig som \u00e4r anh\u00f6rig Du som anh\u00f6rig har ofta en stor roll i den v\u00e5ldsutsattas liv och din hj\u00e4lp kan vara avg\u00f6rande. Det kan k\u00e4nnas \u00f6verv\u00e4ldigande att veta men viktigt att t\u00e4nka att du faktiskt kan g\u00f6ra skillnad.\u00a0 Att se en v\u00e4n, ett syskon, barn eller f\u00f6r\u00e4lder bli utsatt f\u00f6r v\u00e5ld av sin partner [&hellip;]\" \/>\n<meta property=\"og:url\" content=\"https:\/\/fempowerment.se\/fr\/du-som-ar-anhorig\/\" \/>\n<meta property=\"og:site_name\" content=\"Fempowerment.se\" \/>\n<meta property=\"article:modified_time\" content=\"2024-08-14T13:24:05+00:00\" \/>\n<meta property=\"og:image\" content=\"https:\/\/fempowerment.se\/wp-content\/uploads\/2021\/06\/Vald-H-HBTQ-1024x790.png\" \/>\n<meta name=\"twitter:card\" content=\"summary_large_image\" \/>\n<meta name=\"twitter:label1\" content=\"Dur\u00e9e de lecture estim\u00e9e\" \/>\n\t<meta name=\"twitter:data1\" content=\"2 minutes\" \/>\n<script type=\"application\/ld+json\" class=\"yoast-schema-graph\">{\"@context\":\"https:\/\/schema.org\",\"@graph\":[{\"@type\":\"WebPage\",\"@id\":\"https:\/\/fempowerment.se\/fr\/du-som-ar-anhorig\/\",\"url\":\"https:\/\/fempowerment.se\/fr\/du-som-ar-anhorig\/\",\"name\":\"\u00c4r du anh\u00f6rig? - Fempowerment.se\",\"isPartOf\":{\"@id\":\"https:\/\/fempowerment.se\/fr\/#website\"},\"datePublished\":\"2021-05-07T10:06:15+00:00\",\"dateModified\":\"2024-08-14T13:24:05+00:00\",\"breadcrumb\":{\"@id\":\"https:\/\/fempowerment.se\/fr\/du-som-ar-anhorig\/#breadcrumb\"},\"inLanguage\":\"fr-FR\",\"potentialAction\":[{\"@type\":\"ReadAction\",\"target\":[\"https:\/\/fempowerment.se\/fr\/du-som-ar-anhorig\/\"]}]},{\"@type\":\"BreadcrumbList\",\"@id\":\"https:\/\/fempowerment.se\/fr\/du-som-ar-anhorig\/#breadcrumb\",\"itemListElement\":[{\"@type\":\"ListItem\",\"position\":1,\"name\":\"Hem\",\"item\":\"https:\/\/fempowerment.se\/fr\/\"},{\"@type\":\"ListItem\",\"position\":2,\"name\":\"\u00c4r du anh\u00f6rig?\"}]},{\"@type\":\"WebSite\",\"@id\":\"https:\/\/fempowerment.se\/fr\/#website\",\"url\":\"https:\/\/fempowerment.se\/fr\/\",\"name\":\"Fempowerment.se\",\"description\":\"Kvinno- och st\u00f6djouren Fempowerment st\u00f6djer, hj\u00e4lper och erbjuder gratis juridisk r\u00e5dgivning p\u00e5 olika spr\u00e5k till v\u00e5ldsutsatta kvinnor, tjejer och ickebin\u00e4ra.\",\"publisher\":{\"@id\":\"https:\/\/fempowerment.se\/fr\/#organization\"},\"potentialAction\":[{\"@type\":\"SearchAction\",\"target\":{\"@type\":\"EntryPoint\",\"urlTemplate\":\"https:\/\/fempowerment.se\/fr\/?s={search_term_string}\"},\"query-input\":\"required name=search_term_string\"}],\"inLanguage\":\"fr-FR\"},{\"@type\":\"Organization\",\"@id\":\"https:\/\/fempowerment.se\/fr\/#organization\",\"name\":\"Fempowerment.se\",\"url\":\"https:\/\/fempowerment.se\/fr\/\",\"logo\":{\"@type\":\"ImageObject\",\"inLanguage\":\"fr-FR\",\"@id\":\"https:\/\/fempowerment.se\/fr\/#\/schema\/logo\/image\/\",\"url\":\"https:\/\/fempowerment.se\/wp-content\/uploads\/2019\/12\/Fpower_3_vit-1-e1576083389343.png\",\"contentUrl\":\"https:\/\/fempowerment.se\/wp-content\/uploads\/2019\/12\/Fpower_3_vit-1-e1576083389343.png\",\"width\":263,\"height\":36,\"caption\":\"Fempowerment.se\"},\"image\":{\"@id\":\"https:\/\/fempowerment.se\/fr\/#\/schema\/logo\/image\/\"}}]}<\/script>\n<!-- \/ Yoast SEO plugin. -->","yoast_head_json":{"title":"\u00c4r du anh\u00f6rig? - Fempowerment.se","robots":{"index":"index","follow":"follow","max-snippet":"max-snippet:-1","max-image-preview":"max-image-preview:large","max-video-preview":"max-video-preview:-1"},"canonical":"https:\/\/fempowerment.se\/fr\/du-som-ar-anhorig\/","og_locale":"fr_FR","og_type":"article","og_title":"\u00c4r du anh\u00f6rig? - Fempowerment.se","og_description":"Till dig som \u00e4r anh\u00f6rig Du som anh\u00f6rig har ofta en stor roll i den v\u00e5ldsutsattas liv och din hj\u00e4lp kan vara avg\u00f6rande. Det kan k\u00e4nnas \u00f6verv\u00e4ldigande att veta men viktigt att t\u00e4nka att du faktiskt kan g\u00f6ra skillnad.\u00a0 Att se en v\u00e4n, ett syskon, barn eller f\u00f6r\u00e4lder bli utsatt f\u00f6r v\u00e5ld av sin partner [&hellip;]","og_url":"https:\/\/fempowerment.se\/fr\/du-som-ar-anhorig\/","og_site_name":"Fempowerment.se","article_modified_time":"2024-08-14T13:24:05+00:00","og_image":[{"url":"https:\/\/fempowerment.se\/wp-content\/uploads\/2021\/06\/Vald-H-HBTQ-1024x790.png"}],"twitter_card":"summary_large_image","twitter_misc":{"Dur\u00e9e de lecture estim\u00e9e":"2 minutes"},"schema":{"@context":"https:\/\/schema.org","@graph":[{"@type":"WebPage","@id":"https:\/\/fempowerment.se\/fr\/du-som-ar-anhorig\/","url":"https:\/\/fempowerment.se\/fr\/du-som-ar-anhorig\/","name":"\u00c4r du anh\u00f6rig? - Fempowerment.se","isPartOf":{"@id":"https:\/\/fempowerment.se\/fr\/#website"},"datePublished":"2021-05-07T10:06:15+00:00","dateModified":"2024-08-14T13:24:05+00:00","breadcrumb":{"@id":"https:\/\/fempowerment.se\/fr\/du-som-ar-anhorig\/#breadcrumb"},"inLanguage":"fr-FR","potentialAction":[{"@type":"ReadAction","target":["https:\/\/fempowerment.se\/fr\/du-som-ar-anhorig\/"]}]},{"@type":"BreadcrumbList","@id":"https:\/\/fempowerment.se\/fr\/du-som-ar-anhorig\/#breadcrumb","itemListElement":[{"@type":"ListItem","position":1,"name":"Hem","item":"https:\/\/fempowerment.se\/fr\/"},{"@type":"ListItem","position":2,"name":"\u00c4r du anh\u00f6rig?"}]},{"@type":"WebSite","@id":"https:\/\/fempowerment.se\/fr\/#website","url":"https:\/\/fempowerment.se\/fr\/","name":"Fempowerment.se","description":"Kvinno- och st\u00f6djouren Fempowerment st\u00f6djer, hj\u00e4lper och erbjuder gratis juridisk r\u00e5dgivning p\u00e5 olika spr\u00e5k till v\u00e5ldsutsatta kvinnor, tjejer och ickebin\u00e4ra.","publisher":{"@id":"https:\/\/fempowerment.se\/fr\/#organization"},"potentialAction":[{"@type":"SearchAction","target":{"@type":"EntryPoint","urlTemplate":"https:\/\/fempowerment.se\/fr\/?s={search_term_string}"},"query-input":"required name=search_term_string"}],"inLanguage":"fr-FR"},{"@type":"Organization","@id":"https:\/\/fempowerment.se\/fr\/#organization","name":"Fempowerment.se","url":"https:\/\/fempowerment.se\/fr\/","logo":{"@type":"ImageObject","inLanguage":"fr-FR","@id":"https:\/\/fempowerment.se\/fr\/#\/schema\/logo\/image\/","url":"https:\/\/fempowerment.se\/wp-content\/uploads\/2019\/12\/Fpower_3_vit-1-e1576083389343.png","contentUrl":"https:\/\/fempowerment.se\/wp-content\/uploads\/2019\/12\/Fpower_3_vit-1-e1576083389343.png","width":263,"height":36,"caption":"Fempowerment.se"},"image":{"@id":"https:\/\/fempowerment.se\/fr\/#\/schema\/logo\/image\/"}}]}},"_links":{"self":[{"href":"https:\/\/fempowerment.se\/fr\/wp-json\/wp\/v2\/pages\/4330"}],"collection":[{"href":"https:\/\/fempowerment.se\/fr\/wp-json\/wp\/v2\/pages"}],"about":[{"href":"https:\/\/fempowerment.se\/fr\/wp-json\/wp\/v2\/types\/page"}],"author":[{"embeddable":true,"href":"https:\/\/fempowerment.se\/fr\/wp-json\/wp\/v2\/users\/1"}],"replies":[{"embeddable":true,"href":"https:\/\/fempowerment.se\/fr\/wp-json\/wp\/v2\/comments?post=4330"}],"version-history":[{"count":35,"href":"https:\/\/fempowerment.se\/fr\/wp-json\/wp\/v2\/pages\/4330\/revisions"}],"predecessor-version":[{"id":8153,"href":"https:\/\/fempowerment.se\/fr\/wp-json\/wp\/v2\/pages\/4330\/revisions\/8153"}],"wp:attachment":[{"href":"https:\/\/fempowerment.se\/fr\/wp-json\/wp\/v2\/media?parent=4330"}],"curies":[{"name":"wp","href":"https:\/\/api.w.org\/{rel}","templated":true}]}}