{"id":4332,"date":"2021-05-07T12:07:05","date_gmt":"2021-05-07T10:07:05","guid":{"rendered":"https:\/\/fempowerment.se\/?page_id=4332"},"modified":"2024-08-14T15:34:43","modified_gmt":"2024-08-14T13:34:43","slug":"vald-i-unga-relationer","status":"publish","type":"page","link":"https:\/\/fempowerment.se\/ru\/vald-i-unga-relationer\/","title":{"rendered":"V\u00e5ld i unga relationer"},"content":{"rendered":"\t\t<div data-elementor-type=\"wp-page\" data-elementor-id=\"4332\" class=\"elementor elementor-4332\" data-elementor-post-type=\"page\">\n\t\t\t\t\t\t\t\t\t<section class=\"elementor-section elementor-top-section elementor-element elementor-element-53d56f1 elementor-section-boxed elementor-section-height-default elementor-section-height-default\" data-id=\"53d56f1\" data-element_type=\"section\">\n\t\t\t\t\t\t<div class=\"elementor-container elementor-column-gap-default\">\n\t\t\t\t\t<div class=\"elementor-column elementor-col-100 elementor-top-column elementor-element elementor-element-43d6e2d\" data-id=\"43d6e2d\" data-element_type=\"column\">\n\t\t\t<div class=\"elementor-widget-wrap elementor-element-populated\">\n\t\t\t\t\t\t\t\t<div class=\"elementor-element elementor-element-3a2d983 elementor-widget elementor-widget-spacer\" data-id=\"3a2d983\" data-element_type=\"widget\" data-widget_type=\"spacer.default\">\n\t\t\t\t<div class=\"elementor-widget-container\">\n\t\t\t\t\t<div class=\"elementor-spacer\">\n\t\t\t<div class=\"elementor-spacer-inner\"><\/div>\n\t\t<\/div>\n\t\t\t\t<\/div>\n\t\t\t\t<\/div>\n\t\t\t\t<section class=\"elementor-section elementor-inner-section elementor-element elementor-element-6a1190f elementor-section-boxed elementor-section-height-default elementor-section-height-default\" data-id=\"6a1190f\" data-element_type=\"section\">\n\t\t\t\t\t\t<div class=\"elementor-container elementor-column-gap-default\">\n\t\t\t\t\t<div class=\"elementor-column elementor-col-50 elementor-inner-column elementor-element elementor-element-e2ac8b9\" data-id=\"e2ac8b9\" data-element_type=\"column\">\n\t\t\t<div class=\"elementor-widget-wrap elementor-element-populated\">\n\t\t\t\t\t\t\t\t<div class=\"elementor-element elementor-element-a6e5cd1 elementor-widget elementor-widget-heading\" data-id=\"a6e5cd1\" data-element_type=\"widget\" data-widget_type=\"heading.default\">\n\t\t\t\t<div class=\"elementor-widget-container\">\n\t\t\t<h2 class=\"elementor-heading-title elementor-size-default\">V\u00e5ld i ungas relationer<\/h2>\t\t<\/div>\n\t\t\t\t<\/div>\n\t\t\t\t<div class=\"elementor-element elementor-element-339e939 elementor-widget elementor-widget-text-editor\" data-id=\"339e939\" data-element_type=\"widget\" data-widget_type=\"text-editor.default\">\n\t\t\t\t<div class=\"elementor-widget-container\">\n\t\t\t\t\t\t\t<p><span style=\"font-weight: 400;\">V\u00e5ld i unga relationer \u00e4r vanligare \u00e4n vad en kan tro. Studier har visat att var femte person mellan 16-24 har utsatts f\u00f6r v\u00e5ld av en partner. V\u00e5ldet kan ta sig uttryck som fysiskt, psykiskt, digitalt och\/eller sexuellt och \u00e4r precis lika allvarligt som v\u00e5ld i vuxna relationer. Det digitala v\u00e5ldet \u00e4r mer utbrett i unga relationer. Det kan inneb\u00e4ra att ens partner kr\u00e4ver att ha tillg\u00e5ng till ens telefon, kr\u00e4ver att en ska svara p\u00e5 sms hela tiden, svara p\u00e5 samtal med Facetime eller ha snapchat-kartan p\u00e5 f\u00f6r att veta var en befinner sig.&nbsp;<\/span><\/p>\n<p><span style=\"font-weight: 400;\">De sv\u00e5righeter som en ung v\u00e5ldsutsatt kan k\u00e4mpa med \u00e4r att en ofta delar arena med sin f\u00f6r\u00f6vare, allts\u00e5 att de g\u00e5r i samma skola eller har samma umg\u00e4ngeskrets. \u00c4ven vuxnas syn p\u00e5 unga personer p\u00e5verkar. V\u00e5ld i ungas relationer kan ofta f\u00f6rbises eller f\u00f6rklaras med \u201cgullig svartsjuka\u201d eller inte tas p\u00e5 allvar p\u00e5 grund av parets unga \u00e5lder. Det kan \u00e4ven finnas en s\u00e4rskild s\u00e5rbarhet i att uts\u00e4ttas f\u00f6r v\u00e5ld i sin f\u00f6rsta relation,&nbsp; vilket betyder att en riskerar att vara i en mer utsatt situation eftersom hela situationen \u00e4r ny f\u00f6r en. Det \u00e4r vanligt f\u00f6rekommande att en kan ha m\u00e5nga fr\u00e5gor om relationer och om det \u201cska\u201d vara p\u00e5 det h\u00e4r s\u00e4ttet, vilket kan p\u00e5verka hur en ser p\u00e5 v\u00e5ldet.&nbsp;&nbsp;<\/span><\/p><p><b>Funderar du p\u00e5 om du lever i en bra och sund relation? G\u00f6r ett <a href=\"https:\/\/www.unizonjourer.se\/ung\/quiz\/\" style=\"\">quiz h\u00e4r<\/a>!<\/b><\/p>\t\t\t\t\t\t<\/div>\n\t\t\t\t<\/div>\n\t\t\t\t\t<\/div>\n\t\t<\/div>\n\t\t\t\t<div class=\"elementor-column elementor-col-50 elementor-inner-column elementor-element elementor-element-1e43372\" data-id=\"1e43372\" data-element_type=\"column\">\n\t\t\t<div class=\"elementor-widget-wrap elementor-element-populated\">\n\t\t\t\t\t\t\t\t<div class=\"elementor-element elementor-element-25c5480 elementor-widget elementor-widget-image\" data-id=\"25c5480\" data-element_type=\"widget\" data-widget_type=\"image.default\">\n\t\t\t\t<div class=\"elementor-widget-container\">\n\t\t\t\t\t\t\t\t\t\t\t\t\t\t\t<img decoding=\"async\" src=\"https:\/\/fempowerment.se\/wp-content\/uploads\/elementor\/thumbs\/Vald-H-Unga-p8eyy9gclu0gjc6eqd0aie89b8l2gknauyx4m6bc9k.png\" title=\"V\u00e5ld H Unga\" alt=\"V\u00e5ld H Unga\" loading=\"lazy\" \/>\t\t\t\t\t\t\t\t\t\t\t\t\t\t\t<\/div>\n\t\t\t\t<\/div>\n\t\t\t\t\t<\/div>\n\t\t<\/div>\n\t\t\t\t\t\t\t<\/div>\n\t\t<\/section>\n\t\t\t\t\t<\/div>\n\t\t<\/div>\n\t\t\t\t\t\t\t<\/div>\n\t\t<\/section>\n\t\t\t\t\t\t\t<\/div>\n\t\t","protected":false},"excerpt":{"rendered":"<p>V\u00e5ld i ungas relationer V\u00e5ld i unga relationer \u00e4r vanligare \u00e4n vad en kan tro. Studier har visat att var femte person mellan 16-24 har utsatts f\u00f6r v\u00e5ld av en partner. V\u00e5ldet kan ta sig uttryck som fysiskt, psykiskt, digitalt och\/eller sexuellt och \u00e4r precis lika allvarligt som v\u00e5ld i vuxna relationer. Det digitala v\u00e5ldet [&hellip;]<\/p>\n","protected":false},"author":1,"featured_media":0,"parent":0,"menu_order":0,"comment_status":"closed","ping_status":"closed","template":"","meta":[],"yoast_head":"<!-- This site is optimized with the Yoast SEO plugin v20.13 - https:\/\/yoast.com\/wordpress\/plugins\/seo\/ -->\n<title>V\u00e5ld i unga relationer - Fempowerment.se<\/title>\n<meta name=\"robots\" content=\"index, follow, max-snippet:-1, max-image-preview:large, max-video-preview:-1\" \/>\n<link rel=\"canonical\" href=\"https:\/\/fempowerment.se\/ru\/vald-i-unga-relationer\/\" \/>\n<meta property=\"og:locale\" content=\"ru_RU\" \/>\n<meta property=\"og:type\" content=\"article\" \/>\n<meta property=\"og:title\" content=\"V\u00e5ld i unga relationer - Fempowerment.se\" \/>\n<meta property=\"og:description\" content=\"V\u00e5ld i ungas relationer V\u00e5ld i unga relationer \u00e4r vanligare \u00e4n vad en kan tro. Studier har visat att var femte person mellan 16-24 har utsatts f\u00f6r v\u00e5ld av en partner. V\u00e5ldet kan ta sig uttryck som fysiskt, psykiskt, digitalt och\/eller sexuellt och \u00e4r precis lika allvarligt som v\u00e5ld i vuxna relationer. Det digitala v\u00e5ldet [&hellip;]\" \/>\n<meta property=\"og:url\" content=\"https:\/\/fempowerment.se\/ru\/vald-i-unga-relationer\/\" \/>\n<meta property=\"og:site_name\" content=\"Fempowerment.se\" \/>\n<meta property=\"article:modified_time\" content=\"2024-08-14T13:34:43+00:00\" \/>\n<meta property=\"og:image\" content=\"https:\/\/fempowerment.se\/wp-content\/uploads\/elementor\/thumbs\/Vald-H-Unga-p8eyy9gclu0gjc6eqd0aie89b8l2gknauyx4m6bc9k.png\" \/>\n<meta name=\"twitter:card\" content=\"summary_large_image\" \/>\n<meta name=\"twitter:label1\" content=\"\u041f\u0440\u0438\u043c\u0435\u0440\u043d\u043e\u0435 \u0432\u0440\u0435\u043c\u044f \u0434\u043b\u044f \u0447\u0442\u0435\u043d\u0438\u044f\" \/>\n\t<meta name=\"twitter:data1\" content=\"2 \u043c\u0438\u043d\u0443\u0442\u044b\" \/>\n<script type=\"application\/ld+json\" class=\"yoast-schema-graph\">{\"@context\":\"https:\/\/schema.org\",\"@graph\":[{\"@type\":\"WebPage\",\"@id\":\"https:\/\/fempowerment.se\/ru\/vald-i-unga-relationer\/\",\"url\":\"https:\/\/fempowerment.se\/ru\/vald-i-unga-relationer\/\",\"name\":\"V\u00e5ld i unga relationer - Fempowerment.se\",\"isPartOf\":{\"@id\":\"https:\/\/fempowerment.se\/ru\/#website\"},\"datePublished\":\"2021-05-07T10:07:05+00:00\",\"dateModified\":\"2024-08-14T13:34:43+00:00\",\"breadcrumb\":{\"@id\":\"https:\/\/fempowerment.se\/ru\/vald-i-unga-relationer\/#breadcrumb\"},\"inLanguage\":\"ru-RU\",\"potentialAction\":[{\"@type\":\"ReadAction\",\"target\":[\"https:\/\/fempowerment.se\/ru\/vald-i-unga-relationer\/\"]}]},{\"@type\":\"BreadcrumbList\",\"@id\":\"https:\/\/fempowerment.se\/ru\/vald-i-unga-relationer\/#breadcrumb\",\"itemListElement\":[{\"@type\":\"ListItem\",\"position\":1,\"name\":\"Hem\",\"item\":\"https:\/\/fempowerment.se\/ru\/\"},{\"@type\":\"ListItem\",\"position\":2,\"name\":\"V\u00e5ld i unga relationer\"}]},{\"@type\":\"WebSite\",\"@id\":\"https:\/\/fempowerment.se\/ru\/#website\",\"url\":\"https:\/\/fempowerment.se\/ru\/\",\"name\":\"Fempowerment.se\",\"description\":\"Kvinno- och st\u00f6djouren Fempowerment st\u00f6djer, hj\u00e4lper och erbjuder gratis juridisk r\u00e5dgivning p\u00e5 olika spr\u00e5k till v\u00e5ldsutsatta kvinnor, tjejer och ickebin\u00e4ra.\",\"publisher\":{\"@id\":\"https:\/\/fempowerment.se\/ru\/#organization\"},\"potentialAction\":[{\"@type\":\"SearchAction\",\"target\":{\"@type\":\"EntryPoint\",\"urlTemplate\":\"https:\/\/fempowerment.se\/ru\/?s={search_term_string}\"},\"query-input\":\"required name=search_term_string\"}],\"inLanguage\":\"ru-RU\"},{\"@type\":\"Organization\",\"@id\":\"https:\/\/fempowerment.se\/ru\/#organization\",\"name\":\"Fempowerment.se\",\"url\":\"https:\/\/fempowerment.se\/ru\/\",\"logo\":{\"@type\":\"ImageObject\",\"inLanguage\":\"ru-RU\",\"@id\":\"https:\/\/fempowerment.se\/ru\/#\/schema\/logo\/image\/\",\"url\":\"https:\/\/fempowerment.se\/wp-content\/uploads\/2019\/12\/Fpower_3_vit-1-e1576083389343.png\",\"contentUrl\":\"https:\/\/fempowerment.se\/wp-content\/uploads\/2019\/12\/Fpower_3_vit-1-e1576083389343.png\",\"width\":263,\"height\":36,\"caption\":\"Fempowerment.se\"},\"image\":{\"@id\":\"https:\/\/fempowerment.se\/ru\/#\/schema\/logo\/image\/\"}}]}<\/script>\n<!-- \/ Yoast SEO plugin. -->","yoast_head_json":{"title":"V\u00e5ld i unga relationer - Fempowerment.se","robots":{"index":"index","follow":"follow","max-snippet":"max-snippet:-1","max-image-preview":"max-image-preview:large","max-video-preview":"max-video-preview:-1"},"canonical":"https:\/\/fempowerment.se\/ru\/vald-i-unga-relationer\/","og_locale":"ru_RU","og_type":"article","og_title":"V\u00e5ld i unga relationer - Fempowerment.se","og_description":"V\u00e5ld i ungas relationer V\u00e5ld i unga relationer \u00e4r vanligare \u00e4n vad en kan tro. Studier har visat att var femte person mellan 16-24 har utsatts f\u00f6r v\u00e5ld av en partner. V\u00e5ldet kan ta sig uttryck som fysiskt, psykiskt, digitalt och\/eller sexuellt och \u00e4r precis lika allvarligt som v\u00e5ld i vuxna relationer. Det digitala v\u00e5ldet [&hellip;]","og_url":"https:\/\/fempowerment.se\/ru\/vald-i-unga-relationer\/","og_site_name":"Fempowerment.se","article_modified_time":"2024-08-14T13:34:43+00:00","og_image":[{"url":"https:\/\/fempowerment.se\/wp-content\/uploads\/elementor\/thumbs\/Vald-H-Unga-p8eyy9gclu0gjc6eqd0aie89b8l2gknauyx4m6bc9k.png"}],"twitter_card":"summary_large_image","twitter_misc":{"\u041f\u0440\u0438\u043c\u0435\u0440\u043d\u043e\u0435 \u0432\u0440\u0435\u043c\u044f \u0434\u043b\u044f \u0447\u0442\u0435\u043d\u0438\u044f":"2 \u043c\u0438\u043d\u0443\u0442\u044b"},"schema":{"@context":"https:\/\/schema.org","@graph":[{"@type":"WebPage","@id":"https:\/\/fempowerment.se\/ru\/vald-i-unga-relationer\/","url":"https:\/\/fempowerment.se\/ru\/vald-i-unga-relationer\/","name":"V\u00e5ld i unga relationer - Fempowerment.se","isPartOf":{"@id":"https:\/\/fempowerment.se\/ru\/#website"},"datePublished":"2021-05-07T10:07:05+00:00","dateModified":"2024-08-14T13:34:43+00:00","breadcrumb":{"@id":"https:\/\/fempowerment.se\/ru\/vald-i-unga-relationer\/#breadcrumb"},"inLanguage":"ru-RU","potentialAction":[{"@type":"ReadAction","target":["https:\/\/fempowerment.se\/ru\/vald-i-unga-relationer\/"]}]},{"@type":"BreadcrumbList","@id":"https:\/\/fempowerment.se\/ru\/vald-i-unga-relationer\/#breadcrumb","itemListElement":[{"@type":"ListItem","position":1,"name":"Hem","item":"https:\/\/fempowerment.se\/ru\/"},{"@type":"ListItem","position":2,"name":"V\u00e5ld i unga relationer"}]},{"@type":"WebSite","@id":"https:\/\/fempowerment.se\/ru\/#website","url":"https:\/\/fempowerment.se\/ru\/","name":"Fempowerment.se","description":"Kvinno- och st\u00f6djouren Fempowerment st\u00f6djer, hj\u00e4lper och erbjuder gratis juridisk r\u00e5dgivning p\u00e5 olika spr\u00e5k till v\u00e5ldsutsatta kvinnor, tjejer och ickebin\u00e4ra.","publisher":{"@id":"https:\/\/fempowerment.se\/ru\/#organization"},"potentialAction":[{"@type":"SearchAction","target":{"@type":"EntryPoint","urlTemplate":"https:\/\/fempowerment.se\/ru\/?s={search_term_string}"},"query-input":"required name=search_term_string"}],"inLanguage":"ru-RU"},{"@type":"Organization","@id":"https:\/\/fempowerment.se\/ru\/#organization","name":"Fempowerment.se","url":"https:\/\/fempowerment.se\/ru\/","logo":{"@type":"ImageObject","inLanguage":"ru-RU","@id":"https:\/\/fempowerment.se\/ru\/#\/schema\/logo\/image\/","url":"https:\/\/fempowerment.se\/wp-content\/uploads\/2019\/12\/Fpower_3_vit-1-e1576083389343.png","contentUrl":"https:\/\/fempowerment.se\/wp-content\/uploads\/2019\/12\/Fpower_3_vit-1-e1576083389343.png","width":263,"height":36,"caption":"Fempowerment.se"},"image":{"@id":"https:\/\/fempowerment.se\/ru\/#\/schema\/logo\/image\/"}}]}},"_links":{"self":[{"href":"https:\/\/fempowerment.se\/ru\/wp-json\/wp\/v2\/pages\/4332"}],"collection":[{"href":"https:\/\/fempowerment.se\/ru\/wp-json\/wp\/v2\/pages"}],"about":[{"href":"https:\/\/fempowerment.se\/ru\/wp-json\/wp\/v2\/types\/page"}],"author":[{"embeddable":true,"href":"https:\/\/fempowerment.se\/ru\/wp-json\/wp\/v2\/users\/1"}],"replies":[{"embeddable":true,"href":"https:\/\/fempowerment.se\/ru\/wp-json\/wp\/v2\/comments?post=4332"}],"version-history":[{"count":16,"href":"https:\/\/fempowerment.se\/ru\/wp-json\/wp\/v2\/pages\/4332\/revisions"}],"predecessor-version":[{"id":8172,"href":"https:\/\/fempowerment.se\/ru\/wp-json\/wp\/v2\/pages\/4332\/revisions\/8172"}],"wp:attachment":[{"href":"https:\/\/fempowerment.se\/ru\/wp-json\/wp\/v2\/media?parent=4332"}],"curies":[{"name":"wp","href":"https:\/\/api.w.org\/{rel}","templated":true}]}}