{"id":4334,"date":"2021-05-07T12:03:59","date_gmt":"2021-05-07T10:03:59","guid":{"rendered":"https:\/\/fempowerment.se\/?page_id=4334"},"modified":"2025-04-04T15:54:01","modified_gmt":"2025-04-04T13:54:01","slug":"vald-i-hbtq-relationer","status":"publish","type":"page","link":"https:\/\/fempowerment.se\/ru\/vald-i-hbtq-relationer\/","title":{"rendered":"V\u00e5ld i HBTQ-relationer"},"content":{"rendered":"\t\t<div data-elementor-type=\"wp-page\" data-elementor-id=\"4334\" class=\"elementor elementor-4334\" data-elementor-post-type=\"page\">\n\t\t\t\t\t\t\t\t\t<section class=\"elementor-section elementor-top-section elementor-element elementor-element-f401a98 elementor-section-boxed elementor-section-height-default elementor-section-height-default\" data-id=\"f401a98\" data-element_type=\"section\" data-settings=\"{&quot;background_background&quot;:&quot;gradient&quot;}\">\n\t\t\t\t\t\t<div class=\"elementor-container elementor-column-gap-extended\">\n\t\t\t\t\t<div class=\"elementor-column elementor-col-100 elementor-top-column elementor-element elementor-element-2e1808b\" data-id=\"2e1808b\" data-element_type=\"column\">\n\t\t\t<div class=\"elementor-widget-wrap elementor-element-populated\">\n\t\t\t\t\t\t\t\t<div class=\"elementor-element elementor-element-bfea385 elementor-widget elementor-widget-spacer\" data-id=\"bfea385\" data-element_type=\"widget\" data-widget_type=\"spacer.default\">\n\t\t\t\t<div class=\"elementor-widget-container\">\n\t\t\t\t\t<div class=\"elementor-spacer\">\n\t\t\t<div class=\"elementor-spacer-inner\"><\/div>\n\t\t<\/div>\n\t\t\t\t<\/div>\n\t\t\t\t<\/div>\n\t\t\t\t<div class=\"elementor-element elementor-element-72ec3a4 elementor-widget elementor-widget-heading\" data-id=\"72ec3a4\" data-element_type=\"widget\" data-widget_type=\"heading.default\">\n\t\t\t\t<div class=\"elementor-widget-container\">\n\t\t\t<h2 class=\"elementor-heading-title elementor-size-default\">V\u00e5ld i hbtqi-relationer<\/h2>\t\t<\/div>\n\t\t\t\t<\/div>\n\t\t\t\t<section class=\"elementor-section elementor-inner-section elementor-element elementor-element-1990918 elementor-section-boxed elementor-section-height-default elementor-section-height-default\" data-id=\"1990918\" data-element_type=\"section\">\n\t\t\t\t\t\t<div class=\"elementor-container elementor-column-gap-default\">\n\t\t\t\t\t<div class=\"elementor-column elementor-col-50 elementor-inner-column elementor-element elementor-element-29e1323\" data-id=\"29e1323\" data-element_type=\"column\">\n\t\t\t<div class=\"elementor-widget-wrap elementor-element-populated\">\n\t\t\t\t\t\t\t\t<div class=\"elementor-element elementor-element-ea0c524 elementor-widget elementor-widget-text-editor\" data-id=\"ea0c524\" data-element_type=\"widget\" data-widget_type=\"text-editor.default\">\n\t\t\t\t<div class=\"elementor-widget-container\">\n\t\t\t\t\t\t\t<p style=\"text-align: left;\"><b>Hbtqi \u00e4r ett samlingsbegrepp f\u00f6r homo- och bisexuella, transpersoner, personer som identifierar sig som queer samt intersexpersoner.<\/b><\/p>\t\t\t\t\t\t<\/div>\n\t\t\t\t<\/div>\n\t\t\t\t<div class=\"elementor-element elementor-element-1531a2f elementor-widget elementor-widget-text-editor\" data-id=\"1531a2f\" data-element_type=\"widget\" data-widget_type=\"text-editor.default\">\n\t\t\t\t<div class=\"elementor-widget-container\">\n\t\t\t\t\t\t\t<p style=\"text-align: left;\"><span style=\"font-weight: 400;\">V\u00e5ld i n\u00e4ra hbtqi-relationer \u00e4r minst lika utbrett som v\u00e5ld i heterosexuella relationer, kunskapen \u00e4r dock fortfarande bristf\u00e4llig. Alla typer av v\u00e5ld \u00e4r f\u00f6rekommande i hbtq-relationer, och v\u00e5ldet tar sig uttryck p\u00e5 samma s\u00e4tt med kontroll och maktut\u00f6vning. V\u00e5ldsut\u00f6varen anv\u00e4nder ofta den utsattas minoritetsstatus f\u00f6r att ut\u00f6va makt och kontroll, exempelvis genom att hota att \u201couta\u201d den utsatta och p\u00e5 s\u00e5 s\u00e4tt isolera personen ytterligare. \u00c4ven f\u00f6rsummelse \u00e4r f\u00f6rekommande vilket i en hbtqi-relation kan betyda att ens partner f\u00f6rbjuder en fr\u00e5n att f\u00e5 k\u00f6nsbekr\u00e4ftande v\u00e5rd, ta hormoner och\/eller kl\u00e4 sig\/se ut som en vill.<\/span><\/p><p style=\"text-align: left;\">Det finns m\u00e5nga f\u00f6rest\u00e4llningar om hur en samk\u00f6nad relation \u00e4r och ofta m\u00e5las relationen upp som en j\u00e4mlik utopi utan v\u00e5ld. Detta kan leda till att den utsatta sj\u00e4lv har sv\u00e5rt att prata om och identifiera v\u00e5ldet, vilket i f\u00f6rl\u00e4ngningen f\u00f6rhindrar en fr\u00e5n att s\u00f6ka hj\u00e4lp.\u00a0V\u00e5ldsutsatta hbtqi-personer bem\u00f6ts ofta med okunskap och f\u00f6rdomar som styrs av bland annat heterosexuella normer och i m\u00e5nga fall tvingas hbtqi-personer \u201ckomma ut\u201d g\u00e5ng p\u00e5 g\u00e5ng i kontakt med hj\u00e4lpande instanser. Ett utforskande och normkritiskt bem\u00f6tande utan antaganden \u00e4r oerh\u00f6rt viktigt i m\u00f6te med alla v\u00e5ldsutsatta.<\/p>\t\t\t\t\t\t<\/div>\n\t\t\t\t<\/div>\n\t\t\t\t\t<\/div>\n\t\t<\/div>\n\t\t\t\t<div class=\"elementor-column elementor-col-50 elementor-inner-column elementor-element elementor-element-415052e\" data-id=\"415052e\" data-element_type=\"column\" data-settings=\"{&quot;background_background&quot;:&quot;classic&quot;}\">\n\t\t\t<div class=\"elementor-widget-wrap elementor-element-populated\">\n\t\t\t\t\t\t\t\t<div class=\"elementor-element elementor-element-098b957 elementor-widget elementor-widget-text-editor\" data-id=\"098b957\" data-element_type=\"widget\" data-widget_type=\"text-editor.default\">\n\t\t\t\t<div class=\"elementor-widget-container\">\n\t\t\t\t\t\t\t<p style=\"text-align: left;\">Fempowerment erbjuder st\u00f6d b\u00e5de individuellt och genom samtalsgrupper f\u00f6r dig som identifierar dig som hbtqi och har erfarenhet av v\u00e5ld i n\u00e4ra relation. Vi finns h\u00e4r f\u00f6r dig om du beh\u00f6ver n\u00e5gon som lyssnar. <a href=\"https:\/\/fempowerment.se\/samtalsgrupper\/\"><strong>L\u00e4s mer&#8230;<\/strong><\/a><\/p><p style=\"text-align: left;\">Vill du veta mer eller boka en tid? H\u00f6r av dig till oss s\u00e5 \u00e5terkommer vi s\u00e5 snart vi kan f\u00f6r ett inledande samtal d\u00e4r vi kan best\u00e4mma hur vi g\u00e5r vidare.<\/p><ul><li style=\"text-align: left;\"><b>Mejl: <\/b>jour@fempowerment.se<\/li><li style=\"text-align: left;\"><b>Telefon: <\/b>020-33 99 00 (m\u00e5n-fre kl. 10-16)<\/li><li style=\"text-align: left;\"><a href=\"https:\/\/forms.gle\/pnSg77otgzXCBKyN8\"><b>Intresseformul\u00e4r samtalsgrupper<\/b><\/a> (l\u00e4nk)<\/li><\/ul>\t\t\t\t\t\t<\/div>\n\t\t\t\t<\/div>\n\t\t\t\t<div class=\"elementor-element elementor-element-f884a51 elementor-widget elementor-widget-image\" data-id=\"f884a51\" data-element_type=\"widget\" data-widget_type=\"image.default\">\n\t\t\t\t<div class=\"elementor-widget-container\">\n\t\t\t\t\t\t\t\t\t\t\t\t\t\t\t<img decoding=\"async\" width=\"1400\" height=\"1080\" src=\"https:\/\/fempowerment.se\/wp-content\/uploads\/2021\/06\/Vald-H-HBTQ.png\" class=\"attachment-full size-full wp-image-4471\" alt=\"\" loading=\"lazy\" srcset=\"https:\/\/fempowerment.se\/wp-content\/uploads\/2021\/06\/Vald-H-HBTQ.png 1400w, https:\/\/fempowerment.se\/wp-content\/uploads\/2021\/06\/Vald-H-HBTQ-600x463.png 600w, https:\/\/fempowerment.se\/wp-content\/uploads\/2021\/06\/Vald-H-HBTQ-300x231.png 300w, https:\/\/fempowerment.se\/wp-content\/uploads\/2021\/06\/Vald-H-HBTQ-1024x790.png 1024w, https:\/\/fempowerment.se\/wp-content\/uploads\/2021\/06\/Vald-H-HBTQ-768x592.png 768w\" sizes=\"(max-width: 1400px) 100vw, 1400px\" \/>\t\t\t\t\t\t\t\t\t\t\t\t\t\t\t<\/div>\n\t\t\t\t<\/div>\n\t\t\t\t\t<\/div>\n\t\t<\/div>\n\t\t\t\t\t\t\t<\/div>\n\t\t<\/section>\n\t\t\t\t\t<\/div>\n\t\t<\/div>\n\t\t\t\t\t\t\t<\/div>\n\t\t<\/section>\n\t\t\t\t\t\t\t<\/div>\n\t\t","protected":false},"excerpt":{"rendered":"<p>V\u00e5ld i hbtqi-relationer Hbtqi \u00e4r ett samlingsbegrepp f\u00f6r homo- och bisexuella, transpersoner, personer som identifierar sig som queer samt intersexpersoner. V\u00e5ld i n\u00e4ra hbtqi-relationer \u00e4r minst lika utbrett som v\u00e5ld i heterosexuella relationer, kunskapen \u00e4r dock fortfarande bristf\u00e4llig. Alla typer av v\u00e5ld \u00e4r f\u00f6rekommande i hbtq-relationer, och v\u00e5ldet tar sig uttryck p\u00e5 samma s\u00e4tt med [&hellip;]<\/p>\n","protected":false},"author":1,"featured_media":0,"parent":0,"menu_order":0,"comment_status":"closed","ping_status":"closed","template":"","meta":[],"yoast_head":"<!-- This site is optimized with the Yoast SEO plugin v20.13 - https:\/\/yoast.com\/wordpress\/plugins\/seo\/ -->\n<title>V\u00e5ld i HBTQ-relationer - Fempowerment.se<\/title>\n<meta name=\"robots\" content=\"index, follow, max-snippet:-1, max-image-preview:large, max-video-preview:-1\" \/>\n<link rel=\"canonical\" href=\"https:\/\/fempowerment.se\/ru\/vald-i-hbtq-relationer\/\" \/>\n<meta property=\"og:locale\" content=\"ru_RU\" \/>\n<meta property=\"og:type\" content=\"article\" \/>\n<meta property=\"og:title\" content=\"V\u00e5ld i HBTQ-relationer - Fempowerment.se\" \/>\n<meta property=\"og:description\" content=\"V\u00e5ld i hbtqi-relationer Hbtqi \u00e4r ett samlingsbegrepp f\u00f6r homo- och bisexuella, transpersoner, personer som identifierar sig som queer samt intersexpersoner. V\u00e5ld i n\u00e4ra hbtqi-relationer \u00e4r minst lika utbrett som v\u00e5ld i heterosexuella relationer, kunskapen \u00e4r dock fortfarande bristf\u00e4llig. Alla typer av v\u00e5ld \u00e4r f\u00f6rekommande i hbtq-relationer, och v\u00e5ldet tar sig uttryck p\u00e5 samma s\u00e4tt med [&hellip;]\" \/>\n<meta property=\"og:url\" content=\"https:\/\/fempowerment.se\/ru\/vald-i-hbtq-relationer\/\" \/>\n<meta property=\"og:site_name\" content=\"Fempowerment.se\" \/>\n<meta property=\"article:modified_time\" content=\"2025-04-04T13:54:01+00:00\" \/>\n<meta property=\"og:image\" content=\"https:\/\/fempowerment.se\/wp-content\/uploads\/2021\/06\/Vald-H-HBTQ.png\" \/>\n<meta name=\"twitter:card\" content=\"summary_large_image\" \/>\n<meta name=\"twitter:label1\" content=\"\u041f\u0440\u0438\u043c\u0435\u0440\u043d\u043e\u0435 \u0432\u0440\u0435\u043c\u044f \u0434\u043b\u044f \u0447\u0442\u0435\u043d\u0438\u044f\" \/>\n\t<meta name=\"twitter:data1\" content=\"2 \u043c\u0438\u043d\u0443\u0442\u044b\" \/>\n<script type=\"application\/ld+json\" class=\"yoast-schema-graph\">{\"@context\":\"https:\/\/schema.org\",\"@graph\":[{\"@type\":\"WebPage\",\"@id\":\"https:\/\/fempowerment.se\/ru\/vald-i-hbtq-relationer\/\",\"url\":\"https:\/\/fempowerment.se\/ru\/vald-i-hbtq-relationer\/\",\"name\":\"V\u00e5ld i HBTQ-relationer - Fempowerment.se\",\"isPartOf\":{\"@id\":\"https:\/\/fempowerment.se\/ru\/#website\"},\"datePublished\":\"2021-05-07T10:03:59+00:00\",\"dateModified\":\"2025-04-04T13:54:01+00:00\",\"breadcrumb\":{\"@id\":\"https:\/\/fempowerment.se\/ru\/vald-i-hbtq-relationer\/#breadcrumb\"},\"inLanguage\":\"ru-RU\",\"potentialAction\":[{\"@type\":\"ReadAction\",\"target\":[\"https:\/\/fempowerment.se\/ru\/vald-i-hbtq-relationer\/\"]}]},{\"@type\":\"BreadcrumbList\",\"@id\":\"https:\/\/fempowerment.se\/ru\/vald-i-hbtq-relationer\/#breadcrumb\",\"itemListElement\":[{\"@type\":\"ListItem\",\"position\":1,\"name\":\"Hem\",\"item\":\"https:\/\/fempowerment.se\/ru\/\"},{\"@type\":\"ListItem\",\"position\":2,\"name\":\"V\u00e5ld i HBTQ-relationer\"}]},{\"@type\":\"WebSite\",\"@id\":\"https:\/\/fempowerment.se\/ru\/#website\",\"url\":\"https:\/\/fempowerment.se\/ru\/\",\"name\":\"Fempowerment.se\",\"description\":\"Kvinno- och st\u00f6djouren Fempowerment st\u00f6djer, hj\u00e4lper och erbjuder gratis juridisk r\u00e5dgivning p\u00e5 olika spr\u00e5k till v\u00e5ldsutsatta kvinnor, tjejer och ickebin\u00e4ra.\",\"publisher\":{\"@id\":\"https:\/\/fempowerment.se\/ru\/#organization\"},\"potentialAction\":[{\"@type\":\"SearchAction\",\"target\":{\"@type\":\"EntryPoint\",\"urlTemplate\":\"https:\/\/fempowerment.se\/ru\/?s={search_term_string}\"},\"query-input\":\"required name=search_term_string\"}],\"inLanguage\":\"ru-RU\"},{\"@type\":\"Organization\",\"@id\":\"https:\/\/fempowerment.se\/ru\/#organization\",\"name\":\"Fempowerment.se\",\"url\":\"https:\/\/fempowerment.se\/ru\/\",\"logo\":{\"@type\":\"ImageObject\",\"inLanguage\":\"ru-RU\",\"@id\":\"https:\/\/fempowerment.se\/ru\/#\/schema\/logo\/image\/\",\"url\":\"https:\/\/fempowerment.se\/wp-content\/uploads\/2019\/12\/Fpower_3_vit-1-e1576083389343.png\",\"contentUrl\":\"https:\/\/fempowerment.se\/wp-content\/uploads\/2019\/12\/Fpower_3_vit-1-e1576083389343.png\",\"width\":263,\"height\":36,\"caption\":\"Fempowerment.se\"},\"image\":{\"@id\":\"https:\/\/fempowerment.se\/ru\/#\/schema\/logo\/image\/\"}}]}<\/script>\n<!-- \/ Yoast SEO plugin. -->","yoast_head_json":{"title":"V\u00e5ld i HBTQ-relationer - Fempowerment.se","robots":{"index":"index","follow":"follow","max-snippet":"max-snippet:-1","max-image-preview":"max-image-preview:large","max-video-preview":"max-video-preview:-1"},"canonical":"https:\/\/fempowerment.se\/ru\/vald-i-hbtq-relationer\/","og_locale":"ru_RU","og_type":"article","og_title":"V\u00e5ld i HBTQ-relationer - Fempowerment.se","og_description":"V\u00e5ld i hbtqi-relationer Hbtqi \u00e4r ett samlingsbegrepp f\u00f6r homo- och bisexuella, transpersoner, personer som identifierar sig som queer samt intersexpersoner. V\u00e5ld i n\u00e4ra hbtqi-relationer \u00e4r minst lika utbrett som v\u00e5ld i heterosexuella relationer, kunskapen \u00e4r dock fortfarande bristf\u00e4llig. Alla typer av v\u00e5ld \u00e4r f\u00f6rekommande i hbtq-relationer, och v\u00e5ldet tar sig uttryck p\u00e5 samma s\u00e4tt med [&hellip;]","og_url":"https:\/\/fempowerment.se\/ru\/vald-i-hbtq-relationer\/","og_site_name":"Fempowerment.se","article_modified_time":"2025-04-04T13:54:01+00:00","og_image":[{"url":"https:\/\/fempowerment.se\/wp-content\/uploads\/2021\/06\/Vald-H-HBTQ.png"}],"twitter_card":"summary_large_image","twitter_misc":{"\u041f\u0440\u0438\u043c\u0435\u0440\u043d\u043e\u0435 \u0432\u0440\u0435\u043c\u044f \u0434\u043b\u044f \u0447\u0442\u0435\u043d\u0438\u044f":"2 \u043c\u0438\u043d\u0443\u0442\u044b"},"schema":{"@context":"https:\/\/schema.org","@graph":[{"@type":"WebPage","@id":"https:\/\/fempowerment.se\/ru\/vald-i-hbtq-relationer\/","url":"https:\/\/fempowerment.se\/ru\/vald-i-hbtq-relationer\/","name":"V\u00e5ld i HBTQ-relationer - Fempowerment.se","isPartOf":{"@id":"https:\/\/fempowerment.se\/ru\/#website"},"datePublished":"2021-05-07T10:03:59+00:00","dateModified":"2025-04-04T13:54:01+00:00","breadcrumb":{"@id":"https:\/\/fempowerment.se\/ru\/vald-i-hbtq-relationer\/#breadcrumb"},"inLanguage":"ru-RU","potentialAction":[{"@type":"ReadAction","target":["https:\/\/fempowerment.se\/ru\/vald-i-hbtq-relationer\/"]}]},{"@type":"BreadcrumbList","@id":"https:\/\/fempowerment.se\/ru\/vald-i-hbtq-relationer\/#breadcrumb","itemListElement":[{"@type":"ListItem","position":1,"name":"Hem","item":"https:\/\/fempowerment.se\/ru\/"},{"@type":"ListItem","position":2,"name":"V\u00e5ld i HBTQ-relationer"}]},{"@type":"WebSite","@id":"https:\/\/fempowerment.se\/ru\/#website","url":"https:\/\/fempowerment.se\/ru\/","name":"Fempowerment.se","description":"Kvinno- och st\u00f6djouren Fempowerment st\u00f6djer, hj\u00e4lper och erbjuder gratis juridisk r\u00e5dgivning p\u00e5 olika spr\u00e5k till v\u00e5ldsutsatta kvinnor, tjejer och ickebin\u00e4ra.","publisher":{"@id":"https:\/\/fempowerment.se\/ru\/#organization"},"potentialAction":[{"@type":"SearchAction","target":{"@type":"EntryPoint","urlTemplate":"https:\/\/fempowerment.se\/ru\/?s={search_term_string}"},"query-input":"required name=search_term_string"}],"inLanguage":"ru-RU"},{"@type":"Organization","@id":"https:\/\/fempowerment.se\/ru\/#organization","name":"Fempowerment.se","url":"https:\/\/fempowerment.se\/ru\/","logo":{"@type":"ImageObject","inLanguage":"ru-RU","@id":"https:\/\/fempowerment.se\/ru\/#\/schema\/logo\/image\/","url":"https:\/\/fempowerment.se\/wp-content\/uploads\/2019\/12\/Fpower_3_vit-1-e1576083389343.png","contentUrl":"https:\/\/fempowerment.se\/wp-content\/uploads\/2019\/12\/Fpower_3_vit-1-e1576083389343.png","width":263,"height":36,"caption":"Fempowerment.se"},"image":{"@id":"https:\/\/fempowerment.se\/ru\/#\/schema\/logo\/image\/"}}]}},"_links":{"self":[{"href":"https:\/\/fempowerment.se\/ru\/wp-json\/wp\/v2\/pages\/4334"}],"collection":[{"href":"https:\/\/fempowerment.se\/ru\/wp-json\/wp\/v2\/pages"}],"about":[{"href":"https:\/\/fempowerment.se\/ru\/wp-json\/wp\/v2\/types\/page"}],"author":[{"embeddable":true,"href":"https:\/\/fempowerment.se\/ru\/wp-json\/wp\/v2\/users\/1"}],"replies":[{"embeddable":true,"href":"https:\/\/fempowerment.se\/ru\/wp-json\/wp\/v2\/comments?post=4334"}],"version-history":[{"count":58,"href":"https:\/\/fempowerment.se\/ru\/wp-json\/wp\/v2\/pages\/4334\/revisions"}],"predecessor-version":[{"id":8975,"href":"https:\/\/fempowerment.se\/ru\/wp-json\/wp\/v2\/pages\/4334\/revisions\/8975"}],"wp:attachment":[{"href":"https:\/\/fempowerment.se\/ru\/wp-json\/wp\/v2\/media?parent=4334"}],"curies":[{"name":"wp","href":"https:\/\/api.w.org\/{rel}","templated":true}]}}