{"id":5110,"date":"2022-05-03T11:15:50","date_gmt":"2022-05-03T09:15:50","guid":{"rendered":"https:\/\/fempowerment.se\/?page_id=5110"},"modified":"2026-01-27T14:30:55","modified_gmt":"2026-01-27T13:30:55","slug":"samtalsgrupper","status":"publish","type":"page","link":"https:\/\/fempowerment.se\/ru\/samtalsgrupper\/","title":{"rendered":"Samtalsgrupper HBTQI+"},"content":{"rendered":"\t\t<div data-elementor-type=\"wp-page\" data-elementor-id=\"5110\" class=\"elementor elementor-5110\" data-elementor-post-type=\"page\">\n\t\t\t\t\t\t\t\t\t<section class=\"elementor-section elementor-top-section elementor-element elementor-element-354c177 elementor-section-boxed elementor-section-height-default elementor-section-height-default\" data-id=\"354c177\" data-element_type=\"section\">\n\t\t\t\t\t\t<div class=\"elementor-container elementor-column-gap-default\">\n\t\t\t\t\t<div class=\"elementor-column elementor-col-100 elementor-top-column elementor-element elementor-element-cc8ae1d\" data-id=\"cc8ae1d\" data-element_type=\"column\">\n\t\t\t<div class=\"elementor-widget-wrap elementor-element-populated\">\n\t\t\t\t\t\t\t\t<div class=\"elementor-element elementor-element-fde8c09 elementor-widget elementor-widget-spacer\" data-id=\"fde8c09\" data-element_type=\"widget\" data-widget_type=\"spacer.default\">\n\t\t\t\t<div class=\"elementor-widget-container\">\n\t\t\t\t\t<div class=\"elementor-spacer\">\n\t\t\t<div class=\"elementor-spacer-inner\"><\/div>\n\t\t<\/div>\n\t\t\t\t<\/div>\n\t\t\t\t<\/div>\n\t\t\t\t<div class=\"elementor-element elementor-element-67df4f5 elementor-widget elementor-widget-heading\" data-id=\"67df4f5\" data-element_type=\"widget\" data-widget_type=\"heading.default\">\n\t\t\t\t<div class=\"elementor-widget-container\">\n\t\t\t<h2 class=\"elementor-heading-title elementor-size-default\">Samtalsgrupper f\u00f6r hbtqi-personer<\/h2>\t\t<\/div>\n\t\t\t\t<\/div>\n\t\t\t\t<section class=\"elementor-section elementor-inner-section elementor-element elementor-element-297a61b elementor-section-boxed elementor-section-height-default elementor-section-height-default\" data-id=\"297a61b\" data-element_type=\"section\">\n\t\t\t\t\t\t<div class=\"elementor-container elementor-column-gap-default\">\n\t\t\t\t\t<div class=\"elementor-column elementor-col-50 elementor-inner-column elementor-element elementor-element-d253a53\" data-id=\"d253a53\" data-element_type=\"column\">\n\t\t\t<div class=\"elementor-widget-wrap elementor-element-populated\">\n\t\t\t\t\t\t\t\t<div class=\"elementor-element elementor-element-c554786 elementor-widget elementor-widget-text-editor\" data-id=\"c554786\" data-element_type=\"widget\" data-widget_type=\"text-editor.default\">\n\t\t\t\t<div class=\"elementor-widget-container\">\n\t\t\t\t\t\t\t<p style=\"text-align: left;\"><b>Har du erfarenhet av v\u00e5ld i n\u00e4ra relation? Identifierar du dig som hbtqi? \u00d6nskar du att f\u00e5 ber\u00e4tta f\u00f6r andra och h\u00f6ra om andras liknande erfarenheter? <\/b><strong>Fempowerment erbjuder samtalsgrupper f\u00f6r kvinnor, transpersoner och icke-bin\u00e4ra som k\u00e4nner igen sig i beskrivningen ovan.\u00a0<\/strong><\/p><p>V\u00e5ldet inom hbtqi-relationer kan yttra sig p\u00e5 liknande s\u00e4tt som i heterosexuella cis-relationer, det som dock kan skilja sig \u00e4r bland annat hur ens sexuella l\u00e4ggning och\/eller k\u00f6nsidentitet kan anv\u00e4ndas emot en, exempelvis genom hot om &#8220;outing&#8221; eller att den v\u00e5ldsutsatta personen upplever dubbel isolering p\u00e5 grund av sin identitet. Framf\u00f6r allt kan bem\u00f6tandet fr\u00e5n omgivningen b\u00e5de fr\u00e5n professionella och anh\u00f6riga av en v\u00e5ldsutsatt hbtqi-person se annorlunda ut vilket ofta p\u00e5verkar ens m\u00f6jligheter till att s\u00f6ka hj\u00e4lp och st\u00f6d.<\/p><p>L\u00e4s mer om v\u00e5ld i hbtqi-relationer <a style=\"font-weight: bold;\" href=\"https:\/\/fempowerment.se\/vald-i-hbtq-relationer\/\">h\u00e4r.<\/a><\/p><p>I v\u00e5ra samtalsgrupper skapar vi ett tryggt rum f\u00f6r deltagarna att kunna l\u00e4ra sig om v\u00e5ldet som skett och ber\u00e4tta om det en upplevt. Vi lyssnar p\u00e5 dig och vi lyssnar p\u00e5 varandra utan att d\u00f6ma eller bem\u00f6ta med misstro, d\u00e4r \u00f6ppenhet, st\u00f6ttning och gemenskap \u00e4r i centrum. Du f\u00e5r \u00e4ven kunskap kring v\u00e5ld i n\u00e4ra relation och dess mekanismer, vilket skapar en st\u00f6rre f\u00f6rst\u00e5else av konsekvenserna v\u00e5ldet f\u00f6rt med sig.<\/p><p>Samtalsgrupperna best\u00e5r av totalt sju tillf\u00e4llen. Vi tr\u00e4ffas en g\u00e5ng per vecka i 2 timmar. Vid varje tillf\u00e4lle samtalar vi utifr\u00e5n fr\u00e5n ett tema:<\/p><ol><li>L\u00e4ra k\u00e4nna varandra<\/li><li>Vad \u00e4r v\u00e5ld?<\/li><li>V\u00e5ld i hbtqi-relationer &amp; normaliseringsprocessen\u00a0<\/li><li>Att l\u00e4mna<\/li><li>Sexuell h\u00e4lsa &amp; sexualitet<\/li><li>Sj\u00e4lvomsorg<\/li><li>Avslutning och framtiden<\/li><\/ol><p>Varje tillf\u00e4lle har en fikapaus inkluderad och samtalen leds av en kurator med socionombakgrund, mycket god psykosocial kunskap och hbtqi-kompetens. Tr\u00e4ffarna sker i v\u00e5ra lokaler i Stockholm, angiven plats i G\u00f6teborg eller digitalt p\u00e5 Zoom.<\/p>\t\t\t\t\t\t<\/div>\n\t\t\t\t<\/div>\n\t\t\t\t\t<\/div>\n\t\t<\/div>\n\t\t\t\t<div class=\"elementor-column elementor-col-50 elementor-inner-column elementor-element elementor-element-6e44a32\" data-id=\"6e44a32\" data-element_type=\"column\" data-settings=\"{&quot;background_background&quot;:&quot;classic&quot;}\">\n\t\t\t<div class=\"elementor-widget-wrap elementor-element-populated\">\n\t\t\t\t\t\t\t\t<div class=\"elementor-element elementor-element-ade065e elementor-widget elementor-widget-text-editor\" data-id=\"ade065e\" data-element_type=\"widget\" data-widget_type=\"text-editor.default\">\n\t\t\t\t<div class=\"elementor-widget-container\">\n\t\t\t\t\t\t\t<p style=\"text-align: left;\"><strong>V\u00e5rens samtalsgrupper startar i mars 2026.&nbsp;<\/strong><\/p>\n<p style=\"text-align: left;\"><strong>Nu kan du anm\u00e4la ditt intresse att delta i v\u00e5r fysiska grupp i Stockholm och v\u00e5r digitala samtalsgrupp. L\u00e4s mer <a href=\"https:\/\/fempowerment.se\/varens-samtalsgrupper-for-valdsutsatta-hbtqi\/\">&gt;&gt;h\u00e4r&lt;&lt;<\/a><\/strong><\/p>\n<p style=\"text-align: left;\"><b>Anm\u00e4l ditt intresse<\/b>&nbsp;genom att fylla i <b><a href=\"https:\/\/docs.google.com\/forms\/d\/e\/1FAIpQLSenVPs7tr1eQCyX98L7O04YIbczGPoG5HNrEPciQmlI-IyAGw\/viewform\">&gt;&gt;detta formul\u00e4r&lt;&lt;<\/a><\/b> f\u00f6r den fysiska gruppen eller<a href=\"https:\/\/docs.google.com\/forms\/d\/e\/1FAIpQLSc7xxWyg561vA1jpqJw0T0cGekiZI8Pu6UGUHHqF2HOWBBoMA\/viewform\"><b> &gt;&gt;detta formul\u00e4r&lt;&lt; <\/b><\/a>f\u00f6r den digitala, s\u00e5 \u00e5terkommer vi f\u00f6r ett inledande samtal d\u00e4r vi kan best\u00e4mma hur vi g\u00e5r vidare. Vid fr\u00e5gor eller funderingar g\u00e5r det bra att ringa eller mejla till oss.&nbsp;<\/p>\n<ul>\n<li style=\"font-size: 16px; font-style: normal; text-align: justify;\"><b>Mejl: <\/b>info<span style=\"font-weight: 400;\">@fempowerment.se<\/span><\/li>\n<li style=\"font-size: 16px; font-style: normal; text-align: justify;\"><b>Telefon: <\/b><span style=\"font-weight: 400;\">020-33 99 00 (m\u00e5n-fre kl. 10-16)<\/span><\/li>\n<\/ul>\t\t\t\t\t\t<\/div>\n\t\t\t\t<\/div>\n\t\t\t\t<div class=\"elementor-element elementor-element-d858d58 elementor-widget elementor-widget-image\" data-id=\"d858d58\" data-element_type=\"widget\" data-widget_type=\"image.default\">\n\t\t\t\t<div class=\"elementor-widget-container\">\n\t\t\t\t\t\t\t\t\t\t\t\t\t\t\t<img decoding=\"async\" width=\"812\" height=\"539\" src=\"https:\/\/fempowerment.se\/wp-content\/uploads\/2022\/04\/bakgrunder-7-e1651216980852-1024x680.png\" class=\"attachment-large size-large wp-image-5123\" alt=\"\" loading=\"lazy\" srcset=\"https:\/\/fempowerment.se\/wp-content\/uploads\/2022\/04\/bakgrunder-7-e1651216980852-1024x680.png 1024w, https:\/\/fempowerment.se\/wp-content\/uploads\/2022\/04\/bakgrunder-7-e1651216980852-600x398.png 600w, https:\/\/fempowerment.se\/wp-content\/uploads\/2022\/04\/bakgrunder-7-e1651216980852-300x199.png 300w, https:\/\/fempowerment.se\/wp-content\/uploads\/2022\/04\/bakgrunder-7-e1651216980852-768x510.png 768w, https:\/\/fempowerment.se\/wp-content\/uploads\/2022\/04\/bakgrunder-7-e1651216980852-1536x1020.png 1536w, https:\/\/fempowerment.se\/wp-content\/uploads\/2022\/04\/bakgrunder-7-e1651216980852.png 1612w\" sizes=\"(max-width: 812px) 100vw, 812px\" \/>\t\t\t\t\t\t\t\t\t\t\t\t\t\t\t<\/div>\n\t\t\t\t<\/div>\n\t\t\t\t\t<\/div>\n\t\t<\/div>\n\t\t\t\t\t\t\t<\/div>\n\t\t<\/section>\n\t\t\t\t\t<\/div>\n\t\t<\/div>\n\t\t\t\t\t\t\t<\/div>\n\t\t<\/section>\n\t\t\t\t\t\t\t<\/div>\n\t\t","protected":false},"excerpt":{"rendered":"<p>Samtalsgrupper f\u00f6r hbtqi-personer Har du erfarenhet av v\u00e5ld i n\u00e4ra relation? Identifierar du dig som hbtqi? \u00d6nskar du att f\u00e5 ber\u00e4tta f\u00f6r andra och h\u00f6ra om andras liknande erfarenheter? Fempowerment erbjuder samtalsgrupper f\u00f6r kvinnor, transpersoner och icke-bin\u00e4ra som k\u00e4nner igen sig i beskrivningen ovan.\u00a0 V\u00e5ldet inom hbtqi-relationer kan yttra sig p\u00e5 liknande s\u00e4tt som i [&hellip;]<\/p>\n","protected":false},"author":1,"featured_media":0,"parent":0,"menu_order":0,"comment_status":"closed","ping_status":"closed","template":"","meta":[],"yoast_head":"<!-- This site is optimized with the Yoast SEO plugin v20.13 - https:\/\/yoast.com\/wordpress\/plugins\/seo\/ -->\n<title>Samtalsgrupper HBTQI+ - Fempowerment.se<\/title>\n<meta name=\"description\" content=\"Samtalsgrupper f\u00f6r dig som \u00e4r hbtqi-person med erfarenhet av v\u00e5ld i n\u00e4ra relationer. Du f\u00e5r m\u00f6jlighet att kostnadsfritt bearbeta dina upplevelser tillsammans med andra kvinnor och transpersoner som har liknande erfarenhet.\" \/>\n<meta name=\"robots\" content=\"index, follow, max-snippet:-1, max-image-preview:large, max-video-preview:-1\" \/>\n<link rel=\"canonical\" href=\"https:\/\/fempowerment.se\/ru\/samtalsgrupper\/\" \/>\n<meta property=\"og:locale\" content=\"ru_RU\" \/>\n<meta property=\"og:type\" content=\"article\" \/>\n<meta property=\"og:title\" content=\"Samtalsgrupper HBTQI+ - Fempowerment.se\" \/>\n<meta property=\"og:description\" content=\"Samtalsgrupper f\u00f6r dig som \u00e4r hbtqi-person med erfarenhet av v\u00e5ld i n\u00e4ra relationer. Du f\u00e5r m\u00f6jlighet att kostnadsfritt bearbeta dina upplevelser tillsammans med andra kvinnor och transpersoner som har liknande erfarenhet.\" \/>\n<meta property=\"og:url\" content=\"https:\/\/fempowerment.se\/ru\/samtalsgrupper\/\" \/>\n<meta property=\"og:site_name\" content=\"Fempowerment.se\" \/>\n<meta property=\"article:modified_time\" content=\"2026-01-27T13:30:55+00:00\" \/>\n<meta property=\"og:image\" content=\"https:\/\/fempowerment.se\/wp-content\/uploads\/2022\/04\/bakgrunder-7-e1651216980852-1024x680.png\" \/>\n<meta name=\"twitter:card\" content=\"summary_large_image\" \/>\n<meta name=\"twitter:label1\" content=\"\u041f\u0440\u0438\u043c\u0435\u0440\u043d\u043e\u0435 \u0432\u0440\u0435\u043c\u044f \u0434\u043b\u044f \u0447\u0442\u0435\u043d\u0438\u044f\" \/>\n\t<meta name=\"twitter:data1\" content=\"2 \u043c\u0438\u043d\u0443\u0442\u044b\" \/>\n<script type=\"application\/ld+json\" class=\"yoast-schema-graph\">{\"@context\":\"https:\/\/schema.org\",\"@graph\":[{\"@type\":\"WebPage\",\"@id\":\"https:\/\/fempowerment.se\/ru\/samtalsgrupper\/\",\"url\":\"https:\/\/fempowerment.se\/ru\/samtalsgrupper\/\",\"name\":\"Samtalsgrupper HBTQI+ - Fempowerment.se\",\"isPartOf\":{\"@id\":\"https:\/\/fempowerment.se\/ru\/#website\"},\"datePublished\":\"2022-05-03T09:15:50+00:00\",\"dateModified\":\"2026-01-27T13:30:55+00:00\",\"description\":\"Samtalsgrupper f\u00f6r dig som \u00e4r hbtqi-person med erfarenhet av v\u00e5ld i n\u00e4ra relationer. Du f\u00e5r m\u00f6jlighet att kostnadsfritt bearbeta dina upplevelser tillsammans med andra kvinnor och transpersoner som har liknande erfarenhet.\",\"breadcrumb\":{\"@id\":\"https:\/\/fempowerment.se\/ru\/samtalsgrupper\/#breadcrumb\"},\"inLanguage\":\"ru-RU\",\"potentialAction\":[{\"@type\":\"ReadAction\",\"target\":[\"https:\/\/fempowerment.se\/ru\/samtalsgrupper\/\"]}]},{\"@type\":\"BreadcrumbList\",\"@id\":\"https:\/\/fempowerment.se\/ru\/samtalsgrupper\/#breadcrumb\",\"itemListElement\":[{\"@type\":\"ListItem\",\"position\":1,\"name\":\"Hem\",\"item\":\"https:\/\/fempowerment.se\/ru\/\"},{\"@type\":\"ListItem\",\"position\":2,\"name\":\"Samtalsgrupper HBTQI+\"}]},{\"@type\":\"WebSite\",\"@id\":\"https:\/\/fempowerment.se\/ru\/#website\",\"url\":\"https:\/\/fempowerment.se\/ru\/\",\"name\":\"Fempowerment.se\",\"description\":\"Kvinno- och st\u00f6djouren Fempowerment st\u00f6djer, hj\u00e4lper och erbjuder gratis juridisk r\u00e5dgivning p\u00e5 olika spr\u00e5k till v\u00e5ldsutsatta kvinnor, tjejer och ickebin\u00e4ra.\",\"publisher\":{\"@id\":\"https:\/\/fempowerment.se\/ru\/#organization\"},\"potentialAction\":[{\"@type\":\"SearchAction\",\"target\":{\"@type\":\"EntryPoint\",\"urlTemplate\":\"https:\/\/fempowerment.se\/ru\/?s={search_term_string}\"},\"query-input\":\"required name=search_term_string\"}],\"inLanguage\":\"ru-RU\"},{\"@type\":\"Organization\",\"@id\":\"https:\/\/fempowerment.se\/ru\/#organization\",\"name\":\"Fempowerment.se\",\"url\":\"https:\/\/fempowerment.se\/ru\/\",\"logo\":{\"@type\":\"ImageObject\",\"inLanguage\":\"ru-RU\",\"@id\":\"https:\/\/fempowerment.se\/ru\/#\/schema\/logo\/image\/\",\"url\":\"https:\/\/fempowerment.se\/wp-content\/uploads\/2019\/12\/Fpower_3_vit-1-e1576083389343.png\",\"contentUrl\":\"https:\/\/fempowerment.se\/wp-content\/uploads\/2019\/12\/Fpower_3_vit-1-e1576083389343.png\",\"width\":263,\"height\":36,\"caption\":\"Fempowerment.se\"},\"image\":{\"@id\":\"https:\/\/fempowerment.se\/ru\/#\/schema\/logo\/image\/\"}}]}<\/script>\n<!-- \/ Yoast SEO plugin. -->","yoast_head_json":{"title":"Samtalsgrupper HBTQI+ - Fempowerment.se","description":"Samtalsgrupper f\u00f6r dig som \u00e4r hbtqi-person med erfarenhet av v\u00e5ld i n\u00e4ra relationer. Du f\u00e5r m\u00f6jlighet att kostnadsfritt bearbeta dina upplevelser tillsammans med andra kvinnor och transpersoner som har liknande erfarenhet.","robots":{"index":"index","follow":"follow","max-snippet":"max-snippet:-1","max-image-preview":"max-image-preview:large","max-video-preview":"max-video-preview:-1"},"canonical":"https:\/\/fempowerment.se\/ru\/samtalsgrupper\/","og_locale":"ru_RU","og_type":"article","og_title":"Samtalsgrupper HBTQI+ - Fempowerment.se","og_description":"Samtalsgrupper f\u00f6r dig som \u00e4r hbtqi-person med erfarenhet av v\u00e5ld i n\u00e4ra relationer. Du f\u00e5r m\u00f6jlighet att kostnadsfritt bearbeta dina upplevelser tillsammans med andra kvinnor och transpersoner som har liknande erfarenhet.","og_url":"https:\/\/fempowerment.se\/ru\/samtalsgrupper\/","og_site_name":"Fempowerment.se","article_modified_time":"2026-01-27T13:30:55+00:00","og_image":[{"url":"https:\/\/fempowerment.se\/wp-content\/uploads\/2022\/04\/bakgrunder-7-e1651216980852-1024x680.png"}],"twitter_card":"summary_large_image","twitter_misc":{"\u041f\u0440\u0438\u043c\u0435\u0440\u043d\u043e\u0435 \u0432\u0440\u0435\u043c\u044f \u0434\u043b\u044f \u0447\u0442\u0435\u043d\u0438\u044f":"2 \u043c\u0438\u043d\u0443\u0442\u044b"},"schema":{"@context":"https:\/\/schema.org","@graph":[{"@type":"WebPage","@id":"https:\/\/fempowerment.se\/ru\/samtalsgrupper\/","url":"https:\/\/fempowerment.se\/ru\/samtalsgrupper\/","name":"Samtalsgrupper HBTQI+ - Fempowerment.se","isPartOf":{"@id":"https:\/\/fempowerment.se\/ru\/#website"},"datePublished":"2022-05-03T09:15:50+00:00","dateModified":"2026-01-27T13:30:55+00:00","description":"Samtalsgrupper f\u00f6r dig som \u00e4r hbtqi-person med erfarenhet av v\u00e5ld i n\u00e4ra relationer. Du f\u00e5r m\u00f6jlighet att kostnadsfritt bearbeta dina upplevelser tillsammans med andra kvinnor och transpersoner som har liknande erfarenhet.","breadcrumb":{"@id":"https:\/\/fempowerment.se\/ru\/samtalsgrupper\/#breadcrumb"},"inLanguage":"ru-RU","potentialAction":[{"@type":"ReadAction","target":["https:\/\/fempowerment.se\/ru\/samtalsgrupper\/"]}]},{"@type":"BreadcrumbList","@id":"https:\/\/fempowerment.se\/ru\/samtalsgrupper\/#breadcrumb","itemListElement":[{"@type":"ListItem","position":1,"name":"Hem","item":"https:\/\/fempowerment.se\/ru\/"},{"@type":"ListItem","position":2,"name":"Samtalsgrupper HBTQI+"}]},{"@type":"WebSite","@id":"https:\/\/fempowerment.se\/ru\/#website","url":"https:\/\/fempowerment.se\/ru\/","name":"Fempowerment.se","description":"Kvinno- och st\u00f6djouren Fempowerment st\u00f6djer, hj\u00e4lper och erbjuder gratis juridisk r\u00e5dgivning p\u00e5 olika spr\u00e5k till v\u00e5ldsutsatta kvinnor, tjejer och ickebin\u00e4ra.","publisher":{"@id":"https:\/\/fempowerment.se\/ru\/#organization"},"potentialAction":[{"@type":"SearchAction","target":{"@type":"EntryPoint","urlTemplate":"https:\/\/fempowerment.se\/ru\/?s={search_term_string}"},"query-input":"required name=search_term_string"}],"inLanguage":"ru-RU"},{"@type":"Organization","@id":"https:\/\/fempowerment.se\/ru\/#organization","name":"Fempowerment.se","url":"https:\/\/fempowerment.se\/ru\/","logo":{"@type":"ImageObject","inLanguage":"ru-RU","@id":"https:\/\/fempowerment.se\/ru\/#\/schema\/logo\/image\/","url":"https:\/\/fempowerment.se\/wp-content\/uploads\/2019\/12\/Fpower_3_vit-1-e1576083389343.png","contentUrl":"https:\/\/fempowerment.se\/wp-content\/uploads\/2019\/12\/Fpower_3_vit-1-e1576083389343.png","width":263,"height":36,"caption":"Fempowerment.se"},"image":{"@id":"https:\/\/fempowerment.se\/ru\/#\/schema\/logo\/image\/"}}]}},"_links":{"self":[{"href":"https:\/\/fempowerment.se\/ru\/wp-json\/wp\/v2\/pages\/5110"}],"collection":[{"href":"https:\/\/fempowerment.se\/ru\/wp-json\/wp\/v2\/pages"}],"about":[{"href":"https:\/\/fempowerment.se\/ru\/wp-json\/wp\/v2\/types\/page"}],"author":[{"embeddable":true,"href":"https:\/\/fempowerment.se\/ru\/wp-json\/wp\/v2\/users\/1"}],"replies":[{"embeddable":true,"href":"https:\/\/fempowerment.se\/ru\/wp-json\/wp\/v2\/comments?post=5110"}],"version-history":[{"count":180,"href":"https:\/\/fempowerment.se\/ru\/wp-json\/wp\/v2\/pages\/5110\/revisions"}],"predecessor-version":[{"id":9281,"href":"https:\/\/fempowerment.se\/ru\/wp-json\/wp\/v2\/pages\/5110\/revisions\/9281"}],"wp:attachment":[{"href":"https:\/\/fempowerment.se\/ru\/wp-json\/wp\/v2\/media?parent=5110"}],"curies":[{"name":"wp","href":"https:\/\/api.w.org\/{rel}","templated":true}]}}