{"id":6065,"date":"2023-01-10T10:08:35","date_gmt":"2023-01-10T09:08:35","guid":{"rendered":"https:\/\/fempowerment.se\/cart\/"},"modified":"2023-01-10T10:08:35","modified_gmt":"2023-01-10T09:08:35","slug":"cart","status":"publish","type":"page","link":"https:\/\/fempowerment.se\/ru\/cart\/","title":{"rendered":"Cart"},"content":{"rendered":"\n","protected":false},"excerpt":{"rendered":"","protected":false},"author":1,"featured_media":0,"parent":0,"menu_order":0,"comment_status":"closed","ping_status":"closed","template":"","meta":[],"yoast_head":"<!-- This site is optimized with the Yoast SEO plugin v20.13 - https:\/\/yoast.com\/wordpress\/plugins\/seo\/ -->\n<title>Cart - Fempowerment.se<\/title>\n<meta name=\"robots\" content=\"index, follow, max-snippet:-1, max-image-preview:large, max-video-preview:-1\" \/>\n<link rel=\"canonical\" href=\"https:\/\/fempowerment.se\/ru\/cart\/\" \/>\n<meta property=\"og:locale\" content=\"ru_RU\" \/>\n<meta property=\"og:type\" content=\"article\" \/>\n<meta property=\"og:title\" content=\"Cart - Fempowerment.se\" \/>\n<meta property=\"og:url\" content=\"https:\/\/fempowerment.se\/ru\/cart\/\" \/>\n<meta property=\"og:site_name\" content=\"Fempowerment.se\" \/>\n<meta name=\"twitter:card\" content=\"summary_large_image\" \/>\n<script type=\"application\/ld+json\" class=\"yoast-schema-graph\">{\"@context\":\"https:\/\/schema.org\",\"@graph\":[{\"@type\":\"WebPage\",\"@id\":\"https:\/\/fempowerment.se\/ru\/cart\/\",\"url\":\"https:\/\/fempowerment.se\/ru\/cart\/\",\"name\":\"Cart - Fempowerment.se\",\"isPartOf\":{\"@id\":\"https:\/\/fempowerment.se\/ru\/#website\"},\"datePublished\":\"2023-01-10T09:08:35+00:00\",\"dateModified\":\"2023-01-10T09:08:35+00:00\",\"breadcrumb\":{\"@id\":\"https:\/\/fempowerment.se\/ru\/cart\/#breadcrumb\"},\"inLanguage\":\"ru-RU\",\"potentialAction\":[{\"@type\":\"ReadAction\",\"target\":[\"https:\/\/fempowerment.se\/ru\/cart\/\"]}]},{\"@type\":\"BreadcrumbList\",\"@id\":\"https:\/\/fempowerment.se\/ru\/cart\/#breadcrumb\",\"itemListElement\":[{\"@type\":\"ListItem\",\"position\":1,\"name\":\"Hem\",\"item\":\"https:\/\/fempowerment.se\/ru\/\"},{\"@type\":\"ListItem\",\"position\":2,\"name\":\"Cart\"}]},{\"@type\":\"WebSite\",\"@id\":\"https:\/\/fempowerment.se\/ru\/#website\",\"url\":\"https:\/\/fempowerment.se\/ru\/\",\"name\":\"Fempowerment.se\",\"description\":\"Kvinno- och st\u00f6djouren Fempowerment st\u00f6djer, hj\u00e4lper och erbjuder gratis juridisk r\u00e5dgivning p\u00e5 olika spr\u00e5k till v\u00e5ldsutsatta kvinnor, tjejer och ickebin\u00e4ra.\",\"publisher\":{\"@id\":\"https:\/\/fempowerment.se\/ru\/#organization\"},\"potentialAction\":[{\"@type\":\"SearchAction\",\"target\":{\"@type\":\"EntryPoint\",\"urlTemplate\":\"https:\/\/fempowerment.se\/ru\/?s={search_term_string}\"},\"query-input\":\"required name=search_term_string\"}],\"inLanguage\":\"ru-RU\"},{\"@type\":\"Organization\",\"@id\":\"https:\/\/fempowerment.se\/ru\/#organization\",\"name\":\"Fempowerment.se\",\"url\":\"https:\/\/fempowerment.se\/ru\/\",\"logo\":{\"@type\":\"ImageObject\",\"inLanguage\":\"ru-RU\",\"@id\":\"https:\/\/fempowerment.se\/ru\/#\/schema\/logo\/image\/\",\"url\":\"https:\/\/fempowerment.se\/wp-content\/uploads\/2019\/12\/Fpower_3_vit-1-e1576083389343.png\",\"contentUrl\":\"https:\/\/fempowerment.se\/wp-content\/uploads\/2019\/12\/Fpower_3_vit-1-e1576083389343.png\",\"width\":263,\"height\":36,\"caption\":\"Fempowerment.se\"},\"image\":{\"@id\":\"https:\/\/fempowerment.se\/ru\/#\/schema\/logo\/image\/\"}}]}<\/script>\n<!-- \/ Yoast SEO plugin. -->","yoast_head_json":{"title":"Cart - Fempowerment.se","robots":{"index":"index","follow":"follow","max-snippet":"max-snippet:-1","max-image-preview":"max-image-preview:large","max-video-preview":"max-video-preview:-1"},"canonical":"https:\/\/fempowerment.se\/ru\/cart\/","og_locale":"ru_RU","og_type":"article","og_title":"Cart - Fempowerment.se","og_url":"https:\/\/fempowerment.se\/ru\/cart\/","og_site_name":"Fempowerment.se","twitter_card":"summary_large_image","schema":{"@context":"https:\/\/schema.org","@graph":[{"@type":"WebPage","@id":"https:\/\/fempowerment.se\/ru\/cart\/","url":"https:\/\/fempowerment.se\/ru\/cart\/","name":"Cart - Fempowerment.se","isPartOf":{"@id":"https:\/\/fempowerment.se\/ru\/#website"},"datePublished":"2023-01-10T09:08:35+00:00","dateModified":"2023-01-10T09:08:35+00:00","breadcrumb":{"@id":"https:\/\/fempowerment.se\/ru\/cart\/#breadcrumb"},"inLanguage":"ru-RU","potentialAction":[{"@type":"ReadAction","target":["https:\/\/fempowerment.se\/ru\/cart\/"]}]},{"@type":"BreadcrumbList","@id":"https:\/\/fempowerment.se\/ru\/cart\/#breadcrumb","itemListElement":[{"@type":"ListItem","position":1,"name":"Hem","item":"https:\/\/fempowerment.se\/ru\/"},{"@type":"ListItem","position":2,"name":"Cart"}]},{"@type":"WebSite","@id":"https:\/\/fempowerment.se\/ru\/#website","url":"https:\/\/fempowerment.se\/ru\/","name":"Fempowerment.se","description":"Kvinno- och st\u00f6djouren Fempowerment st\u00f6djer, hj\u00e4lper och erbjuder gratis juridisk r\u00e5dgivning p\u00e5 olika spr\u00e5k till v\u00e5ldsutsatta kvinnor, tjejer och ickebin\u00e4ra.","publisher":{"@id":"https:\/\/fempowerment.se\/ru\/#organization"},"potentialAction":[{"@type":"SearchAction","target":{"@type":"EntryPoint","urlTemplate":"https:\/\/fempowerment.se\/ru\/?s={search_term_string}"},"query-input":"required name=search_term_string"}],"inLanguage":"ru-RU"},{"@type":"Organization","@id":"https:\/\/fempowerment.se\/ru\/#organization","name":"Fempowerment.se","url":"https:\/\/fempowerment.se\/ru\/","logo":{"@type":"ImageObject","inLanguage":"ru-RU","@id":"https:\/\/fempowerment.se\/ru\/#\/schema\/logo\/image\/","url":"https:\/\/fempowerment.se\/wp-content\/uploads\/2019\/12\/Fpower_3_vit-1-e1576083389343.png","contentUrl":"https:\/\/fempowerment.se\/wp-content\/uploads\/2019\/12\/Fpower_3_vit-1-e1576083389343.png","width":263,"height":36,"caption":"Fempowerment.se"},"image":{"@id":"https:\/\/fempowerment.se\/ru\/#\/schema\/logo\/image\/"}}]}},"_links":{"self":[{"href":"https:\/\/fempowerment.se\/ru\/wp-json\/wp\/v2\/pages\/6065"}],"collection":[{"href":"https:\/\/fempowerment.se\/ru\/wp-json\/wp\/v2\/pages"}],"about":[{"href":"https:\/\/fempowerment.se\/ru\/wp-json\/wp\/v2\/types\/page"}],"author":[{"embeddable":true,"href":"https:\/\/fempowerment.se\/ru\/wp-json\/wp\/v2\/users\/1"}],"replies":[{"embeddable":true,"href":"https:\/\/fempowerment.se\/ru\/wp-json\/wp\/v2\/comments?post=6065"}],"version-history":[{"count":0,"href":"https:\/\/fempowerment.se\/ru\/wp-json\/wp\/v2\/pages\/6065\/revisions"}],"wp:attachment":[{"href":"https:\/\/fempowerment.se\/ru\/wp-json\/wp\/v2\/media?parent=6065"}],"curies":[{"name":"wp","href":"https:\/\/api.w.org\/{rel}","templated":true}]}}