{"id":61,"date":"2018-08-16T10:19:41","date_gmt":"2018-08-16T10:19:41","guid":{"rendered":"https:\/\/demo.themegrill.com\/zakra-charity\/?page_id=61"},"modified":"2025-07-09T12:47:45","modified_gmt":"2025-07-09T10:47:45","slug":"om-oss","status":"publish","type":"page","link":"https:\/\/fempowerment.se\/ru\/om-oss\/","title":{"rendered":"OM OSS"},"content":{"rendered":"\t\t<div data-elementor-type=\"wp-post\" data-elementor-id=\"61\" class=\"elementor elementor-61\" data-elementor-post-type=\"page\">\n\t\t\t\t\t\t\t\t\t<section class=\"elementor-section elementor-top-section elementor-element elementor-element-6fd04e50 elementor-section-boxed elementor-section-height-default elementor-section-height-default\" data-id=\"6fd04e50\" data-element_type=\"section\">\n\t\t\t\t\t\t<div class=\"elementor-container elementor-column-gap-no\">\n\t\t\t\t\t<div class=\"elementor-column elementor-col-100 elementor-top-column elementor-element elementor-element-12d8147e\" data-id=\"12d8147e\" data-element_type=\"column\" data-settings=\"{&quot;background_background&quot;:&quot;classic&quot;}\">\n\t\t\t<div class=\"elementor-widget-wrap elementor-element-populated\">\n\t\t\t\t\t\t\t\t<div class=\"elementor-element elementor-element-2110c3b elementor-widget elementor-widget-spacer\" data-id=\"2110c3b\" data-element_type=\"widget\" data-widget_type=\"spacer.default\">\n\t\t\t\t<div class=\"elementor-widget-container\">\n\t\t\t\t\t<div class=\"elementor-spacer\">\n\t\t\t<div class=\"elementor-spacer-inner\"><\/div>\n\t\t<\/div>\n\t\t\t\t<\/div>\n\t\t\t\t<\/div>\n\t\t\t\t<div class=\"elementor-element elementor-element-7afe1e7c elementor-widget elementor-widget-heading\" data-id=\"7afe1e7c\" data-element_type=\"widget\" data-widget_type=\"heading.default\">\n\t\t\t\t<div class=\"elementor-widget-container\">\n\t\t\t<h1 class=\"elementor-heading-title elementor-size-default\">OM OSS<\/h1>\t\t<\/div>\n\t\t\t\t<\/div>\n\t\t\t\t<section class=\"elementor-section elementor-inner-section elementor-element elementor-element-1cac7f01 elementor-section-content-middle elementor-section-boxed elementor-section-height-default elementor-section-height-default\" data-id=\"1cac7f01\" data-element_type=\"section\">\n\t\t\t\t\t\t<div class=\"elementor-container elementor-column-gap-no\">\n\t\t\t\t\t<div class=\"elementor-column elementor-col-50 elementor-inner-column elementor-element elementor-element-5d9a61c0\" data-id=\"5d9a61c0\" data-element_type=\"column\">\n\t\t\t<div class=\"elementor-widget-wrap elementor-element-populated\">\n\t\t\t\t\t\t\t\t<div class=\"elementor-element elementor-element-27c34250 elementor-widget elementor-widget-text-editor\" data-id=\"27c34250\" data-element_type=\"widget\" data-widget_type=\"text-editor.default\">\n\t\t\t\t<div class=\"elementor-widget-container\">\n\t\t\t\t\t\t\t<p><strong>Fempowerment \u00e4r en ideell st\u00f6d- och kvinnojour som st\u00f6ttar tjejer, kvinnor och transpersoner med utomnordisk bakgrund som \u00e4r utsatta f\u00f6r v\u00e5ld. Hos oss kan du f\u00e5 hj\u00e4lp, st\u00f6d och kostnadsfri juridisk r\u00e5dgivning p\u00e5 flera olika spr\u00e5k. Vi \u00e4r en feministisk och antirasistisk organisation som \u00e4r religi\u00f6st och politiskt obundet.<\/strong><\/p><h3><strong>Vi finns h\u00e4r f\u00f6r dig<\/strong><\/h3><p>Om du \u00e4r utsatt f\u00f6r v\u00e5ld eller beh\u00f6ver st\u00f6d, \u00e4r du varmt v\u00e4lkommen att v\u00e4nda dig till oss. Vi har l\u00e5ng erfarenhet av att hj\u00e4lpa v\u00e5ldsutsatta och vet hur viktigt det \u00e4r att f\u00e5 st\u00f6d p\u00e5 sitt eget spr\u00e5k. D\u00e4rf\u00f6r erbjuder vi hj\u00e4lp p\u00e5 flera olika spr\u00e5k genom:<\/p><ul><li>V\u00e5r rikst\u00e4ckande st\u00f6dtelefon<\/li><li>St\u00f6dchatt<\/li><li>Samtalsmottagning<\/li><li>Samtalsgrupper<\/li><li>Praktisk hj\u00e4lp och st\u00f6d i kontakt med myndigheter bland annat socialtj\u00e4nsten, polis, kronofogden, domstolen m.m.<\/li><\/ul><p>V\u00e5ra utbildade kuratorer och engagerade st\u00f6dvolont\u00e4rer finns h\u00e4r f\u00f6r att lyssna och ge det st\u00f6d du beh\u00f6ver.<\/p><h3><strong>Vi arbetar f\u00f6r f\u00f6r\u00e4ndring<\/strong><\/h3><p>F\u00f6rutom att st\u00f6tta v\u00e5ldsutsatta arbetar vi ocks\u00e5 f\u00f6r att f\u00f6rebygga v\u00e5ld genom att sprida kunskap och p\u00e5verka samh\u00e4llet. Vi h\u00e5ller utbildningar och f\u00f6rel\u00e4sningar om v\u00e5ld i n\u00e4ra relationer, dess konsekvenser och v\u00e5ldsutsattas r\u00e4ttigheter. Vi har f\u00f6rel\u00e4st p\u00e5 myndigheter, skolor (gymnasie- och SFI) och arbetsplatser.<\/p><p style=\"font-size: 16px; font-style: normal; font-weight: 400; letter-spacing: 0.16px;\"><strong>Vill du veta mer eller samarbeta?<\/strong><br \/>H\u00f6r av dig till oss p\u00e5 <strong><a rel=\"noopener\">info@fempowerment.se<\/a><\/strong> om du vill boka en f\u00f6rel\u00e4sning eller samarbeta med oss.<\/p><p>H\u00e4r kan du l\u00e4sa v\u00e5r stadga: <a href=\"https:\/\/fempowerment.se\/wp-content\/uploads\/2025\/01\/Fempowerments-stadgar.pdf\">Fempowerments stadgar<\/a>.<\/p>\t\t\t\t\t\t<\/div>\n\t\t\t\t<\/div>\n\t\t\t\t\t<\/div>\n\t\t<\/div>\n\t\t\t\t<div class=\"elementor-column elementor-col-50 elementor-inner-column elementor-element elementor-element-0769154\" data-id=\"0769154\" data-element_type=\"column\">\n\t\t\t<div class=\"elementor-widget-wrap elementor-element-populated\">\n\t\t\t\t\t\t\t\t<div class=\"elementor-element elementor-element-c22e07f elementor-widget elementor-widget-image\" data-id=\"c22e07f\" data-element_type=\"widget\" data-widget_type=\"image.default\">\n\t\t\t\t<div class=\"elementor-widget-container\">\n\t\t\t\t\t\t\t\t\t\t\t\t\t\t\t<img decoding=\"async\" width=\"845\" height=\"1024\" src=\"https:\/\/fempowerment.se\/wp-content\/uploads\/2024\/08\/Image-3.jpeg\" class=\"attachment-full size-full wp-image-8042\" alt=\"\" loading=\"lazy\" srcset=\"https:\/\/fempowerment.se\/wp-content\/uploads\/2024\/08\/Image-3.jpeg 845w, https:\/\/fempowerment.se\/wp-content\/uploads\/2024\/08\/Image-3-248x300.jpeg 248w, https:\/\/fempowerment.se\/wp-content\/uploads\/2024\/08\/Image-3-768x931.jpeg 768w, https:\/\/fempowerment.se\/wp-content\/uploads\/2024\/08\/Image-3-600x727.jpeg 600w\" sizes=\"(max-width: 845px) 100vw, 845px\" \/>\t\t\t\t\t\t\t\t\t\t\t\t\t\t\t<\/div>\n\t\t\t\t<\/div>\n\t\t\t\t\t<\/div>\n\t\t<\/div>\n\t\t\t\t\t\t\t<\/div>\n\t\t<\/section>\n\t\t\t\t\t<\/div>\n\t\t<\/div>\n\t\t\t\t\t\t\t<\/div>\n\t\t<\/section>\n\t\t\t\t<section class=\"elementor-section elementor-top-section elementor-element elementor-element-775c5ac elementor-section-boxed elementor-section-height-default elementor-section-height-default\" data-id=\"775c5ac\" data-element_type=\"section\">\n\t\t\t\t\t\t<div class=\"elementor-container elementor-column-gap-default\">\n\t\t\t\t\t<div class=\"elementor-column elementor-col-100 elementor-top-column elementor-element elementor-element-f6fba82\" data-id=\"f6fba82\" data-element_type=\"column\" data-settings=\"{&quot;background_background&quot;:&quot;classic&quot;}\">\n\t\t\t<div class=\"elementor-widget-wrap elementor-element-populated\">\n\t\t\t\t\t\t\t\t<div class=\"elementor-element elementor-element-3d89df9 elementor-widget elementor-widget-heading\" data-id=\"3d89df9\" data-element_type=\"widget\" data-widget_type=\"heading.default\">\n\t\t\t\t<div class=\"elementor-widget-container\">\n\t\t\t<h2 class=\"elementor-heading-title elementor-size-default\">Fempowerments styrelse<\/h2>\t\t<\/div>\n\t\t\t\t<\/div>\n\t\t\t\t<section class=\"elementor-section elementor-inner-section elementor-element elementor-element-9debebb elementor-section-boxed elementor-section-height-default elementor-section-height-default\" data-id=\"9debebb\" data-element_type=\"section\">\n\t\t\t\t\t\t<div class=\"elementor-container elementor-column-gap-default\">\n\t\t\t\t\t<div class=\"elementor-column elementor-col-50 elementor-inner-column elementor-element elementor-element-a756f28\" data-id=\"a756f28\" data-element_type=\"column\">\n\t\t\t<div class=\"elementor-widget-wrap elementor-element-populated\">\n\t\t\t\t\t\t\t\t<div class=\"elementor-element elementor-element-5e5e3f6 elementor-widget elementor-widget-text-editor\" data-id=\"5e5e3f6\" data-element_type=\"widget\" data-widget_type=\"text-editor.default\">\n\t\t\t\t<div class=\"elementor-widget-container\">\n\t\t\t\t\t\t\t<p><strong>Ordf\u00f6rande<\/strong><br \/>Hermela Embaye<\/p><p><strong>Vice ordf\u00f6rande<\/strong><\/p><p>Eleni Skordilis<\/p><p><strong style=\"font-style: inherit; color: var( --e-global-color-text ); letter-spacing: -0.7px;\">Kass\u00f6r<\/strong><\/p><p><span style=\"letter-spacing: -0.7px;\">Alexandra Lee<\/span><\/p>\t\t\t\t\t\t<\/div>\n\t\t\t\t<\/div>\n\t\t\t\t\t<\/div>\n\t\t<\/div>\n\t\t\t\t<div class=\"elementor-column elementor-col-50 elementor-inner-column elementor-element elementor-element-e22d37b\" data-id=\"e22d37b\" data-element_type=\"column\">\n\t\t\t<div class=\"elementor-widget-wrap elementor-element-populated\">\n\t\t\t\t\t\t\t\t<div class=\"elementor-element elementor-element-bedac3d elementor-widget elementor-widget-text-editor\" data-id=\"bedac3d\" data-element_type=\"widget\" data-widget_type=\"text-editor.default\">\n\t\t\t\t<div class=\"elementor-widget-container\">\n\t\t\t\t\t\t\t<p><strong>Ledam\u00f6ter<\/strong><\/p>\n<p><span style=\"color: var( --e-global-color-text ); font-size: 1.6rem; letter-spacing: -0.7px; font-style: inherit; font-weight: inherit;\">Asli Elif Sakalli<\/span><\/p>\n<p>Sofia Ljung<\/p>\n<p><span style=\"font-weight: 600; letter-spacing: -0.7px;\">Kontakta styrelsen:<\/span><span style=\"letter-spacing: -0.7px;\">&nbsp;<\/span><span style=\"letter-spacing: -0.7px; text-decoration-line: underline;\"><a href=\"https:\/\/fempowerment.se\/om-oss\/styrelsen@fempowerment.se\">styrelsen@fempowerment.se<\/a><\/span><span style=\"letter-spacing: -0.7px; color: var( --e-global-color-text ); font-size: 1.6rem;\"><br><\/span><\/p>\n<p>I&nbsp;<a href=\"https:\/\/fempowerment.se\/wp-content\/uploads\/2020\/03\/Fempowerments-Integritetspolicy-2018-05-17-.pdf\">Fempowerments Integritetspolicy 2018-05-1&nbsp;<\/a>finns information om hur vi hanterar k\u00e4nsliga personuppgifter.<\/p>\t\t\t\t\t\t<\/div>\n\t\t\t\t<\/div>\n\t\t\t\t\t<\/div>\n\t\t<\/div>\n\t\t\t\t\t\t\t<\/div>\n\t\t<\/section>\n\t\t\t\t\t<\/div>\n\t\t<\/div>\n\t\t\t\t\t\t\t<\/div>\n\t\t<\/section>\n\t\t\t\t<section class=\"elementor-section elementor-top-section elementor-element elementor-element-d8f4e4c elementor-section-boxed elementor-section-height-default elementor-section-height-default\" data-id=\"d8f4e4c\" data-element_type=\"section\">\n\t\t\t\t\t\t<div class=\"elementor-container elementor-column-gap-default\">\n\t\t\t\t\t<div class=\"elementor-column elementor-col-100 elementor-top-column elementor-element elementor-element-a1d47f8\" data-id=\"a1d47f8\" data-element_type=\"column\">\n\t\t\t<div class=\"elementor-widget-wrap elementor-element-populated\">\n\t\t\t\t\t\t\t\t<section class=\"elementor-section elementor-inner-section elementor-element elementor-element-49dd1e6 elementor-section-boxed elementor-section-height-default elementor-section-height-default\" data-id=\"49dd1e6\" data-element_type=\"section\">\n\t\t\t\t\t\t<div class=\"elementor-container elementor-column-gap-default\">\n\t\t\t\t\t<div class=\"elementor-column elementor-col-50 elementor-inner-column elementor-element elementor-element-7ba0132\" data-id=\"7ba0132\" data-element_type=\"column\">\n\t\t\t<div class=\"elementor-widget-wrap elementor-element-populated\">\n\t\t\t\t\t\t\t\t<div class=\"elementor-element elementor-element-492fb0f elementor-widget elementor-widget-heading\" data-id=\"492fb0f\" data-element_type=\"widget\" data-widget_type=\"heading.default\">\n\t\t\t\t<div class=\"elementor-widget-container\">\n\t\t\t<h2 class=\"elementor-heading-title elementor-size-default\">Kontakt<\/h2>\t\t<\/div>\n\t\t\t\t<\/div>\n\t\t\t\t<div class=\"elementor-element elementor-element-d55a0fc elementor-widget elementor-widget-text-editor\" data-id=\"d55a0fc\" data-element_type=\"widget\" data-widget_type=\"text-editor.default\">\n\t\t\t\t<div class=\"elementor-widget-container\">\n\t\t\t\t\t\t\t<p style=\"margin: 0cm;\"><strong>Kansli<\/strong><\/p>\n<p style=\"margin: 0cm;\">Mejl: info@fempowerment.se<br><span style=\"font-style: inherit;\">Kanslitelefon: 08-21 39 00 <\/span><\/p>\n<p style=\"margin: 0cm;\"><span style=\"font-style: inherit;\">Adress: Livdjursgatan 4<\/span><\/p>\n<p><\/p>\n<p style=\"margin: 0cm;\"><strong>St\u00f6dtelefon f\u00f6r v\u00e5ldsutsatta och yrkesverksamma<\/strong><\/p>\n<p style=\"margin: 0cm;\">Mejl: jour@fempowerment.se<\/p>\n<p style=\"margin: 0cm;\">St\u00f6dtelefon: <b><\/b>020-33 99 00<\/p>\t\t\t\t\t\t<\/div>\n\t\t\t\t<\/div>\n\t\t\t\t\t<\/div>\n\t\t<\/div>\n\t\t\t\t<div class=\"elementor-column elementor-col-50 elementor-inner-column elementor-element elementor-element-c20a6cb\" data-id=\"c20a6cb\" data-element_type=\"column\">\n\t\t\t<div class=\"elementor-widget-wrap elementor-element-populated\">\n\t\t\t\t\t\t\t\t<div class=\"elementor-element elementor-element-201d49c elementor-widget elementor-widget-spacer\" data-id=\"201d49c\" data-element_type=\"widget\" data-widget_type=\"spacer.default\">\n\t\t\t\t<div class=\"elementor-widget-container\">\n\t\t\t\t\t<div class=\"elementor-spacer\">\n\t\t\t<div class=\"elementor-spacer-inner\"><\/div>\n\t\t<\/div>\n\t\t\t\t<\/div>\n\t\t\t\t<\/div>\n\t\t\t\t<div class=\"elementor-element elementor-element-b5f3f74 elementor-widget elementor-widget-google_maps\" data-id=\"b5f3f74\" data-element_type=\"widget\" data-widget_type=\"google_maps.default\">\n\t\t\t\t<div class=\"elementor-widget-container\">\n\t\t\t\t\t<div class=\"elementor-custom-embed\">\n\t\t\t<iframe loading=\"lazy\"\n\t\t\t\t\tsrc=\"https:\/\/maps.google.com\/maps?q=Livdjursgatan%204&#038;t=m&#038;z=10&#038;output=embed&#038;iwloc=near\"\n\t\t\t\t\ttitle=\"Livdjursgatan 4\"\n\t\t\t\t\taria-label=\"Livdjursgatan 4\"\n\t\t\t><\/iframe>\n\t\t<\/div>\n\t\t\t\t<\/div>\n\t\t\t\t<\/div>\n\t\t\t\t\t<\/div>\n\t\t<\/div>\n\t\t\t\t\t\t\t<\/div>\n\t\t<\/section>\n\t\t\t\t\t<\/div>\n\t\t<\/div>\n\t\t\t\t\t\t\t<\/div>\n\t\t<\/section>\n\t\t\t\t\t\t\t<\/div>\n\t\t","protected":false},"excerpt":{"rendered":"<p>OM OSS Fempowerment \u00e4r en ideell st\u00f6d- och kvinnojour som st\u00f6ttar tjejer, kvinnor och transpersoner med utomnordisk bakgrund som \u00e4r utsatta f\u00f6r v\u00e5ld. Hos oss kan du f\u00e5 hj\u00e4lp, st\u00f6d och kostnadsfri juridisk r\u00e5dgivning p\u00e5 flera olika spr\u00e5k. Vi \u00e4r en feministisk och antirasistisk organisation som \u00e4r religi\u00f6st och politiskt obundet. Vi finns h\u00e4r f\u00f6r [&hellip;]<\/p>\n","protected":false},"author":1,"featured_media":0,"parent":0,"menu_order":0,"comment_status":"closed","ping_status":"closed","template":"elementor_header_footer","meta":[],"yoast_head":"<!-- This site is optimized with the Yoast SEO plugin v20.13 - https:\/\/yoast.com\/wordpress\/plugins\/seo\/ -->\n<title>OM OSS - Fempowerment.se<\/title>\n<meta name=\"robots\" content=\"index, follow, max-snippet:-1, max-image-preview:large, max-video-preview:-1\" \/>\n<link rel=\"canonical\" href=\"https:\/\/fempowerment.se\/ru\/om-oss\/\" \/>\n<meta property=\"og:locale\" content=\"ru_RU\" \/>\n<meta property=\"og:type\" content=\"article\" \/>\n<meta property=\"og:title\" content=\"OM OSS - Fempowerment.se\" \/>\n<meta property=\"og:description\" content=\"OM OSS Fempowerment \u00e4r en ideell st\u00f6d- och kvinnojour som st\u00f6ttar tjejer, kvinnor och transpersoner med utomnordisk bakgrund som \u00e4r utsatta f\u00f6r v\u00e5ld. Hos oss kan du f\u00e5 hj\u00e4lp, st\u00f6d och kostnadsfri juridisk r\u00e5dgivning p\u00e5 flera olika spr\u00e5k. Vi \u00e4r en feministisk och antirasistisk organisation som \u00e4r religi\u00f6st och politiskt obundet. Vi finns h\u00e4r f\u00f6r [&hellip;]\" \/>\n<meta property=\"og:url\" content=\"https:\/\/fempowerment.se\/ru\/om-oss\/\" \/>\n<meta property=\"og:site_name\" content=\"Fempowerment.se\" \/>\n<meta property=\"article:modified_time\" content=\"2025-07-09T10:47:45+00:00\" \/>\n<meta property=\"og:image\" content=\"https:\/\/fempowerment.se\/wp-content\/uploads\/2024\/08\/Image-3.jpeg\" \/>\n<meta name=\"twitter:card\" content=\"summary_large_image\" \/>\n<meta name=\"twitter:label1\" content=\"\u041f\u0440\u0438\u043c\u0435\u0440\u043d\u043e\u0435 \u0432\u0440\u0435\u043c\u044f \u0434\u043b\u044f \u0447\u0442\u0435\u043d\u0438\u044f\" \/>\n\t<meta name=\"twitter:data1\" content=\"2 \u043c\u0438\u043d\u0443\u0442\u044b\" \/>\n<script type=\"application\/ld+json\" class=\"yoast-schema-graph\">{\"@context\":\"https:\/\/schema.org\",\"@graph\":[{\"@type\":\"WebPage\",\"@id\":\"https:\/\/fempowerment.se\/ru\/om-oss\/\",\"url\":\"https:\/\/fempowerment.se\/ru\/om-oss\/\",\"name\":\"OM OSS - Fempowerment.se\",\"isPartOf\":{\"@id\":\"https:\/\/fempowerment.se\/ru\/#website\"},\"datePublished\":\"2018-08-16T10:19:41+00:00\",\"dateModified\":\"2025-07-09T10:47:45+00:00\",\"breadcrumb\":{\"@id\":\"https:\/\/fempowerment.se\/ru\/om-oss\/#breadcrumb\"},\"inLanguage\":\"ru-RU\",\"potentialAction\":[{\"@type\":\"ReadAction\",\"target\":[\"https:\/\/fempowerment.se\/ru\/om-oss\/\"]}]},{\"@type\":\"BreadcrumbList\",\"@id\":\"https:\/\/fempowerment.se\/ru\/om-oss\/#breadcrumb\",\"itemListElement\":[{\"@type\":\"ListItem\",\"position\":1,\"name\":\"Hem\",\"item\":\"https:\/\/fempowerment.se\/ru\/\"},{\"@type\":\"ListItem\",\"position\":2,\"name\":\"OM OSS\"}]},{\"@type\":\"WebSite\",\"@id\":\"https:\/\/fempowerment.se\/ru\/#website\",\"url\":\"https:\/\/fempowerment.se\/ru\/\",\"name\":\"Fempowerment.se\",\"description\":\"Kvinno- och st\u00f6djouren Fempowerment st\u00f6djer, hj\u00e4lper och erbjuder gratis juridisk r\u00e5dgivning p\u00e5 olika spr\u00e5k till v\u00e5ldsutsatta kvinnor, tjejer och ickebin\u00e4ra.\",\"publisher\":{\"@id\":\"https:\/\/fempowerment.se\/ru\/#organization\"},\"potentialAction\":[{\"@type\":\"SearchAction\",\"target\":{\"@type\":\"EntryPoint\",\"urlTemplate\":\"https:\/\/fempowerment.se\/ru\/?s={search_term_string}\"},\"query-input\":\"required name=search_term_string\"}],\"inLanguage\":\"ru-RU\"},{\"@type\":\"Organization\",\"@id\":\"https:\/\/fempowerment.se\/ru\/#organization\",\"name\":\"Fempowerment.se\",\"url\":\"https:\/\/fempowerment.se\/ru\/\",\"logo\":{\"@type\":\"ImageObject\",\"inLanguage\":\"ru-RU\",\"@id\":\"https:\/\/fempowerment.se\/ru\/#\/schema\/logo\/image\/\",\"url\":\"https:\/\/fempowerment.se\/wp-content\/uploads\/2019\/12\/Fpower_3_vit-1-e1576083389343.png\",\"contentUrl\":\"https:\/\/fempowerment.se\/wp-content\/uploads\/2019\/12\/Fpower_3_vit-1-e1576083389343.png\",\"width\":263,\"height\":36,\"caption\":\"Fempowerment.se\"},\"image\":{\"@id\":\"https:\/\/fempowerment.se\/ru\/#\/schema\/logo\/image\/\"}}]}<\/script>\n<!-- \/ Yoast SEO plugin. -->","yoast_head_json":{"title":"OM OSS - Fempowerment.se","robots":{"index":"index","follow":"follow","max-snippet":"max-snippet:-1","max-image-preview":"max-image-preview:large","max-video-preview":"max-video-preview:-1"},"canonical":"https:\/\/fempowerment.se\/ru\/om-oss\/","og_locale":"ru_RU","og_type":"article","og_title":"OM OSS - Fempowerment.se","og_description":"OM OSS Fempowerment \u00e4r en ideell st\u00f6d- och kvinnojour som st\u00f6ttar tjejer, kvinnor och transpersoner med utomnordisk bakgrund som \u00e4r utsatta f\u00f6r v\u00e5ld. Hos oss kan du f\u00e5 hj\u00e4lp, st\u00f6d och kostnadsfri juridisk r\u00e5dgivning p\u00e5 flera olika spr\u00e5k. Vi \u00e4r en feministisk och antirasistisk organisation som \u00e4r religi\u00f6st och politiskt obundet. Vi finns h\u00e4r f\u00f6r [&hellip;]","og_url":"https:\/\/fempowerment.se\/ru\/om-oss\/","og_site_name":"Fempowerment.se","article_modified_time":"2025-07-09T10:47:45+00:00","og_image":[{"url":"https:\/\/fempowerment.se\/wp-content\/uploads\/2024\/08\/Image-3.jpeg"}],"twitter_card":"summary_large_image","twitter_misc":{"\u041f\u0440\u0438\u043c\u0435\u0440\u043d\u043e\u0435 \u0432\u0440\u0435\u043c\u044f \u0434\u043b\u044f \u0447\u0442\u0435\u043d\u0438\u044f":"2 \u043c\u0438\u043d\u0443\u0442\u044b"},"schema":{"@context":"https:\/\/schema.org","@graph":[{"@type":"WebPage","@id":"https:\/\/fempowerment.se\/ru\/om-oss\/","url":"https:\/\/fempowerment.se\/ru\/om-oss\/","name":"OM OSS - Fempowerment.se","isPartOf":{"@id":"https:\/\/fempowerment.se\/ru\/#website"},"datePublished":"2018-08-16T10:19:41+00:00","dateModified":"2025-07-09T10:47:45+00:00","breadcrumb":{"@id":"https:\/\/fempowerment.se\/ru\/om-oss\/#breadcrumb"},"inLanguage":"ru-RU","potentialAction":[{"@type":"ReadAction","target":["https:\/\/fempowerment.se\/ru\/om-oss\/"]}]},{"@type":"BreadcrumbList","@id":"https:\/\/fempowerment.se\/ru\/om-oss\/#breadcrumb","itemListElement":[{"@type":"ListItem","position":1,"name":"Hem","item":"https:\/\/fempowerment.se\/ru\/"},{"@type":"ListItem","position":2,"name":"OM OSS"}]},{"@type":"WebSite","@id":"https:\/\/fempowerment.se\/ru\/#website","url":"https:\/\/fempowerment.se\/ru\/","name":"Fempowerment.se","description":"Kvinno- och st\u00f6djouren Fempowerment st\u00f6djer, hj\u00e4lper och erbjuder gratis juridisk r\u00e5dgivning p\u00e5 olika spr\u00e5k till v\u00e5ldsutsatta kvinnor, tjejer och ickebin\u00e4ra.","publisher":{"@id":"https:\/\/fempowerment.se\/ru\/#organization"},"potentialAction":[{"@type":"SearchAction","target":{"@type":"EntryPoint","urlTemplate":"https:\/\/fempowerment.se\/ru\/?s={search_term_string}"},"query-input":"required name=search_term_string"}],"inLanguage":"ru-RU"},{"@type":"Organization","@id":"https:\/\/fempowerment.se\/ru\/#organization","name":"Fempowerment.se","url":"https:\/\/fempowerment.se\/ru\/","logo":{"@type":"ImageObject","inLanguage":"ru-RU","@id":"https:\/\/fempowerment.se\/ru\/#\/schema\/logo\/image\/","url":"https:\/\/fempowerment.se\/wp-content\/uploads\/2019\/12\/Fpower_3_vit-1-e1576083389343.png","contentUrl":"https:\/\/fempowerment.se\/wp-content\/uploads\/2019\/12\/Fpower_3_vit-1-e1576083389343.png","width":263,"height":36,"caption":"Fempowerment.se"},"image":{"@id":"https:\/\/fempowerment.se\/ru\/#\/schema\/logo\/image\/"}}]}},"_links":{"self":[{"href":"https:\/\/fempowerment.se\/ru\/wp-json\/wp\/v2\/pages\/61"}],"collection":[{"href":"https:\/\/fempowerment.se\/ru\/wp-json\/wp\/v2\/pages"}],"about":[{"href":"https:\/\/fempowerment.se\/ru\/wp-json\/wp\/v2\/types\/page"}],"author":[{"embeddable":true,"href":"https:\/\/fempowerment.se\/ru\/wp-json\/wp\/v2\/users\/1"}],"replies":[{"embeddable":true,"href":"https:\/\/fempowerment.se\/ru\/wp-json\/wp\/v2\/comments?post=61"}],"version-history":[{"count":132,"href":"https:\/\/fempowerment.se\/ru\/wp-json\/wp\/v2\/pages\/61\/revisions"}],"predecessor-version":[{"id":9075,"href":"https:\/\/fempowerment.se\/ru\/wp-json\/wp\/v2\/pages\/61\/revisions\/9075"}],"wp:attachment":[{"href":"https:\/\/fempowerment.se\/ru\/wp-json\/wp\/v2\/media?parent=61"}],"curies":[{"name":"wp","href":"https:\/\/api.w.org\/{rel}","templated":true}]}}